{"id":627,"date":"2017-07-13T05:16:35","date_gmt":"2017-07-13T08:16:35","guid":{"rendered":"http:\/\/saofranciscodosul.tur.br\/novosite\/?page_id=627"},"modified":"2020-11-09T18:00:43","modified_gmt":"2020-11-09T21:00:43","slug":"contato-adm-saofranciscodosul","status":"publish","type":"page","link":"https:\/\/saofranciscodosul.tur.br\/novosite\/contato-adm-saofranciscodosul\/","title":{"rendered":"contato administra\u00e7\u00e3o saofranciscodosul.tur.br"},"content":{"rendered":"<p>&nbsp;<\/p>\n<p style=\"text-align: center;\"><span style=\"font-family: georgia, palatino, serif;\"><strong><span style=\"font-size: 10pt;\">CONTATO ADMINISTRATIVO SAOFRANCISCODOSUL.TUR.BR<\/span><\/strong><\/span><\/p>\n<p><span style=\"font-family: georgia, palatino, serif;\"><strong><span style=\"font-size: 10pt;\">Entre em contato pelo WhatsApp, ou preencha o formul\u00e1rio embaixo:<\/span><\/strong><\/span><\/p>\n<p><span style=\"font-size: 10pt; font-family: 'courier new', courier, monospace;\"><strong>Observa\u00e7\u00e3o: Este formul\u00e1rio deve ser preenchido para fins administrativos ou comerciais, (j\u00e1 anunciantes e Novos Anunciantes )<\/strong><\/span><\/p>\n<p><span style=\"font-family: georgia, palatino, serif;\"><span style=\"font-size: 10pt;\"><strong>**Este formul\u00e1rio n\u00e3o deve ser preenchido para reservas de hospedagem<\/strong><\/span><span style=\"font-size: 10pt;\">, ou consultas das mesmas. As mesmas deveram dirigirse ao contato direto do lugar (pousada, hotel, im\u00f3vel), que consta na pagina de cada um deles.<\/span><\/span><\/p>\n<p style=\"text-align: center;\"><strong><span style=\"font-size: 10pt; font-family: arial, helvetica, sans-serif;\"><span style=\"font-family: georgia, palatino, serif;\">Contato site: (48) 99664-9997<\/span><span style=\"font-size: 10pt;\"><span style=\"font-family: arial, helvetica, sans-serif;\"><br \/>\n<\/span><\/span><\/span><\/strong><\/p>\n<p><strong><span style=\"font-size: 12px;\">CONTATO VIA E-MAIL\u00a0<\/span><span style=\"color: #ff0000;\">\u00a0\u21d3<\/span><\/strong><\/p>\n<p><span style=\"font-family: georgia, palatino, serif; font-size: 10pt;\">Preencha o formul\u00e1rio e lhe responderemos em breve<\/span><\/p>\n<p><span style=\"font-family: georgia, palatino, serif; font-size: 10pt;\">\n<div class=\"wpcf7 no-js\" id=\"wpcf7-f622-o1\" lang=\"pt-BR\" dir=\"ltr\" data-wpcf7-id=\"622\">\n<div class=\"screen-reader-response\"><p role=\"status\" aria-live=\"polite\" aria-atomic=\"true\"><\/p> <ul><\/ul><\/div>\n<form action=\"\/novosite\/wp-json\/wp\/v2\/pages\/627#wpcf7-f622-o1\" method=\"post\" class=\"wpcf7-form init\" aria-label=\"Formul\u00e1rios de contato\" novalidate=\"novalidate\" data-status=\"init\">\n<fieldset class=\"hidden-fields-container\"><input type=\"hidden\" name=\"_wpcf7\" value=\"622\" \/><input type=\"hidden\" name=\"_wpcf7_version\" value=\"6.1.5\" \/><input type=\"hidden\" name=\"_wpcf7_locale\" value=\"pt_BR\" \/><input type=\"hidden\" name=\"_wpcf7_unit_tag\" value=\"wpcf7-f622-o1\" \/><input type=\"hidden\" name=\"_wpcf7_container_post\" value=\"0\" \/><input type=\"hidden\" name=\"_wpcf7_posted_data_hash\" value=\"\" \/>\n<\/fieldset>\n<p>Seu nome (obrigat\u00f3rio)\n<\/p>\n<p><span class=\"wpcf7-form-control-wrap\" data-name=\"your-name\"><input size=\"40\" maxlength=\"400\" class=\"wpcf7-form-control wpcf7-text wpcf7-validates-as-required\" aria-required=\"true\" aria-invalid=\"false\" value=\"\" type=\"text\" name=\"your-name\" \/><\/span>\n<\/p>\n<p>Seu e-mail (obrigat\u00f3rio)\n<\/p>\n<p><span class=\"wpcf7-form-control-wrap\" data-name=\"your-email\"><input size=\"40\" maxlength=\"400\" class=\"wpcf7-form-control wpcf7-email wpcf7-validates-as-required wpcf7-text wpcf7-validates-as-email\" aria-required=\"true\" aria-invalid=\"false\" value=\"\" type=\"email\" name=\"your-email\" \/><\/span>\n<\/p>\n<p>Seu tel (obrigat\u00f3rio)\n<\/p>\n<p><span class=\"wpcf7-form-control-wrap\" data-name=\"telefone\"><input size=\"40\" maxlength=\"400\" class=\"wpcf7-form-control wpcf7-tel wpcf7-text wpcf7-validates-as-tel\" aria-invalid=\"false\" value=\"\" type=\"tel\" name=\"telefone\" \/><\/span>\n<\/p>\n<p>Assunto\n<\/p>\n<p><span class=\"wpcf7-form-control-wrap\" data-name=\"your-subject\"><input size=\"40\" maxlength=\"400\" class=\"wpcf7-form-control wpcf7-text\" aria-invalid=\"false\" value=\"\" type=\"text\" name=\"your-subject\" \/><\/span>\n<\/p>\n<p>Sua mensagem\n<\/p>\n<p><span class=\"wpcf7-form-control-wrap\" data-name=\"your-message\"><textarea cols=\"40\" rows=\"10\" maxlength=\"2000\" class=\"wpcf7-form-control wpcf7-textarea\" aria-invalid=\"false\" name=\"your-message\"><\/textarea><\/span>\n<\/p>\n<p><input class=\"wpcf7-form-control wpcf7-submit has-spinner\" type=\"submit\" value=\"Enviar\" \/>\n<\/p><p style=\"display: none !important;\" class=\"akismet-fields-container\" data-prefix=\"_wpcf7_ak_\"><label>&#916;<textarea name=\"_wpcf7_ak_hp_textarea\" cols=\"45\" rows=\"8\" maxlength=\"100\"><\/textarea><\/label><input type=\"hidden\" id=\"ak_js_1\" name=\"_wpcf7_ak_js\" value=\"161\"\/><script>document.getElementById( \"ak_js_1\" ).setAttribute( \"value\", ( new Date() ).getTime() );<\/script><\/p><input type='hidden' class='wpcf7-pum' value='{\"closepopup\":false,\"closedelay\":0,\"openpopup\":false,\"openpopup_id\":0}' \/><div class=\"wpcf7-response-output\" aria-hidden=\"true\"><\/div>\n<\/form>\n<\/div>\n<\/span><\/p>\n","protected":false},"excerpt":{"rendered":"<p>&nbsp; CONTATO ADMINISTRATIVO SAOFRANCISCODOSUL.TUR.BR Entre em contato pelo WhatsApp, ou preencha o formul\u00e1rio embaixo: Observa\u00e7\u00e3o: Este formul\u00e1rio deve ser preenchido para fins administrativos ou comerciais, (j\u00e1 anunciantes e Novos Anunciantes &hellip;<\/p>\n","protected":false},"author":1,"featured_media":0,"parent":0,"menu_order":0,"comment_status":"closed","ping_status":"closed","template":"","meta":{"ngg_post_thumbnail":0,"_joinchat":{"telephone":"+5548996649997","message_text":"Ol\u00e1 !\nVoc\u00ea entrou em contato com a plataforma de hospedagem e reservas SAOFRANCISCODOSUL.TUR.BR\nPosso lhe ajudar ?\nConsultas e reservas, deve enviar seu whats ao estabelecimento escolhido. O contato deles esta na pagina de cada um dos lugares.","message_send":"mensagem proveniente de saofranciscodosul.tur.br CONTATO ADMINISTRATIVO"},"footnotes":""},"class_list":["post-627","page","type-page","status-publish","hentry"],"aioseo_notices":[],"_links":{"self":[{"href":"https:\/\/saofranciscodosul.tur.br\/novosite\/wp-json\/wp\/v2\/pages\/627","targetHints":{"allow":["GET"]}}],"collection":[{"href":"https:\/\/saofranciscodosul.tur.br\/novosite\/wp-json\/wp\/v2\/pages"}],"about":[{"href":"https:\/\/saofranciscodosul.tur.br\/novosite\/wp-json\/wp\/v2\/types\/page"}],"author":[{"embeddable":true,"href":"https:\/\/saofranciscodosul.tur.br\/novosite\/wp-json\/wp\/v2\/users\/1"}],"replies":[{"embeddable":true,"href":"https:\/\/saofranciscodosul.tur.br\/novosite\/wp-json\/wp\/v2\/comments?post=627"}],"version-history":[{"count":0,"href":"https:\/\/saofranciscodosul.tur.br\/novosite\/wp-json\/wp\/v2\/pages\/627\/revisions"}],"wp:attachment":[{"href":"https:\/\/saofranciscodosul.tur.br\/novosite\/wp-json\/wp\/v2\/media?parent=627"}],"curies":[{"name":"wp","href":"https:\/\/api.w.org\/{rel}","templated":true}]}}