{"id":537,"date":"2017-06-16T16:45:38","date_gmt":"2017-06-16T19:45:38","guid":{"rendered":"http:\/\/localhost\/saofranciscodosul\/?page_id=537"},"modified":"2026-03-02T07:42:25","modified_gmt":"2026-03-02T10:42:25","slug":"hoteis-pousadas","status":"publish","type":"page","link":"https:\/\/saofranciscodosul.tur.br\/novosite\/hoteis-pousadas\/","title":{"rendered":"Hot\u00e9is e pousadas de S\u00e3o Francisco do Sul &#8211; pagina 2"},"content":{"rendered":"<p><span style=\"font-size: 10pt;\">s\u00e3o francisco do sul &gt; pousadas e hot\u00e9is &gt; Enseada &gt; Prainha &gt; pousadas &gt; Ubatuba &gt; Itagua\u00e7u &gt; hotel &gt; praia do capri &gt; centro hist\u00f3rico&nbsp;<\/span><\/p>\n<p style=\"text-align: center;\"><span style=\"font-size: 10pt; color: #ff0000;\"><strong>POUSADAS HOT\u00c9IS DE S\u00c3O FRANCISCO DO SUL &#8211; SC&nbsp; &#8211;<\/strong><\/span><span style=\"font-size: 10pt;\"><strong>&nbsp; PAGINA 2<\/strong><\/span><\/p>\n<p style=\"text-align: center;\"><strong><span style=\"font-family: georgia, palatino, serif; font-size: 10pt;\">Hospedagem nas praias Ubatuba, Itagua\u00e7u, Enseada, Prainha, Capri, Ingleses, centro Hist\u00f3rico<\/span><\/strong><\/p>\n<p>&nbsp;<\/p>\n<hr>\n<p><strong><span style=\"font-size: 10pt;\">HOTEL PORTO DE PAZ<\/span><\/strong><\/p>\n<p><strong><span style=\"font-size: 10pt;\">Praia Itagua\u00e7u<\/span><\/strong><\/p>\n<p><span style=\"font-size: 10pt;\">\t\t<div id=\"grsGal0\" class=\"grsGal0 grsTemplate2\">\t\t\t<div class=\"grsGalCont\" ng-controller=\"grsFilm0\" ng-show=\"params.cssReady\" >\t\t\t\t<grs-film params=\"params\" resize scroll><\/grs-film>\t\t\t<\/div>\t\t<\/div>\t\t\t\t\t<script>\t\t\tvar grsAtts0 = jQuery.parseJSON('{\"id\":\"151\",\"view\":\"Film\",\"theme\":\"2\",\"width\":\"360\",\"height\":\"160\",\"contwidth\":\"100\",\"imagesperpage\":\"20\",\"nav\":\"buttons\",\"title\":\"no\",\"orderby\":\"order\",\"ordering\":\"ASC\",\"clickaction\":\"openLightbox\",\"openlinktarget\":\"_top\",\"lightboxwidth\":\"800\",\"lightboxheight\":\"600\",\"lightboxfilmstrip\":\"undefined\",\"lightboxcomment\":\"undefined\",\"lightboxcontbutts\":\"1\",\"lightboxfullw\":\"1\",\"lightboxfbutt\":\"1\",\"lightboxtbutt\":\"1\",\"lightboxpbutt\":\"1\",\"lightboxtbbutt\":\"1\",\"lightboxlibutt\":\"1\",\"lightboxreddbutt\":\"1\",\"lightboxfsbutt\":\"1\",\"lightboxap\":\"1\",\"lightboxapin\":\"1\",\"lightboximinf\":\"1\",\"lightboxswipe\":\"1\",\"lightboximcn\":\"1\",\"lightboxeffect\":\"fade\",\"themeLastModDate\":\"1499898380\"}');\t\t\tgrsApp.controller('grsFilm0', ['$scope', 'GrsService',\t\t\t\tfunction ($scope, GrsService) {\t\t\t\t\t$scope.params = {\t\t\t\t\t\tshatts: grsAtts0,\t\t\t\t\t\tgrs: '0',\t\t\t\t\t\tdata: {\t\t\t\t\t\t\timages : [],\t\t\t\t\t\t\tcomments: [],\t\t\t\t\t\t\ttheme: {}\t\t\t\t\t\t},\t\t\t\t\t\tcssReady: false\t\t\t\t\t};\t\t\t\t\tinsertCss(grsAtts0, '0');\t\t\t\t}\t\t\t]);\t\t<\/script>\t\t<\/span><\/p>\n<p><span style=\"font-size: 10pt;\">Localizado a metros do mar, na praia Itagua\u00e7u, e a 4 km da Enseada. O Hotel poto de paz, lhe oferece uma infraestrutura para seu conforto e de sua fam\u00edlia, Nossas instala\u00e7\u00f5es contam com jardim, piscina e um delicioso caf\u00e9 da manh\u00e3, num ambiente tranquilo, confort\u00e1vel &#8230;&nbsp;&nbsp;<\/span><\/p>\n<p style=\"text-align: center;\"><strong><span style=\"font-size: 10pt;\"><a href=\"https:\/\/saofranciscodosul.tur.br\/novosite\/itaguacu-hotel-pousada-porto-de-paz\/\" target=\"_blank\" rel=\"noopener\">+ Informa\u00e7\u00f5es, tarifas, reservas<\/a><\/span><\/strong><\/p>\n<hr>\n<p style=\"text-align: left;\"><span style=\"font-size: 12px;\"><strong>POUSADA CANTINHO DA TIA SANDRA<\/strong><\/span><\/p>\n<p><strong><span style=\"font-size: 12px;\">Praia da Enseada<\/span><\/strong><\/p>\n<p><span style=\"font-size: 12px;\">\t\t<div id=\"grsGal1\" class=\"grsGal1 grsTemplate2\">\t\t\t<div class=\"grsGalCont\" ng-controller=\"grsFilm1\" ng-show=\"params.cssReady\" >\t\t\t\t<grs-film params=\"params\" resize scroll><\/grs-film>\t\t\t<\/div>\t\t<\/div>\t\t\t\t\t<script>\t\t\tvar grsAtts1 = jQuery.parseJSON('{\"id\":\"166\",\"view\":\"Film\",\"theme\":\"2\",\"width\":\"360\",\"height\":\"160\",\"contwidth\":\"100\",\"imagesperpage\":\"20\",\"nav\":\"buttons\",\"title\":\"no\",\"orderby\":\"order\",\"ordering\":\"ASC\",\"clickaction\":\"openLightbox\",\"openlinktarget\":\"_top\",\"lightboxwidth\":\"800\",\"lightboxheight\":\"600\",\"lightboxfilmstrip\":\"undefined\",\"lightboxcomment\":\"undefined\",\"lightboxcontbutts\":\"1\",\"lightboxfullw\":\"1\",\"lightboxfbutt\":\"1\",\"lightboxtbutt\":\"1\",\"lightboxpbutt\":\"1\",\"lightboxtbbutt\":\"1\",\"lightboxlibutt\":\"1\",\"lightboxreddbutt\":\"1\",\"lightboxfsbutt\":\"1\",\"lightboxap\":\"1\",\"lightboxapin\":\"5\",\"lightboximinf\":\"1\",\"lightboxswipe\":\"1\",\"lightboximcn\":\"1\",\"lightboxeffect\":\"fade\",\"themeLastModDate\":\"1499898380\"}');\t\t\tgrsApp.controller('grsFilm1', ['$scope', 'GrsService',\t\t\t\tfunction ($scope, GrsService) {\t\t\t\t\t$scope.params = {\t\t\t\t\t\tshatts: grsAtts1,\t\t\t\t\t\tgrs: '1',\t\t\t\t\t\tdata: {\t\t\t\t\t\t\timages : [],\t\t\t\t\t\t\tcomments: [],\t\t\t\t\t\t\ttheme: {}\t\t\t\t\t\t},\t\t\t\t\t\tcssReady: false\t\t\t\t\t};\t\t\t\t\tinsertCss(grsAtts1, '1');\t\t\t\t}\t\t\t]);\t\t<\/script>\t\t<\/span><\/p>\n<p style=\"text-align: left;\"><span style=\"font-size: 13px;\">A pousada encontrase localziada pr\u00f3xima da praia do ubatuba e a 1-15 minutos&nbsp; a p\u00e9 da praia Enseada, num lugar calmo.Dispomos de su\u00edtes com cama de casal, e su\u00edtes para 3, 4 pessoas, com ar condicionado, TV.,&nbsp;&nbsp;Dispomos de uma cozinha para uso dos hospedes com fog\u00e3o, microondas e todos os utensilios de cozinha, &#8230;..<\/span><\/p>\n<p style=\"text-align: center;\"><a href=\"https:\/\/saofranciscodosul.tur.br\/novosite\/hoteis-pousadas-enseada-pousada-cantinho-da-tia-sandra\/\" target=\"_blank\" rel=\"noopener\"><strong><span style=\"font-size: 10pt;\">+ informa\u00e7\u00f5es, tarifas, reservas<\/span><\/strong><\/a><\/p>\n<hr>\n<p style=\"text-align: left;\"><strong><span style=\"font-size: 10pt;\">POUSADA RECANTO DA VAL<\/span><\/strong><\/p>\n<p><strong><span style=\"font-size: 10pt;\">Praia Itagua\u00e7u<\/span><\/strong><\/p>\n<p><span style=\"font-size: 10pt;\">\t\t<div id=\"grsGal2\" class=\"grsGal2 grsTemplate2\">\t\t\t<div class=\"grsGalCont\" ng-controller=\"grsFilm2\" ng-show=\"params.cssReady\" >\t\t\t\t<grs-film params=\"params\" resize scroll><\/grs-film>\t\t\t<\/div>\t\t<\/div>\t\t\t\t\t<script>\t\t\tvar grsAtts2 = jQuery.parseJSON('{\"id\":\"9\",\"view\":\"Film\",\"theme\":\"2\",\"width\":\"360\",\"height\":\"160\",\"contwidth\":\"100\",\"imagesperpage\":\"20\",\"nav\":\"buttons\",\"title\":\"no\",\"orderby\":\"order\",\"ordering\":\"ASC\",\"clickaction\":\"openLightbox\",\"openlinktarget\":\"_top\",\"lightboxwidth\":\"800\",\"lightboxheight\":\"600\",\"lightboxfilmstrip\":\"undefined\",\"lightboxcomment\":\"undefined\",\"lightboxcontbutts\":\"1\",\"lightboxfullw\":\"0\",\"lightboxfbutt\":\"1\",\"lightboxtbutt\":\"1\",\"lightboxpbutt\":\"1\",\"lightboxtbbutt\":\"1\",\"lightboxlibutt\":\"1\",\"lightboxreddbutt\":\"1\",\"lightboxfsbutt\":\"1\",\"lightboxap\":\"1\",\"lightboxapin\":\"2\",\"lightboximinf\":\"1\",\"lightboxswipe\":\"1\",\"lightboximcn\":\"1\",\"lightboxeffect\":\"fade\",\"themeLastModDate\":\"1499898380\"}');\t\t\tgrsApp.controller('grsFilm2', ['$scope', 'GrsService',\t\t\t\tfunction ($scope, GrsService) {\t\t\t\t\t$scope.params = {\t\t\t\t\t\tshatts: grsAtts2,\t\t\t\t\t\tgrs: '2',\t\t\t\t\t\tdata: {\t\t\t\t\t\t\timages : [],\t\t\t\t\t\t\tcomments: [],\t\t\t\t\t\t\ttheme: {}\t\t\t\t\t\t},\t\t\t\t\t\tcssReady: false\t\t\t\t\t};\t\t\t\t\tinsertCss(grsAtts2, '2');\t\t\t\t}\t\t\t]);\t\t<\/script>\t\t<\/span><\/p>\n<p><span style=\"font-size: 10pt;\">Localizada frente ao mar, oferecemos acomoda\u00e7\u00f5es em apartamentos de 2 dormit\u00f3rios, vista da praia, Todas as acomoda\u00e7\u00f5es s\u00e3o equipados com cama box de casal, ar condicionado, ventilador, TV 32\u201d, geladeira, fog\u00e3o, micro-ondas&#8230;. &nbsp;&nbsp;&nbsp;&nbsp;&nbsp;<\/span><\/p>\n<p style=\"text-align: center;\"><strong><span style=\"font-size: 10pt;\"><a href=\"https:\/\/saofranciscodosul.tur.br\/novosite\/itaguacu-pousada-apartamentos-recanto-da-val\/\" target=\"_blank\" rel=\"noopener\">+ Informa\u00e7\u00f5es, tarifas, reservas<\/a><\/span><\/strong><\/p>\n<hr>\n<p style=\"text-align: left;\"><span style=\"font-size: 10pt;\"><strong>POUSADA HAPPY<\/strong><\/span><\/p>\n<p><strong><span style=\"font-size: 10pt;\">Praia Itagua\u00e7u&nbsp;<\/span><\/strong><\/p>\n<p>\t\t<div id=\"grsGal3\" class=\"grsGal3 grsTemplate2\">\t\t\t<div class=\"grsGalCont\" ng-controller=\"grsFilm3\" ng-show=\"params.cssReady\" >\t\t\t\t<grs-film params=\"params\" resize scroll><\/grs-film>\t\t\t<\/div>\t\t<\/div>\t\t\t\t\t<script>\t\t\tvar grsAtts3 = jQuery.parseJSON('{\"id\":\"159\",\"view\":\"Film\",\"theme\":\"2\",\"width\":\"360\",\"height\":\"160\",\"contwidth\":\"100\",\"imagesperpage\":\"20\",\"nav\":\"buttons\",\"title\":\"no\",\"orderby\":\"order\",\"ordering\":\"ASC\",\"clickaction\":\"openLightbox\",\"openlinktarget\":\"_top\",\"lightboxwidth\":\"800\",\"lightboxheight\":\"600\",\"lightboxfilmstrip\":\"undefined\",\"lightboxcomment\":\"undefined\",\"lightboxcontbutts\":\"1\",\"lightboxfullw\":\"1\",\"lightboxfbutt\":\"1\",\"lightboxtbutt\":\"1\",\"lightboxpbutt\":\"1\",\"lightboxtbbutt\":\"1\",\"lightboxlibutt\":\"1\",\"lightboxreddbutt\":\"1\",\"lightboxfsbutt\":\"1\",\"lightboxap\":\"1\",\"lightboxapin\":\"2\",\"lightboximinf\":\"1\",\"lightboxswipe\":\"1\",\"lightboximcn\":\"1\",\"lightboxeffect\":\"fade\",\"themeLastModDate\":\"1499898380\"}');\t\t\tgrsApp.controller('grsFilm3', ['$scope', 'GrsService',\t\t\t\tfunction ($scope, GrsService) {\t\t\t\t\t$scope.params = {\t\t\t\t\t\tshatts: grsAtts3,\t\t\t\t\t\tgrs: '3',\t\t\t\t\t\tdata: {\t\t\t\t\t\t\timages : [],\t\t\t\t\t\t\tcomments: [],\t\t\t\t\t\t\ttheme: {}\t\t\t\t\t\t},\t\t\t\t\t\tcssReady: false\t\t\t\t\t};\t\t\t\t\tinsertCss(grsAtts3, '3');\t\t\t\t}\t\t\t]);\t\t<\/script>\t\t<span style=\"font-size: 10pt;\">Localizado a 400 m da praia, dispomos de apartamentos com cozinha para 4\/5 pessoas e quartos para casal, com ar condicionado, ou ventilador, wi fi,&nbsp; Tv tela plana, frigobar, cozinha comunitaria, jard\u00edm,&#8230;. <\/span>&nbsp;&nbsp;&nbsp;&nbsp;&nbsp;&nbsp;&nbsp;&nbsp;&nbsp;&nbsp;&nbsp;&nbsp;&nbsp;&nbsp;&nbsp;&nbsp;&nbsp;<\/p>\n<p style=\"text-align: center;\"><span style=\"font-size: 10pt;\"><a href=\"https:\/\/saofranciscodosul.tur.br\/novosite\/hoteis-pousadas-itaguacu-pousada-happy\/\" target=\"_blank\" rel=\"noopener\">+ informa\u00e7\u00f5es, tarifas, reservas<\/a><\/span><\/p>\n<hr>\n<p style=\"text-align: left;\"><span style=\"font-size: 12px;\"><strong>POUSADA RECANTO MONTE TRIGO<\/strong><\/span><\/p>\n<p><span style=\"font-size: 12px;\"><strong>Praia de Paulas<\/strong><\/span><\/p>\n<p>\t\t<div id=\"grsGal4\" class=\"grsGal4 grsTemplate2\">\t\t\t<div class=\"grsGalCont\" ng-controller=\"grsFilm4\" ng-show=\"params.cssReady\" >\t\t\t\t<grs-film params=\"params\" resize scroll><\/grs-film>\t\t\t<\/div>\t\t<\/div>\t\t\t\t\t<script>\t\t\tvar grsAtts4 = jQuery.parseJSON('{\"id\":\"164\",\"view\":\"Film\",\"theme\":\"2\",\"width\":\"360\",\"height\":\"160\",\"contwidth\":\"100\",\"imagesperpage\":\"20\",\"nav\":\"buttons\",\"title\":\"onhover\",\"orderby\":\"order\",\"ordering\":\"ASC\",\"clickaction\":\"openLightbox\",\"openlinktarget\":\"_top\",\"lightboxwidth\":\"800\",\"lightboxheight\":\"600\",\"lightboxfilmstrip\":\"undefined\",\"lightboxcomment\":\"undefined\",\"lightboxcontbutts\":\"1\",\"lightboxfullw\":\"1\",\"lightboxfbutt\":\"1\",\"lightboxtbutt\":\"1\",\"lightboxpbutt\":\"1\",\"lightboxtbbutt\":\"1\",\"lightboxlibutt\":\"1\",\"lightboxreddbutt\":\"1\",\"lightboxfsbutt\":\"1\",\"lightboxap\":\"1\",\"lightboxapin\":\"1\",\"lightboximinf\":\"1\",\"lightboxswipe\":\"1\",\"lightboximcn\":\"1\",\"lightboxeffect\":\"fade\",\"themeLastModDate\":\"1499898380\"}');\t\t\tgrsApp.controller('grsFilm4', ['$scope', 'GrsService',\t\t\t\tfunction ($scope, GrsService) {\t\t\t\t\t$scope.params = {\t\t\t\t\t\tshatts: grsAtts4,\t\t\t\t\t\tgrs: '4',\t\t\t\t\t\tdata: {\t\t\t\t\t\t\timages : [],\t\t\t\t\t\t\tcomments: [],\t\t\t\t\t\t\ttheme: {}\t\t\t\t\t\t},\t\t\t\t\t\tcssReady: false\t\t\t\t\t};\t\t\t\t\tinsertCss(grsAtts4, '4');\t\t\t\t}\t\t\t]);\t\t<\/script>\t\t<span style=\"font-size: 12px;\">Localizada pr\u00f3xima da praia dos Ingleses e de Paulas.&nbsp;<\/span><span style=\"font-size: 12px;\">Acomoda\u00e7\u00f5es em quartos, su\u00edtes, cabanas e containers, para 3\/5 pessoas.. Disppmos de unidades com frigobar, unidades com cozinha completa para 4 pessoas,e&nbsp; su\u00edtes containers para 2\/ 4 pessoas, ar acondicionado&#8230;<\/span>&nbsp;&nbsp;&nbsp;&nbsp;&nbsp;<\/p>\n<p style=\"text-align: center;\"><span style=\"font-size: 10pt;\"><a href=\"https:\/\/saofranciscodosul.tur.br\/novosite\/hoteis-pousadas-pousada-recanto-monte-trigo\/\" target=\"_blank\" rel=\"noopener\">+ informa\u00e7\u00f5es, tarifas, reservas<\/a><\/span><\/p>\n<hr>\n<p style=\"text-align: left;\"><strong><span style=\"font-size: 12px;\">POUSADA RAINHA DO MAR<\/span><\/strong><\/p>\n<p>\t\t<div id=\"grsGal5\" class=\"grsGal5 grsTemplate2\">\t\t\t<div class=\"grsGalCont\" ng-controller=\"grsFilm5\" ng-show=\"params.cssReady\" >\t\t\t\t<grs-film params=\"params\" resize scroll><\/grs-film>\t\t\t<\/div>\t\t<\/div>\t\t\t\t\t<script>\t\t\tvar grsAtts5 = jQuery.parseJSON('{\"id\":\"165\",\"view\":\"Film\",\"theme\":\"2\",\"width\":\"360\",\"height\":\"160\",\"contwidth\":\"100\",\"imagesperpage\":\"20\",\"nav\":\"buttons\",\"title\":\"no\",\"orderby\":\"order\",\"ordering\":\"ASC\",\"clickaction\":\"openLightbox\",\"openlinktarget\":\"_top\",\"lightboxwidth\":\"800\",\"lightboxheight\":\"600\",\"lightboxfilmstrip\":\"undefined\",\"lightboxcomment\":\"undefined\",\"lightboxcontbutts\":\"1\",\"lightboxfullw\":\"1\",\"lightboxfbutt\":\"1\",\"lightboxtbutt\":\"1\",\"lightboxpbutt\":\"1\",\"lightboxtbbutt\":\"1\",\"lightboxlibutt\":\"1\",\"lightboxreddbutt\":\"1\",\"lightboxfsbutt\":\"1\",\"lightboxap\":\"1\",\"lightboxapin\":\"1\",\"lightboximinf\":\"1\",\"lightboxswipe\":\"1\",\"lightboximcn\":\"1\",\"lightboxeffect\":\"fade\",\"themeLastModDate\":\"1499898380\"}');\t\t\tgrsApp.controller('grsFilm5', ['$scope', 'GrsService',\t\t\t\tfunction ($scope, GrsService) {\t\t\t\t\t$scope.params = {\t\t\t\t\t\tshatts: grsAtts5,\t\t\t\t\t\tgrs: '5',\t\t\t\t\t\tdata: {\t\t\t\t\t\t\timages : [],\t\t\t\t\t\t\tcomments: [],\t\t\t\t\t\t\ttheme: {}\t\t\t\t\t\t},\t\t\t\t\t\tcssReady: false\t\t\t\t\t};\t\t\t\t\tinsertCss(grsAtts5, '5');\t\t\t\t}\t\t\t]);\t\t<\/script>\t\t<span style=\"font-size: 12px;\">Localizada na estrada em dire\u00e7\u00e3o as praias, na Rodov\u00eda Duque de Caxias, numa \u00e1rea ampla, com piscina, e caf\u00e9 da manh\u00e3.&nbsp;<\/span><span style=\"font-size: 12px;\">Dispomos de quadra de volei, piscina, quartos econ\u00f3micos e de luxo, Su\u00edtes para casal, e para 3. 4 pessoas, com ar condicionado..,,,<\/span>&nbsp;&nbsp;&nbsp;<\/p>\n<p style=\"text-align: center;\"><strong><span style=\"font-size: 10pt;\"><a href=\"https:\/\/saofranciscodosul.tur.br\/novosite\/pousadas-hoteis-pousada-rainha-do-mar\/\" target=\"_blank\" rel=\"noopener\">+ Informa\u00e7\u00f5es, tarifas, reserva<\/a><\/span><\/strong><\/p>\n<hr>\n<p>&nbsp;<\/p>\n<p style=\"text-align: left;\"><span style=\"font-size: 10pt;\"><strong>HOTEL VILLA REAL<\/strong><\/span><\/p>\n<p><strong><span style=\"font-size: 10pt;\">Praia dos Ingleses<\/span><\/strong><\/p>\n<p><span style=\"font-size: 10pt;\">Praia dos Ingleses &#8211; Rua Francisco Machado de Souza, 1135 &#8211;&nbsp;Fone: (47) 3471.5800<\/span><\/p>\n<p style=\"text-align: center;\"><span style=\"font-size: 10pt;\"><strong>veja mais<\/strong><\/span><\/p>\n<hr>\n<p style=\"text-align: left;\"><span style=\"font-size: 10pt;\"><strong>MORADAS DO BOSQUE<\/strong><\/span><\/p>\n<p><strong><span style=\"font-size: 10pt;\">Praia Itagua\u00e7u<\/span><\/strong><\/p>\n<p style=\"text-align: left;\"><span style=\"font-size: 10pt;\">Praia de Itagua\u00e7u &#8211; Fone: (47) 3442.2862<\/span><\/p>\n<p style=\"text-align: center;\"><span style=\"font-size: 10pt;\"><strong>veja mais<\/strong><\/span><\/p>\n<hr>\n<p><span style=\"font-size: 10pt;\"><strong>TURISMAR HOTEL<\/strong><\/span><\/p>\n<p><span style=\"font-size: 10pt;\"><strong>Praai Enseada<\/strong><\/span><\/p>\n<p><span style=\"font-size: 10pt;\">Praia da Enseada &nbsp;-Av. Atl\u00e2ntica 1923 &#8211; Fone: (47) 3449.0060<\/span><\/p>\n<p style=\"text-align: center;\"><span style=\"font-size: 10pt;\"><strong>veja mais<\/strong><\/span><\/p>\n<hr>\n<p><span style=\"font-size: 10pt;\"><strong>CHALES P\u00d4R DO SOL<\/strong><\/span><\/p>\n<p><span style=\"font-size: 10pt;\"><strong>Praia Enseada<\/strong><\/span><\/p>\n<p><span style=\"font-size: 10pt;\">Praia da Enseada, Ubatuba -Rua Fraiburgo, 500 &#8211; Fone:(47) 99905.1859- Tim \/&nbsp;98444.1068- Oi<\/span><\/p>\n<p style=\"text-align: center;\"><span style=\"font-size: 10pt;\"><strong>veja mais<\/strong><\/span><\/p>\n<hr>\n<p><span style=\"font-size: 10pt;\"><strong>HOTEL KONTIKI<\/strong><\/span><\/p>\n<p><strong><span style=\"font-size: 10pt;\">Centro Hist\u00f3rico<\/span><\/strong><\/p>\n<p><span style=\"font-size: 10pt;\">Centro Hist\u00f3rico &#8211; R. B<span class=\"_Xbe\">abitonga 211 &nbsp;&#8211; Fone: (47) 3444-2232<\/span><\/span><\/p>\n<p style=\"text-align: center;\"><span style=\"font-size: 10pt;\"><strong>veja mais<\/strong><\/span><\/p>\n<hr>\n<hr>\n<p>&nbsp;<\/p>\n<p style=\"text-align: center;\"><strong>Pagina&nbsp;&nbsp;<\/strong><a href=\"http:\/\/saofranciscodosul.tur.br\/novosite\/pousadas-e-hoteis\/\" target=\"_blank\" rel=\"noopener noreferrer\"><span style=\"background-color: #e6e6e6;\"> &nbsp;1&nbsp;&nbsp;<\/span><\/a> &nbsp;&nbsp;&nbsp;&nbsp;<span style=\"background-color: #e6e6e6;\"> &nbsp;2&nbsp;&nbsp;<\/span><\/p>\n<p>&nbsp;<\/p>\n<p style=\"text-align: center;\"><a class=\"maxbutton-3 maxbutton maxbutton-imoveis-por-temporada\" target=\"_blank\" rel=\"noopener\" href=\"https:\/\/saofranciscodosul.tur.br\/novosite\/imoveis-aluguel-temporada\/\"><span class='mb-text'>IM\u00d3VEIS TEMPORADA<\/span><\/a><\/p>\n<p>&nbsp;<\/p>\n<hr>\n<p><span style=\"font-size: 10pt;\">Outros estabelecimentos:<\/span><\/p>\n<p><span style=\"font-size: 10pt;\">**Varandas do Mar: fones &nbsp;(47) &nbsp;3442.3738\/ 2109 . Av Atlantica &nbsp;s\/n, &nbsp;Praia de Ubatuba<\/span><\/p>\n<p><span style=\"font-size: 10pt;\">**Pousada Xingu: fone (47) 3442.2301. R. S\u00e3o Domingos, Praia de Itagua\u00e7u.<\/span><\/p>\n<p><span style=\"font-size: 10pt;\">** Pousada Chal\u00e9 Suizo: fone (47) &nbsp;3442.2584. R. Duque de Caxias km 7, Praia de Ubatuba.<\/span><\/p>\n<p><span style=\"font-size: 10pt;\">**Pousada Farol da Ilha: fone (47) &nbsp;3449.1802, &nbsp;R. Mac\u00e9io 1156, Praia da Enseada.<\/span><\/p>\n<p><span style=\"font-size: 10pt;\">** Vivendas Canoa Velha: fone (47) 3442.3695. R. Bucareste 253, Praia de Ubatuba.<\/span><\/p>\n<p><span style=\"font-size: 10pt;\">**Pousada Canto das Ondas: (47) 3442.1034 \/ 99708-8323 whats,&nbsp;R. osco 545, Praia de Itagua\u00e7u<\/span><\/p>\n<p><span style=\"font-size: 10pt;\">**Pousada Solar da Beira, (47)&nbsp;47 3444-5835,&nbsp;<span class=\"_Xbe\">Rua Comandante Cabo, 95, Centro Hist\u00f3rico<\/span><\/span><\/p>\n","protected":false},"excerpt":{"rendered":"<p>s\u00e3o francisco do sul &gt; pousadas e hot\u00e9is &gt; Enseada &gt; Prainha &gt; pousadas &gt; Ubatuba &gt; Itagua\u00e7u &gt; hotel &gt; praia do capri &gt; centro hist\u00f3rico&nbsp; POUSADAS HOT\u00c9IS DE &hellip;<\/p>\n","protected":false},"author":2,"featured_media":0,"parent":0,"menu_order":0,"comment_status":"closed","ping_status":"closed","template":"","meta":{"ngg_post_thumbnail":0,"_joinchat":{"telephone":"+5548996649997","message_text":"Ol\u00e1 !\nVoc\u00ea entrou em contato com a plataforma de hospedagem e reservas SAOFRANCISCODOSUL.TUR.BR\nPosso lhe ajudar ?\nConsultas e reservas, deve enviar seu whats ao estabelecimento escolhido. O contato deles esta na pagina de cada um dos lugares.","message_send":"mensagem proveniente de saofranciscodosul.tur.br - pousadas hoteis"},"footnotes":""},"class_list":["post-537","page","type-page","status-publish","hentry"],"aioseo_notices":[],"_links":{"self":[{"href":"https:\/\/saofranciscodosul.tur.br\/novosite\/wp-json\/wp\/v2\/pages\/537","targetHints":{"allow":["GET"]}}],"collection":[{"href":"https:\/\/saofranciscodosul.tur.br\/novosite\/wp-json\/wp\/v2\/pages"}],"about":[{"href":"https:\/\/saofranciscodosul.tur.br\/novosite\/wp-json\/wp\/v2\/types\/page"}],"author":[{"embeddable":true,"href":"https:\/\/saofranciscodosul.tur.br\/novosite\/wp-json\/wp\/v2\/users\/2"}],"replies":[{"embeddable":true,"href":"https:\/\/saofranciscodosul.tur.br\/novosite\/wp-json\/wp\/v2\/comments?post=537"}],"version-history":[{"count":25,"href":"https:\/\/saofranciscodosul.tur.br\/novosite\/wp-json\/wp\/v2\/pages\/537\/revisions"}],"predecessor-version":[{"id":32534,"href":"https:\/\/saofranciscodosul.tur.br\/novosite\/wp-json\/wp\/v2\/pages\/537\/revisions\/32534"}],"wp:attachment":[{"href":"https:\/\/saofranciscodosul.tur.br\/novosite\/wp-json\/wp\/v2\/media?parent=537"}],"curies":[{"name":"wp","href":"https:\/\/api.w.org\/{rel}","templated":true}]}}