{"id":5112,"date":"2021-05-23T15:30:36","date_gmt":"2021-05-23T18:30:36","guid":{"rendered":"https:\/\/saofranciscodosul.tur.br\/novosite\/?page_id=5112"},"modified":"2023-08-30T11:04:50","modified_gmt":"2023-08-30T14:04:50","slug":"enseada-imoveis-aluguel-casa-temporada","status":"publish","type":"page","link":"https:\/\/saofranciscodosul.tur.br\/novosite\/enseada-imoveis-aluguel-casa-temporada\/","title":{"rendered":"Enseada im\u00f3veis, aluguel temporada de casa de Jociane"},"content":{"rendered":"<p style=\"text-align: center;\"><span style=\"font-size: 10pt;\"><strong><span style=\"font-family: georgia, palatino, serif;\">CASA 3 DORMIT\u00d3RIOS &#8211; CASA DE JOCIANE &#8211; ENSEADA PRAINHA<\/span><\/strong><\/span><\/p>\n<p><span style=\"font-family: georgia, palatino, serif; font-size: 10pt;\">Casa t\u00e9rrea com excelente localiza\u00e7\u00e3o na primeira quadra do mar em S\u00e3o Francisco do Sul, localizada entre as duas praias mais procuradas, Enseada e Prainha.<\/span><\/p>\n<p><span style=\"font-family: georgia, palatino, serif; font-size: 10pt;\">\t\t<div id=\"grsGal0\" class=\"grsGal0 grsTemplate2\">\t\t\t<div class=\"grsGalCont\" ng-controller=\"grsFilm0\" ng-show=\"params.cssReady\" >\t\t\t\t<grs-film params=\"params\" resize scroll><\/grs-film>\t\t\t<\/div>\t\t<\/div>\t\t\t\t\t<script>\t\t\tvar grsAtts0 = jQuery.parseJSON('{\"id\":\"144\",\"view\":\"Film\",\"theme\":\"2\",\"width\":\"360\",\"height\":\"160\",\"contwidth\":\"100\",\"imagesperpage\":\"20\",\"nav\":\"buttons\",\"title\":\"no\",\"orderby\":\"order\",\"ordering\":\"ASC\",\"clickaction\":\"openLightbox\",\"openlinktarget\":\"_top\",\"lightboxwidth\":\"800\",\"lightboxheight\":\"600\",\"lightboxfilmstrip\":\"undefined\",\"lightboxcomment\":\"undefined\",\"lightboxcontbutts\":\"1\",\"lightboxfullw\":\"1\",\"lightboxfbutt\":\"1\",\"lightboxtbutt\":\"1\",\"lightboxpbutt\":\"1\",\"lightboxtbbutt\":\"1\",\"lightboxlibutt\":\"1\",\"lightboxreddbutt\":\"1\",\"lightboxfsbutt\":\"1\",\"lightboxap\":\"1\",\"lightboxapin\":\"1\",\"lightboximinf\":\"1\",\"lightboxswipe\":\"1\",\"lightboximcn\":\"1\",\"lightboxeffect\":\"fade\",\"themeLastModDate\":\"1499898380\"}');\t\t\tgrsApp.controller('grsFilm0', ['$scope', 'GrsService',\t\t\t\tfunction ($scope, GrsService) {\t\t\t\t\t$scope.params = {\t\t\t\t\t\tshatts: grsAtts0,\t\t\t\t\t\tgrs: '0',\t\t\t\t\t\tdata: {\t\t\t\t\t\t\timages : [],\t\t\t\t\t\t\tcomments: [],\t\t\t\t\t\t\ttheme: {}\t\t\t\t\t\t},\t\t\t\t\t\tcssReady: false\t\t\t\t\t};\t\t\t\t\tinsertCss(grsAtts0, '0');\t\t\t\t}\t\t\t]);\t\t<\/script>\t\t<\/span><\/p>\n<p><span style=\"font-family: georgia, palatino, serif; font-size: 10pt;\">Com 3 dormit\u00f3rios,&nbsp; sendo 1 su\u00edte.<\/span>&nbsp;&nbsp;&nbsp;&nbsp;&nbsp;&nbsp;&nbsp;&nbsp;&nbsp;&nbsp;<\/p>\n<p><span style=\"font-family: georgia, palatino, serif; font-size: 10pt;\">Cozinha com utens\u00edlios dom\u00e9sticos, microondas, tv.<\/span><\/p>\n<p><span style=\"font-family: georgia, palatino, serif; font-size: 10pt;\">Ventilador de teto.<\/span><\/p>\n<p><span style=\"font-family: georgia, palatino, serif; font-size: 10pt;\">Ducha externa.<\/span><\/p>\n<p><span style=\"font-family: georgia, palatino, serif; font-size: 10pt;\">WI FI,<\/span><\/p>\n<p><span style=\"font-family: georgia, palatino, serif; font-size: 10pt;\">Varanda ampla com churrasqueira e tanque.<\/span><\/p>\n<p><span style=\"font-family: georgia, palatino, serif; font-size: 10pt;\">Estacionamento para carros entrada privativa.<\/span><\/p>\n<p><span style=\"font-family: georgia, palatino, serif; font-size: 10pt;\">Local tranquilo.<\/span><\/p>\n<hr>\n<p style=\"text-align: center;\"><span style=\"font-family: georgia, palatino, serif; font-size: 10pt;\">Localiza\u00e7\u00e3o: Rua&nbsp;<\/span><\/p>\n<p style=\"text-align: center;\"><strong><span style=\"font-family: georgia, palatino, serif; font-size: 10pt;\">Contato: 47 9 9935.2699&nbsp; <span style=\"font-size: 10pt;\">Toque ou clique&nbsp; no icono do whats abaixo da tela e entre em contato direto<\/span><\/span><\/strong><\/p>\n","protected":false},"excerpt":{"rendered":"<p>CASA 3 DORMIT\u00d3RIOS &#8211; CASA DE JOCIANE &#8211; ENSEADA PRAINHA Casa t\u00e9rrea com excelente localiza\u00e7\u00e3o na primeira quadra do mar em S\u00e3o Francisco do Sul, localizada entre as duas praias &hellip;<\/p>\n","protected":false},"author":1,"featured_media":0,"parent":0,"menu_order":0,"comment_status":"closed","ping_status":"closed","template":"","meta":{"ngg_post_thumbnail":0,"_joinchat":{"message_text":"ol\u00e1, voc\u00ea entrou em contato com ma plataforma de reservas diretas saofranciscodosul.tur.br - casa de Jociane, na enseada.","message_send":"mensagem proveniente de saofranciscodosul.tur.br consulta sobre tarifas \/ reservas."},"footnotes":""},"class_list":["post-5112","page","type-page","status-publish","hentry"],"aioseo_notices":[],"_links":{"self":[{"href":"https:\/\/saofranciscodosul.tur.br\/novosite\/wp-json\/wp\/v2\/pages\/5112","targetHints":{"allow":["GET"]}}],"collection":[{"href":"https:\/\/saofranciscodosul.tur.br\/novosite\/wp-json\/wp\/v2\/pages"}],"about":[{"href":"https:\/\/saofranciscodosul.tur.br\/novosite\/wp-json\/wp\/v2\/types\/page"}],"author":[{"embeddable":true,"href":"https:\/\/saofranciscodosul.tur.br\/novosite\/wp-json\/wp\/v2\/users\/1"}],"replies":[{"embeddable":true,"href":"https:\/\/saofranciscodosul.tur.br\/novosite\/wp-json\/wp\/v2\/comments?post=5112"}],"version-history":[{"count":14,"href":"https:\/\/saofranciscodosul.tur.br\/novosite\/wp-json\/wp\/v2\/pages\/5112\/revisions"}],"predecessor-version":[{"id":14118,"href":"https:\/\/saofranciscodosul.tur.br\/novosite\/wp-json\/wp\/v2\/pages\/5112\/revisions\/14118"}],"wp:attachment":[{"href":"https:\/\/saofranciscodosul.tur.br\/novosite\/wp-json\/wp\/v2\/media?parent=5112"}],"curies":[{"name":"wp","href":"https:\/\/api.w.org\/{rel}","templated":true}]}}