{"id":5097,"date":"2021-05-22T15:32:46","date_gmt":"2021-05-22T18:32:46","guid":{"rendered":"https:\/\/saofranciscodosul.tur.br\/novosite\/?page_id=5097"},"modified":"2023-09-22T08:31:34","modified_gmt":"2023-09-22T11:31:34","slug":"enseada-imoveis-aluguel-casa-ady","status":"publish","type":"page","link":"https:\/\/saofranciscodosul.tur.br\/novosite\/enseada-imoveis-aluguel-casa-ady\/","title":{"rendered":"Enseada &#8211; Casa temporada Ady"},"content":{"rendered":"<p style=\"text-align: center;\"><span style=\"font-size: 10pt;\"><strong>CASA DE ADY &#8211; ENSEADA<\/strong><\/span><\/p>\n<p style=\"text-align: center;\"><strong><span style=\"font-size: 10pt;\">Sobrado novo de 2 dormit\u00f3rios, varanda, terra\u00e7o, ar condicionado<\/span><\/strong><\/p>\n<p><span style=\"font-size: 10pt;\">Casa de 2 dormit\u00f3rios, ar condicionado. 400 metros da praia da Enseada 700 metros da Prainha 900 metros da Praia Grande.<\/span><\/p>\n<p>\t\t<div id=\"grsGal0\" class=\"grsGal0 grsTemplate2\">\t\t\t<div class=\"grsGalCont\" ng-controller=\"grsFilm0\" ng-show=\"params.cssReady\" >\t\t\t\t<grs-film params=\"params\" resize scroll><\/grs-film>\t\t\t<\/div>\t\t<\/div>\t\t\t\t\t<script>\t\t\tvar grsAtts0 = jQuery.parseJSON('{\"id\":\"143\",\"view\":\"Film\",\"theme\":\"2\",\"width\":\"300\",\"height\":\"160\",\"contwidth\":\"100\",\"imagesperpage\":\"20\",\"nav\":\"buttons\",\"title\":\"no\",\"orderby\":\"order\",\"ordering\":\"ASC\",\"clickaction\":\"openLightbox\",\"openlinktarget\":\"_top\",\"lightboxwidth\":\"800\",\"lightboxheight\":\"600\",\"lightboxfilmstrip\":\"undefined\",\"lightboxcomment\":\"undefined\",\"lightboxcontbutts\":\"1\",\"lightboxfullw\":\"1\",\"lightboxfbutt\":\"1\",\"lightboxtbutt\":\"1\",\"lightboxpbutt\":\"1\",\"lightboxtbbutt\":\"1\",\"lightboxlibutt\":\"1\",\"lightboxreddbutt\":\"1\",\"lightboxfsbutt\":\"1\",\"lightboxap\":\"1\",\"lightboxapin\":\"1\",\"lightboximinf\":\"1\",\"lightboxswipe\":\"1\",\"lightboximcn\":\"1\",\"lightboxeffect\":\"fade\",\"themeLastModDate\":\"1499898380\"}');\t\t\tgrsApp.controller('grsFilm0', ['$scope', 'GrsService',\t\t\t\tfunction ($scope, GrsService) {\t\t\t\t\t$scope.params = {\t\t\t\t\t\tshatts: grsAtts0,\t\t\t\t\t\tgrs: '0',\t\t\t\t\t\tdata: {\t\t\t\t\t\t\timages : [],\t\t\t\t\t\t\tcomments: [],\t\t\t\t\t\t\ttheme: {}\t\t\t\t\t\t},\t\t\t\t\t\tcssReady: false\t\t\t\t\t};\t\t\t\t\tinsertCss(grsAtts0, '0');\t\t\t\t}\t\t\t]);\t\t<\/script>\t\t<span style=\"font-size: 10pt;\">Acomoda 6 pessoas.&nbsp;&nbsp;<\/span><\/p>\n<p><span style=\"font-size: 10pt;\">Sala cozinha completa.<\/span><\/p>\n<p><span style=\"font-size: 10pt;\">Mobilia e colch\u00f5es novos<\/span><\/p>\n<p><span style=\"font-size: 10pt;\">2 Vagas de garagem.<\/span><\/p>\n<p><span style=\"font-size: 10pt;\">wi fi<\/span><\/p>\n<p><span style=\"font-size: 10pt;\">Varanda\/Terra\u00e7o<\/span><\/p>\n<p><span style=\"font-size: 10pt;\">Permitido animais, consultar.<\/span><\/p>\n<p><span style=\"font-size: 10pt;\">tanquinho de lavar roupa<\/span><\/p>\n<p><span style=\"font-size: 10pt;\">Ventilador<\/span><\/p>\n<p><span style=\"font-size: 10pt;\">Roupa de cama<\/span><\/p>\n<p><span style=\"font-size: 10pt;\">&nbsp;Churrasqueira<\/span><\/p>\n<p style=\"text-align: center;\"><strong><span style=\"font-size: 10pt;\">M\u00ednimo 02 di\u00e1rias. Taxa de limpeza R$ 150,00 ser\u00e1 inclu\u00edda no pacote<\/span><\/strong><\/p>\n<p style=\"text-align: center;\"><span style=\"font-size: 10pt;\"><strong>Contato: 47 99146-8705&nbsp; Toque ou clique&nbsp; no icono do whats abaixo da tela e entre em contato direto<\/strong><\/span><\/p>\n","protected":false},"excerpt":{"rendered":"<p>CASA DE ADY &#8211; ENSEADA Sobrado novo de 2 dormit\u00f3rios, varanda, terra\u00e7o, ar condicionado Casa de 2 dormit\u00f3rios, ar condicionado. 400 metros da praia da Enseada 700 metros da Prainha &hellip;<\/p>\n","protected":false},"author":1,"featured_media":0,"parent":0,"menu_order":0,"comment_status":"closed","ping_status":"closed","template":"","meta":{"ngg_post_thumbnail":0,"_joinchat":{"telephone":"+5547991468705","message_text":"Ol\u00e1, voc\u00ea etnrou em contato com a casa de Ady, de 2 quartos, na Enseada de S\u00e3o Francisco do Sul. Que seria por favor ?","message_send":"mensagem proveniente de saofranciscodosul.tur.br consulta de tarifa \/reserva"},"footnotes":""},"class_list":["post-5097","page","type-page","status-publish","hentry"],"aioseo_notices":[],"_links":{"self":[{"href":"https:\/\/saofranciscodosul.tur.br\/novosite\/wp-json\/wp\/v2\/pages\/5097","targetHints":{"allow":["GET"]}}],"collection":[{"href":"https:\/\/saofranciscodosul.tur.br\/novosite\/wp-json\/wp\/v2\/pages"}],"about":[{"href":"https:\/\/saofranciscodosul.tur.br\/novosite\/wp-json\/wp\/v2\/types\/page"}],"author":[{"embeddable":true,"href":"https:\/\/saofranciscodosul.tur.br\/novosite\/wp-json\/wp\/v2\/users\/1"}],"replies":[{"embeddable":true,"href":"https:\/\/saofranciscodosul.tur.br\/novosite\/wp-json\/wp\/v2\/comments?post=5097"}],"version-history":[{"count":15,"href":"https:\/\/saofranciscodosul.tur.br\/novosite\/wp-json\/wp\/v2\/pages\/5097\/revisions"}],"predecessor-version":[{"id":14556,"href":"https:\/\/saofranciscodosul.tur.br\/novosite\/wp-json\/wp\/v2\/pages\/5097\/revisions\/14556"}],"wp:attachment":[{"href":"https:\/\/saofranciscodosul.tur.br\/novosite\/wp-json\/wp\/v2\/media?parent=5097"}],"curies":[{"name":"wp","href":"https:\/\/api.w.org\/{rel}","templated":true}]}}