{"id":3864,"date":"2020-12-23T09:09:25","date_gmt":"2020-12-23T12:09:25","guid":{"rendered":"http:\/\/saofranciscodosul.tur.br\/novosite\/?page_id=3864"},"modified":"2023-05-08T11:45:14","modified_gmt":"2023-05-08T14:45:14","slug":"imbituba-garopaba-praias-hospedagem","status":"publish","type":"page","link":"https:\/\/saofranciscodosul.tur.br\/novosite\/imbituba-garopaba-praias-hospedagem\/","title":{"rendered":"Turismo praias de Imbituba e Garopaba"},"content":{"rendered":"<p><span style=\"font-family: georgia, palatino, serif; font-size: 10pt;\">\u00c0s cidades de Imbituba e Garopaba, formam parte do roteiro tur\u00edstico fundamental do litoral catarinense. Localizadas ao sul da capital Florian\u00f3polis, 70 e 80 km. Imbituba tem como atividade principais, diversas industrias , porto e turismo. Localizada ao sul da capital catarinense de Florian\u00f3polis, 80 km. e 390 km da capital gaucha de Porto Alegre, RS.&nbsp; G<\/span><span style=\"font-family: georgia, palatino, serif; font-size: 10pt;\">aropaba tem como&nbsp; atividade principal o turismo, e sede da fabrica e loja MORMAII.<\/span><br \/>\n<span style=\"font-family: georgia, palatino, serif; font-size: 10pt;\">Forma parte do roteiro tur\u00edstico do litoral Catarinense, e destacam se \u00e1s praias <a href=\"http:\/\/saofranciscodosul.tur.br\/novosite\/barra-de-ibiraquera-imbituba\/\" target=\"_blank\" rel=\"noopener noreferrer\">Barra de Ibiraquera<\/a>, <a href=\"http:\/\/saofranciscodosul.tur.br\/novosite\/imbituba-praia-do-rosa\/\" target=\"_blank\" rel=\"noopener noreferrer\">Praia do Rosa <\/a>e&nbsp; <a href=\"http:\/\/saofranciscodosul.tur.br\/novosite\/praia-do-luz-imbituba\/\" target=\"_blank\" rel=\"noopener noreferrer\">Praia do Luz<\/a>. praia da Ferrugem, e \u00e1 praia do centro de Garopaba.<\/span><\/p>\n\t\t<div id=\"grsGal0\" class=\"grsGal0 grsTemplate2\">\t\t\t<div class=\"grsGalCont\" ng-controller=\"grsFilm0\" ng-show=\"params.cssReady\" >\t\t\t\t<grs-film params=\"params\" resize scroll><\/grs-film>\t\t\t<\/div>\t\t<\/div>\t\t\t\t\t<script>\t\t\tvar grsAtts0 = jQuery.parseJSON('{\"id\":\"83\",\"view\":\"Film\",\"theme\":\"2\",\"width\":\"360\",\"height\":\"160\",\"contwidth\":\"100\",\"imagesperpage\":\"20\",\"nav\":\"buttons\",\"title\":\"no\",\"orderby\":\"order\",\"ordering\":\"ASC\",\"clickaction\":\"openLightbox\",\"openlinktarget\":\"_top\",\"lightboxwidth\":\"800\",\"lightboxheight\":\"600\",\"lightboxfilmstrip\":\"undefined\",\"lightboxcomment\":\"undefined\",\"lightboxcontbutts\":\"1\",\"lightboxfullw\":\"1\",\"lightboxfbutt\":\"1\",\"lightboxtbutt\":\"1\",\"lightboxpbutt\":\"1\",\"lightboxtbbutt\":\"1\",\"lightboxlibutt\":\"1\",\"lightboxreddbutt\":\"1\",\"lightboxfsbutt\":\"1\",\"lightboxap\":\"1\",\"lightboxapin\":\"1\",\"lightboximinf\":\"1\",\"lightboxswipe\":\"1\",\"lightboximcn\":\"1\",\"lightboxeffect\":\"fade\",\"themeLastModDate\":\"1499898380\"}');\t\t\tgrsApp.controller('grsFilm0', ['$scope', 'GrsService',\t\t\t\tfunction ($scope, GrsService) {\t\t\t\t\t$scope.params = {\t\t\t\t\t\tshatts: grsAtts0,\t\t\t\t\t\tgrs: '0',\t\t\t\t\t\tdata: {\t\t\t\t\t\t\timages : [],\t\t\t\t\t\t\tcomments: [],\t\t\t\t\t\t\ttheme: {}\t\t\t\t\t\t},\t\t\t\t\t\tcssReady: false\t\t\t\t\t};\t\t\t\t\tinsertCss(grsAtts0, '0');\t\t\t\t}\t\t\t]);\t\t<\/script>\t\t\n<hr>\n<p><span style=\"font-size: 12pt; font-family: 'trebuchet ms', geneva, sans-serif;\"><strong>&nbsp;DESTINO \/ PRAIAS:<\/strong><\/span><\/p>\n<p style=\"text-align: center;\"><a class=\"maxbutton-10 maxbutton maxbutton-imbituba-praia-barra-da-ibiraquera\" target=\"_blank\" rel=\"noopener\" href=\"http:\/\/saofranciscodosul.tur.br\/novosite\/barra-de-ibiraquera-imbituba\/\"><span class='mb-text'>BARRA DE IBIRAQUERA<\/span><\/a>&nbsp; &nbsp; &nbsp; &nbsp; &nbsp; <a class=\"maxbutton-9 maxbutton maxbutton-imbituba-praia-do-luz\" target=\"_blank\" rel=\"noopener\" href=\"http:\/\/saofranciscodosul.tur.br\/novosite\/praia-do-luz-imbituba\/\"><span class='mb-text'>PRAIA DO LUZ<\/span><\/a>&nbsp; &nbsp; &nbsp; &nbsp; &nbsp; <a class=\"maxbutton-11 maxbutton maxbutton-imbituba-praia-do-rosa\" target=\"_blank\" rel=\"noopener\" href=\"http:\/\/saofranciscodosul.tur.br\/novosite\/imbituba-praia-do-rosa\/\"><span class='mb-text'>PRAIA DO ROSA<\/span><\/a><\/p>\n","protected":false},"excerpt":{"rendered":"<p>\u00c0s cidades de Imbituba e Garopaba, formam parte do roteiro tur\u00edstico fundamental do litoral catarinense. Localizadas ao sul da capital Florian\u00f3polis, 70 e 80 km. Imbituba tem como atividade principais, &hellip;<\/p>\n","protected":false},"author":1,"featured_media":0,"parent":0,"menu_order":0,"comment_status":"closed","ping_status":"closed","template":"","meta":{"ngg_post_thumbnail":0,"_joinchat":[],"footnotes":""},"class_list":["post-3864","page","type-page","status-publish","hentry"],"aioseo_notices":[],"_links":{"self":[{"href":"https:\/\/saofranciscodosul.tur.br\/novosite\/wp-json\/wp\/v2\/pages\/3864","targetHints":{"allow":["GET"]}}],"collection":[{"href":"https:\/\/saofranciscodosul.tur.br\/novosite\/wp-json\/wp\/v2\/pages"}],"about":[{"href":"https:\/\/saofranciscodosul.tur.br\/novosite\/wp-json\/wp\/v2\/types\/page"}],"author":[{"embeddable":true,"href":"https:\/\/saofranciscodosul.tur.br\/novosite\/wp-json\/wp\/v2\/users\/1"}],"replies":[{"embeddable":true,"href":"https:\/\/saofranciscodosul.tur.br\/novosite\/wp-json\/wp\/v2\/comments?post=3864"}],"version-history":[{"count":6,"href":"https:\/\/saofranciscodosul.tur.br\/novosite\/wp-json\/wp\/v2\/pages\/3864\/revisions"}],"predecessor-version":[{"id":12336,"href":"https:\/\/saofranciscodosul.tur.br\/novosite\/wp-json\/wp\/v2\/pages\/3864\/revisions\/12336"}],"wp:attachment":[{"href":"https:\/\/saofranciscodosul.tur.br\/novosite\/wp-json\/wp\/v2\/media?parent=3864"}],"curies":[{"name":"wp","href":"https:\/\/api.w.org\/{rel}","templated":true}]}}