{"id":352,"date":"2017-06-01T03:59:13","date_gmt":"2017-06-01T06:59:13","guid":{"rendered":"http:\/\/localhost\/saofranciscodosul\/?page_id=352"},"modified":"2023-08-17T16:56:11","modified_gmt":"2023-08-17T19:56:11","slug":"hoteis-pousadas-hotel-zibamba","status":"publish","type":"page","link":"https:\/\/saofranciscodosul.tur.br\/novosite\/hoteis-pousadas-hotel-zibamba\/","title":{"rendered":"Hotel Zibamba, S\u00e3o Francisco do Sul, centro hist\u00f3rico"},"content":{"rendered":"<p style=\"text-align: left;\"><span style=\"font-size: 8pt;\">Sao francisco do sul &gt; hot\u00e9is e pousadas &gt;&nbsp; hotel &gt; centro hist\u00f3rico<\/span><\/p>\n<p style=\"text-align: center;\"><span style=\"font-family: georgia, palatino, serif; color: #ff0000; font-size: 10pt;\"><strong>HOTEL ZIBAMBA<\/strong><\/span><\/p>\n<p><span style=\"font-family: georgia, palatino, serif;\"><strong><span style=\"font-size: 10pt;\">Localizado no centro hist\u00f3rico, com vista da bahia de Babilonia.<\/span><\/strong><\/span><\/p>\n<p>\t\t<div id=\"grsGal0\" class=\"grsGal0 grsTemplate2\">\t\t\t<div class=\"grsGalCont\" ng-controller=\"grsFilm0\" ng-show=\"params.cssReady\" >\t\t\t\t<grs-film params=\"params\" resize scroll><\/grs-film>\t\t\t<\/div>\t\t<\/div>\t\t\t\t\t<script>\t\t\tvar grsAtts0 = jQuery.parseJSON('{\"id\":\"25\",\"view\":\"Film\",\"theme\":\"2\",\"width\":\"300\",\"height\":\"160\",\"contwidth\":\"100\",\"imagesperpage\":\"20\",\"nav\":\"buttons\",\"title\":\"no\",\"orderby\":\"order\",\"ordering\":\"ASC\",\"clickaction\":\"openLightbox\",\"openlinktarget\":\"_top\",\"lightboxwidth\":\"800\",\"lightboxheight\":\"600\",\"lightboxfilmstrip\":\"undefined\",\"lightboxcomment\":\"undefined\",\"lightboxcontbutts\":\"1\",\"lightboxfullw\":\"0\",\"lightboxfbutt\":\"1\",\"lightboxtbutt\":\"1\",\"lightboxpbutt\":\"1\",\"lightboxtbbutt\":\"1\",\"lightboxlibutt\":\"1\",\"lightboxreddbutt\":\"1\",\"lightboxfsbutt\":\"1\",\"lightboxap\":\"1\",\"lightboxapin\":\"1\",\"lightboximinf\":\"1\",\"lightboxswipe\":\"1\",\"lightboximcn\":\"1\",\"lightboxeffect\":\"fade\",\"themeLastModDate\":\"1499898380\"}');\t\t\tgrsApp.controller('grsFilm0', ['$scope', 'GrsService',\t\t\t\tfunction ($scope, GrsService) {\t\t\t\t\t$scope.params = {\t\t\t\t\t\tshatts: grsAtts0,\t\t\t\t\t\tgrs: '0',\t\t\t\t\t\tdata: {\t\t\t\t\t\t\timages : [],\t\t\t\t\t\t\tcomments: [],\t\t\t\t\t\t\ttheme: {}\t\t\t\t\t\t},\t\t\t\t\t\tcssReady: false\t\t\t\t\t};\t\t\t\t\tinsertCss(grsAtts0, '0');\t\t\t\t}\t\t\t]);\t\t<\/script>\t\t<span style=\"font-family: georgia, palatino, serif; font-size: 10pt;\">O <strong>Hotel Zibamba<\/strong> possui belas paisagens naturais e ampla vista para o mar. Al\u00e9m disso, oferecemos a nossos visitantes uma \u00f3tima infra-estrutura composta por:<\/span>&nbsp;&nbsp;&nbsp;&nbsp;&nbsp;&nbsp;&nbsp;<\/p>\n<p><span style=\"font-family: georgia, palatino, serif; font-size: 10pt;\"><strong>Lazer: <\/strong>&nbsp;Piscinas (adulto, infantil), salas de jogos, internet e leitura;<\/span><\/p>\n<p><span style=\"font-family: georgia, palatino, serif; font-size: 10pt;\"><strong>Sal\u00f5es: <\/strong>&nbsp;Salas para reuni\u00f5es e eventos;<\/span><\/p>\n<p><span style=\"font-family: georgia, palatino, serif; font-size: 10pt;\"><strong>Restaurante: <\/strong>&nbsp;Pela manh\u00e3, caf\u00e9 colonial, ao meio dia buffet de Frutos do mar e a noite um delicioso a la Carte;<\/span><\/p>\n<p><span style=\"font-family: georgia, palatino, serif; font-size: 10pt;\"><strong>Apartamentos:&nbsp;<\/strong> Apartamentos e su\u00ef\u00bf\u00bdtes de casal, duplo, triplo e quadruplo equipados com TV 20 polegadas, cofres, geladeira, TV a cabo, ar condicionado, telefone e w- fi.&nbsp;<\/span><\/p>\n<hr>\n<p style=\"text-align: center;\"><span class=\"TextoEmpresa\" style=\"font-family: georgia, palatino, serif; font-size: 10pt;\"><strong>Hotel Zibamba<\/strong><br \/>\nEndere\u00e7o: Rua Fernandes Dias, 27 &#8211; Centro Hist\u00f3rico, S\u00e3o Francisco do Sul &#8211; SC<\/span><\/p>\n<p style=\"text-align: center;\"><span style=\"font-family: georgia, palatino, serif; font-size: 10pt;\"><script type=\"text\/javascript\">window.wgm_config_1 = {\"hide_markers\":false,\"show_center_icon\":false,\"show_distance\":false,\"sort_by_distance\":false,\"distance_unit\":\"miles\",\"placement\":\"inside_map\",\"enable_show_on_map_icon\":false,\"enable_get_direction_icon\":false,\"enable_direction_link\":false,\"enable_modern_direction\":false,\"enable_category_filter\":false,\"category_selection_logic\":\"OR\"};<\/script>    \r\n        <div class=\"wgm-map-listing-container wgm-placement-below_map wgm-map-id-793\" \r\n         style=\"--wgm-map-height: 300px; --wgm-drawer-width: 300px; \">\r\n        \r\n        <div class=\"wgm-map-area\" style=\"width:100%; margin: 0 auto; max-width: 100%;\">\r\n            <!-- Advanced Search Control -->\r\n            <!-- Directions Drawer -->\r\n<div id=\"wgm_direction_drawer_1\" class=\"wgm-direction-drawer\">\r\n        \r\n    <div class=\"wgm-drawer-content\">\r\n    <button type=\"button\" class=\"wgm-drawer-close\" aria-label=\"Close directions\">\r\n        <svg viewBox=\"0 0 24 24\" width=\"24\" height=\"24\"><path fill=\"currentColor\" d=\"M19 6.41L17.59 5 12 10.59 6.41 5 5 6.41 10.59 12 5 17.59 6.41 19 12 13.41 17.59 19 19 17.59 13.41 12 19 6.41z\"><\/path><\/svg>\r\n    <\/button>\r\n    <div class=\"wgm-drawer-header\">\r\n        <h3 class=\"wgm-drawer-title\">Get Directions<\/h3>\r\n    <\/div>\r\n    \r\n    <div class=\"wgm-travel-mode-switcher\">\r\n        <button type=\"button\" class=\"wgm-travel-btn active\" data-mode=\"DRIVING\" title=\"Driving\">\r\n            <svg viewBox=\"0 0 24 24\"><path fill=\"currentColor\" d=\"M18.92 6.01C18.72 5.42 18.16 5 17.5 5h-11c-.66 0-1.21.42-1.42 1.01L3 12v8c0 .55.45 1 1 1h1c.55 0 1-.45 1-1v-1h12v1c0 .55.45 1 1 1h1c.55 0 1-.45 1-1v-8l-2.08-5.99zM6.5 16c-.83 0-1.5-.67-1.5-1.5S5.67 13 6.5 13s1.5.67 1.5 1.5S7.33 16 6.5 16zm11 0c-.83 0-1.5-.67-1.5-1.5s.67-1.5 1.5-1.5 1.5.67 1.5 1.5-.67 1.5-1.5 1.5zM5 11l1.5-4.5h11L19 11H5z\"><\/path><\/svg>\r\n        <\/button>\r\n        <button type=\"button\" class=\"wgm-travel-btn\" data-mode=\"WALKING\" title=\"Walking\">\r\n            <svg viewBox=\"0 0 24 24\"><path fill=\"currentColor\" d=\"M13.5 5.5c1.1 0 2-.9 2-2s-.9-2-2-2-2 .9-2 2 .9 2 2 2zM9.8 8.9L7 23h2.1l1.8-8 2.1 2v6h2v-7.5l-2.1-2 .6-3C14.8 12 16.8 13 19 13v-2c-1.9 0-3.5-1-4.3-2.4l-1-1.6c-.4-.6-1-1-1.7-1-.3 0-.5.1-.8.1L6 8.3V13h2V9.6l1.8-.7\"><\/path><\/svg>\r\n        <\/button>\r\n        <button type=\"button\" class=\"wgm-travel-btn\" data-mode=\"BICYCLING\" title=\"Cycling\">\r\n            <svg viewBox=\"0 0 24 24\"><path fill=\"currentColor\" d=\"M15.5 5.5c1.1 0 2-.9 2-2s-.9-2-2-2-2 .9-2 2 .9 2 2 2zM5 12c-2.8 0-5 2.2-5 5s2.2 5 5 5 5-2.2 5-5-2.2-5-5-5zm0 8.5c-1.9 0-3.5-1.6-3.5-3.5s1.6-3.5 3.5-3.5 3.5 1.6 3.5 3.5-1.6 3.5-3.5 3.5zm19-3.5c0-2.8-2.2-5-5-5s-5 2.2-5 5 2.2 5 5 5 5-2.2 5-5zm-5 3.5c-1.9 0-3.5-1.6-3.5-3.5s1.6-3.5 3.5-3.5 3.5 1.6 3.5 3.5-1.6 3.5-3.5 3.5zm-6.1-5.4l2.7-2.7-1.2-1.2-.2-.2C13.5 8.3 12.3 8 11 8V6h-2v2H7L3.5 11l1.4 1.4L7 10.3V15h2v-4.7l2.1 2.1c.3.3.7.6 1.1.6h2.8l-1.6-1.6h-2.1z\"><\/path><\/svg>\r\n        <\/button>\r\n        <button type=\"button\" class=\"wgm-travel-btn\" data-mode=\"TRANSIT\" title=\"Transit\">\r\n            <svg viewBox=\"0 0 24 24\"><path fill=\"currentColor\" d=\"M12 2c-4.42 0-8 .5-8 4v10c0 .74.19 1.42.5 2.02V20c0 .55.45 1 1 1h1c.55 0 1-.45 1-1v-1h8v1c0 .55.45 1 1 1h1c.55 0 1-.45 1-1v-1.98c.31-.6.5-1.28.5-2.02V6c0-3.5-3.58-4-8-4zM7.5 17c-.83 0-1.5-.67-1.5-1.5S6.67 14 7.5 14s1.5.67 1.5 1.5S8.33 17 7.5 17zm3.5-6H6V6h5v5zm5.5 6c-.83 0-1.5-.67-1.5-1.5s.67-1.5 1.5-1.5 1.5.67 1.5 1.5-.67 1.5-1.5 1.5zm2.5-6h-5V6h5v5z\"><\/path><\/svg>\r\n        <\/button>\r\n    <\/div>\r\n\r\n    <div class=\"wgm-dir-input-group\">\r\n        <div class=\"wgm-dir-field-wrap\">\r\n            <input type=\"text\" id=\"wgm_dir_from_1\" class=\"wgm-dir-input\" placeholder=\"Choose start point...\">\r\n            <button type=\"button\" class=\"wgm-current-loc-btn\" title=\"Use my location\">\r\n                <svg viewBox=\"0 0 24 24\" width=\"20\" height=\"20\"><path fill=\"currentColor\" d=\"M12 8c-2.21 0-4 1.79-4 4s1.79 4 4 4 4-1.79 4-4-1.79-4-4-4zm8.94 3c-.46-4.17-3.77-7.48-7.94-7.94V1h-2v2.06C6.83 3.52 3.52 6.83 3.06 11H1v2h2.06c.46 4.17 3.77 7.48 7.94 7.94V23h2v-2.06c4.17-.46 7.48-3.77 7.94-7.94H23v-2h-2.06zM12 19c-3.87 0-7-3.13-7-7s3.13-7 7-7 7 3.13 7 7-3.13 7-7 7z\"><\/path><\/svg>\r\n            <\/button>\r\n        <\/div>\r\n    <\/div>\r\n    \r\n    <div id=\"wgm_waypoints_container_1\" class=\"wgm-waypoints-container\"><\/div>\r\n\r\n    <div class=\"wgm-dir-input-group\">\r\n        <div class=\"wgm-dir-field-wrap\">\r\n            <input type=\"text\" id=\"wgm_dir_to_1\" class=\"wgm-dir-input\" placeholder=\"Choose destination...\">\r\n            <button type=\"button\" class=\"wgm-current-loc-btn\" title=\"Use my location\">\r\n                <svg viewBox=\"0 0 24 24\" width=\"20\" height=\"20\"><path fill=\"currentColor\" d=\"M12 8c-2.21 0-4 1.79-4 4s1.79 4 4 4 4-1.79 4-4-1.79-4-4-4zm8.94 3c-.46-4.17-3.77-7.48-7.94-7.94V1h-2v2.06C6.83 3.52 3.52 6.83 3.06 11H1v2h2.06c.46 4.17 3.77 7.48 7.94 7.94V23h2v-2.06c4.17-.46 7.48-3.77 7.94-7.94H23v-2h-2.06zM12 19c-3.87 0-7-3.13-7-7s3.13-7 7-7 7 3.13 7 7-3.13 7-7 7z\"><\/path><\/svg>\r\n            <\/button>\r\n        <\/div>\r\n    <\/div>\r\n\r\n    <div class=\"wgm-add-waypoint-trigger\" id=\"wgm_add_waypoint_1\">\r\n            <svg viewBox=\"0 0 24 24\" width=\"16\" height=\"16\"><path fill=\"currentColor\" d=\"M19 13h-6v6h-2v-6H5v-2h6V5h2v6h6v2z\"><\/path><\/svg>\r\n            <span>Add Waypoint<\/span>\r\n    <\/div>\r\n\r\n    <div class=\"wgm_dir_options_wrap\">\r\n        <div class=\"wgm-action-bar\">\r\n            <div class=\"wgm-dir-adv-toggle\">\r\n                <svg viewBox=\"0 0 24 24\" width=\"16\" height=\"16\"><path fill=\"currentColor\" d=\"M3 17v2h6v-2H3zM3 5v2h10V5H3zm10 16v-2h8v-2h-8v-2h-2v6h2zM7 9v2H3v2h4v2h2V9H7zm14 4v-2H11v2h10zm-6-4h2V7h4V5h-4V3h-2v6z\"><\/path><\/svg>\r\n                <span>Route Options<\/span>\r\n            <\/div>\r\n            <button type=\"button\" class=\"wgm-dir-go-btn\">\r\n                <span>Go<\/span>\r\n                <svg viewBox=\"0 0 24 24\" width=\"20\" height=\"20\"><path fill=\"currentColor\" d=\"M12 4l-1.41 1.41L16.17 11H4v2h12.17l-5.58 5.59L12 20l8-8z\"><\/path><\/svg>\r\n            <\/button>\r\n        <\/div>\r\n        \r\n        <div class=\"wgm-dir-adv-options\">\r\n            <label class=\"wgm-adv-opt-item\">\r\n                <input type=\"checkbox\" class=\"wgm-avoid-tolls\"> Avoid Tolls            <\/label>\r\n            <label class=\"wgm-adv-opt-item\">\r\n                <input type=\"checkbox\" class=\"wgm-avoid-highways\"> Avoid Highways            <\/label>\r\n            <label class=\"wgm-adv-opt-item\">\r\n                <input type=\"checkbox\" class=\"wgm-avoid-ferries\"> Avoid Ferries            <\/label>\r\n        <\/div>\r\n    <\/div>\r\n\r\n    <div id=\"wgm_dir_results_1\" class=\"wgm-dir-results-panel\"><\/div>\r\n    <\/div> <!-- End .wgm-drawer-content -->\r\n<\/div>\r\n            \r\n            <div id=\"srm_gmp_embed_1\" class=\"wgm-map-canvas\"\r\n                style=\"width: 100%; height:300px !important;\">\r\n            <\/div>\r\n\r\n                    <\/div>\r\n\r\n        <div id=\"wgm_listing_area_1\" class=\"wgm-listing-area\">\r\n                    <\/div>\r\n    <\/div>\r\n\r\n    <div id=\"wgm-lightbox-overlay_1\" class=\"wgm-lightbox-overlay\">\r\n        <span class=\"wgm-lightbox-close\">&times;<\/span>\r\n        <img class=\"wgm-lightbox-content\" id=\"wgm-lightbox-img_1\">\r\n    <\/div>\r\n<\/span><\/p>\n<hr>\n<p style=\"text-align: center;\"><span style=\"font-family: georgia, palatino, serif;\"><strong><span class=\"TextoEmpresa\" style=\"font-size: 10pt;\">Contato: 47 3444 2020<\/span><\/strong><\/span><\/p>\n<p><strong><span style=\"font-size: 10pt;\">CONSULTA VIA FORMUL\u00c1RIO <span style=\"font-size: 12pt; color: #ff0000;\">\u21d3<\/span><\/span><\/strong><\/p>\n<p><!--nextpage--><\/p>\n<p style=\"text-align: left;\"><span style=\"font-family: georgia, palatino, serif; color: #ff0000; font-size: 10pt;\"><strong>HOTEL ZIBAMBA<\/strong><\/span><\/p>\n<p><span style=\"font-family: arial, helvetica, sans-serif; font-size: 10pt;\"><span style=\"font-family: arial, helvetica, sans-serif;\"><span style=\"font-size: 10pt;\"><b>Centro hist\u00f3rico, vista da Bahia de <\/b><\/span><\/span><span style=\"color: #000000; font-family: arial, helvetica, sans-serif;\"><span style=\"font-size: 13.3333px;\"><b>Babil\u00f4nia<\/b><\/span><\/span><span style=\"font-family: arial, helvetica, sans-serif;\"><span style=\"font-size: 10pt;\"><b>.<\/b><\/span><\/span><\/span><\/p>\n<p><span style=\"font-family: arial, helvetica, sans-serif; font-size: 10pt;\"><strong>Mais informa\u00e7\u00f5es, tarifas e reservas preencha &nbsp;formul\u00e1rio&nbsp;<\/strong><\/span><\/p>\n<p><span style=\"font-family: arial, helvetica, sans-serif; font-size: 10pt;\">\n<div class=\"wpcf7 no-js\" id=\"wpcf7-f714-o1\" lang=\"pt-BR\" dir=\"ltr\" data-wpcf7-id=\"714\">\n<div class=\"screen-reader-response\"><p role=\"status\" aria-live=\"polite\" aria-atomic=\"true\"><\/p> <ul><\/ul><\/div>\n<form action=\"\/novosite\/wp-json\/wp\/v2\/pages\/352#wpcf7-f714-o1\" method=\"post\" class=\"wpcf7-form init\" aria-label=\"Formul\u00e1rios de contato\" novalidate=\"novalidate\" data-status=\"init\">\n<fieldset class=\"hidden-fields-container\"><input type=\"hidden\" name=\"_wpcf7\" value=\"714\" \/><input type=\"hidden\" name=\"_wpcf7_version\" value=\"6.1.5\" \/><input type=\"hidden\" name=\"_wpcf7_locale\" value=\"pt_BR\" \/><input type=\"hidden\" name=\"_wpcf7_unit_tag\" value=\"wpcf7-f714-o1\" \/><input type=\"hidden\" name=\"_wpcf7_container_post\" value=\"0\" \/><input type=\"hidden\" name=\"_wpcf7_posted_data_hash\" value=\"\" \/>\n<\/fieldset>\n<p>Seu nome (obrigat\u00f3rio)\n<\/p>\n<p><span class=\"wpcf7-form-control-wrap\" data-name=\"your-name\"><input size=\"40\" maxlength=\"400\" class=\"wpcf7-form-control wpcf7-text wpcf7-validates-as-required\" aria-required=\"true\" aria-invalid=\"false\" value=\"\" type=\"text\" name=\"your-name\" \/><\/span>\n<\/p>\n<p>Seu e-mail (obrigat\u00f3rio)\n<\/p>\n<p><span class=\"wpcf7-form-control-wrap\" data-name=\"your-email\"><input size=\"40\" maxlength=\"400\" class=\"wpcf7-form-control wpcf7-email wpcf7-validates-as-required wpcf7-text wpcf7-validates-as-email\" aria-required=\"true\" aria-invalid=\"false\" value=\"\" type=\"email\" name=\"your-email\" \/><\/span>\n<\/p>\n<p>Seu tel (obrigat\u00f3rio)\n<\/p>\n<p><span class=\"wpcf7-form-control-wrap\" data-name=\"telefone\"><input size=\"40\" maxlength=\"400\" class=\"wpcf7-form-control wpcf7-tel wpcf7-text wpcf7-validates-as-tel\" aria-invalid=\"false\" value=\"\" type=\"tel\" name=\"telefone\" \/><\/span>\n<\/p>\n<p>Assunto\n<\/p>\n<p><span class=\"wpcf7-form-control-wrap\" data-name=\"your-subject\"><input size=\"40\" maxlength=\"400\" class=\"wpcf7-form-control wpcf7-text\" aria-invalid=\"false\" value=\"\" type=\"text\" name=\"your-subject\" \/><\/span>\n<\/p>\n<p>Sua mensagem\n<\/p>\n<p><span class=\"wpcf7-form-control-wrap\" data-name=\"your-message\"><textarea cols=\"40\" rows=\"10\" maxlength=\"2000\" class=\"wpcf7-form-control wpcf7-textarea\" aria-invalid=\"false\" name=\"your-message\"><\/textarea><\/span>\n<\/p>\n<p><input class=\"wpcf7-form-control wpcf7-submit has-spinner\" type=\"submit\" value=\"Enviar\" \/>\n<\/p><p style=\"display: none !important;\" class=\"akismet-fields-container\" data-prefix=\"_wpcf7_ak_\"><label>&#916;<textarea name=\"_wpcf7_ak_hp_textarea\" cols=\"45\" rows=\"8\" maxlength=\"100\"><\/textarea><\/label><input type=\"hidden\" id=\"ak_js_1\" name=\"_wpcf7_ak_js\" value=\"76\"\/><script>document.getElementById( \"ak_js_1\" ).setAttribute( \"value\", ( new Date() ).getTime() );<\/script><\/p><input type='hidden' class='wpcf7-pum' value='{\"closepopup\":false,\"closedelay\":0,\"openpopup\":false,\"openpopup_id\":0}' \/><div class=\"wpcf7-response-output\" aria-hidden=\"true\"><\/div>\n<\/form>\n<\/div>\n<\/span><\/p>\n","protected":false},"excerpt":{"rendered":"<p>Sao francisco do sul &gt; hot\u00e9is e pousadas &gt;&nbsp; hotel &gt; centro hist\u00f3rico HOTEL ZIBAMBA Localizado no centro hist\u00f3rico, com vista da bahia de Babilonia. O Hotel Zibamba possui belas &hellip;<\/p>\n","protected":false},"author":2,"featured_media":0,"parent":0,"menu_order":0,"comment_status":"closed","ping_status":"closed","template":"","meta":{"ngg_post_thumbnail":0,"_joinchat":{"telephone":"+554734442020","message_text":"Al\u00f3, posso lhe ajudar ?\nVoc\u00ea entrou em contato com a plataforma de hosepdagem e reservas direta \"saofranciscodosul.tur.br\" \/ Hostel da Ilha, praia Enseada.\n\u00c9 consulta ou reserva ?","message_send":"Mensagem proveniente de saofranciscodosul.tur.br \/ Hotel Zibamba, centro hist\u00f3rico da Ilha."},"footnotes":""},"class_list":["post-352","page","type-page","status-publish","hentry"],"aioseo_notices":[],"_links":{"self":[{"href":"https:\/\/saofranciscodosul.tur.br\/novosite\/wp-json\/wp\/v2\/pages\/352","targetHints":{"allow":["GET"]}}],"collection":[{"href":"https:\/\/saofranciscodosul.tur.br\/novosite\/wp-json\/wp\/v2\/pages"}],"about":[{"href":"https:\/\/saofranciscodosul.tur.br\/novosite\/wp-json\/wp\/v2\/types\/page"}],"author":[{"embeddable":true,"href":"https:\/\/saofranciscodosul.tur.br\/novosite\/wp-json\/wp\/v2\/users\/2"}],"replies":[{"embeddable":true,"href":"https:\/\/saofranciscodosul.tur.br\/novosite\/wp-json\/wp\/v2\/comments?post=352"}],"version-history":[{"count":9,"href":"https:\/\/saofranciscodosul.tur.br\/novosite\/wp-json\/wp\/v2\/pages\/352\/revisions"}],"predecessor-version":[{"id":13916,"href":"https:\/\/saofranciscodosul.tur.br\/novosite\/wp-json\/wp\/v2\/pages\/352\/revisions\/13916"}],"wp:attachment":[{"href":"https:\/\/saofranciscodosul.tur.br\/novosite\/wp-json\/wp\/v2\/media?parent=352"}],"curies":[{"name":"wp","href":"https:\/\/api.w.org\/{rel}","templated":true}]}}