{"id":3332,"date":"2020-07-22T07:06:02","date_gmt":"2020-07-22T10:06:02","guid":{"rendered":"http:\/\/saofranciscodosul.tur.br\/novosite\/?page_id=3332"},"modified":"2023-09-19T14:09:10","modified_gmt":"2023-09-19T17:09:10","slug":"imbituba-ibiraquera-orquidea-da-praia-barra-de-ibiraquera","status":"publish","type":"page","link":"https:\/\/saofranciscodosul.tur.br\/novosite\/imbituba-ibiraquera-orquidea-da-praia-barra-de-ibiraquera\/","title":{"rendered":"Pousada Orqu\u00eddea da Praia, Barra de Ibiraquera"},"content":{"rendered":"<p><strong><span style=\"font-family: georgia, palatino, serif; font-size: 10pt;\">POUSADA ORQU\u00cdDEA DA PRAIA<\/span><\/strong><\/p>\n<p><strong><span style=\"font-family: georgia, palatino, serif; font-size: 10pt;\">Barra de Ibiraquera, Imbituba<\/span><\/strong><\/p>\n<p><strong><span style=\"font-family: georgia, palatino, serif; font-size: 10pt;\">Acomoda\u00e7\u00f5es em apartamentos de 1 e 2 quartos, \u00e0 100 m da praia.<\/span><\/strong><\/p>\n<p><span style=\"color: #000000; font-size: 10pt; font-family: georgia, palatino, serif;\"><span style=\"color: #000000;\">Com cozinha completa, TV, WI FI, roupa de cama e banho, sacada com rede.<\/span><\/span><\/p>\n<hr>\n<p><span style=\"font-family: georgia, palatino, serif; font-size: 12px;\">VEJA NOSSAS ACOMODA\u00c7\u00d5ES<\/span><\/p>\n<p><strong><span style=\"font-family: georgia, palatino, serif; font-size: 12px;\">1) Apartamentos de 2 dormit\u00f3rios<\/span><\/strong><br \/>\n<span style=\"font-family: georgia, palatino, serif; font-size: 12px;\">Com cozinha completa, 2 quartos, para at\u00e9 6 pessoas, um com cama d e casal,e&nbsp; outro camas de solteiro, ventilador, \u00e1rea de servi\u00e7o, sacada com rede, TV com parab\u00f3lica, roupas de cama e banho e churrasqueira, WI FI.<\/span><\/p>\n\t\t<div id=\"grsGal0\" class=\"grsGal0 grsTemplate2\">\t\t\t<div class=\"grsGalCont\" ng-controller=\"grsFilm0\" ng-show=\"params.cssReady\" >\t\t\t\t<grs-film params=\"params\" resize scroll><\/grs-film>\t\t\t<\/div>\t\t<\/div>\t\t\t\t\t<script>\t\t\tvar grsAtts0 = jQuery.parseJSON('{\"id\":\"139\",\"view\":\"Film\",\"theme\":\"2\",\"width\":\"300\",\"height\":\"160\",\"contwidth\":\"100\",\"imagesperpage\":\"20\",\"nav\":\"buttons\",\"title\":\"no\",\"orderby\":\"order\",\"ordering\":\"ASC\",\"clickaction\":\"openLightbox\",\"openlinktarget\":\"_top\",\"lightboxwidth\":\"800\",\"lightboxheight\":\"600\",\"lightboxfilmstrip\":\"undefined\",\"lightboxcomment\":\"undefined\",\"lightboxcontbutts\":\"1\",\"lightboxfullw\":\"1\",\"lightboxfbutt\":\"1\",\"lightboxtbutt\":\"1\",\"lightboxpbutt\":\"1\",\"lightboxtbbutt\":\"1\",\"lightboxlibutt\":\"1\",\"lightboxreddbutt\":\"1\",\"lightboxfsbutt\":\"1\",\"lightboxap\":\"1\",\"lightboxapin\":\"1\",\"lightboximinf\":\"1\",\"lightboxswipe\":\"1\",\"lightboximcn\":\"1\",\"lightboxeffect\":\"fade\",\"themeLastModDate\":\"1499898380\"}');\t\t\tgrsApp.controller('grsFilm0', ['$scope', 'GrsService',\t\t\t\tfunction ($scope, GrsService) {\t\t\t\t\t$scope.params = {\t\t\t\t\t\tshatts: grsAtts0,\t\t\t\t\t\tgrs: '0',\t\t\t\t\t\tdata: {\t\t\t\t\t\t\timages : [],\t\t\t\t\t\t\tcomments: [],\t\t\t\t\t\t\ttheme: {}\t\t\t\t\t\t},\t\t\t\t\t\tcssReady: false\t\t\t\t\t};\t\t\t\t\tinsertCss(grsAtts0, '0');\t\t\t\t}\t\t\t]);\t\t<\/script>\t\t\n<hr>\n<p><strong><span style=\"font-family: georgia, palatino, serif; font-size: 12px;\">2) Apartamentos de 1 dormit\u00f3rio<\/span><\/strong><br \/>\n<span style=\"font-family: georgia, palatino, serif; font-size: 12px;\">Dispomos de Apartamentos completos para 2\/4 pessoas, com ventilador, \u00e1rea de servi\u00e7o, sacada com rede, TV com parab\u00f3lica, roupas de cama e banho e churrasqueira, WI FI.&nbsp;<\/span><\/p>\n\t\t<div id=\"grsGal1\" class=\"grsGal1 grsTemplate2\">\t\t\t<div class=\"grsGalCont\" ng-controller=\"grsFilm1\" ng-show=\"params.cssReady\" >\t\t\t\t<grs-film params=\"params\" resize scroll><\/grs-film>\t\t\t<\/div>\t\t<\/div>\t\t\t\t\t<script>\t\t\tvar grsAtts1 = jQuery.parseJSON('{\"id\":\"140\",\"view\":\"Film\",\"theme\":\"2\",\"width\":\"300\",\"height\":\"160\",\"contwidth\":\"100\",\"imagesperpage\":\"20\",\"nav\":\"buttons\",\"title\":\"no\",\"orderby\":\"order\",\"ordering\":\"ASC\",\"clickaction\":\"openLightbox\",\"openlinktarget\":\"_top\",\"lightboxwidth\":\"800\",\"lightboxheight\":\"600\",\"lightboxfilmstrip\":\"undefined\",\"lightboxcomment\":\"undefined\",\"lightboxcontbutts\":\"1\",\"lightboxfullw\":\"1\",\"lightboxfbutt\":\"1\",\"lightboxtbutt\":\"1\",\"lightboxpbutt\":\"1\",\"lightboxtbbutt\":\"1\",\"lightboxlibutt\":\"1\",\"lightboxreddbutt\":\"1\",\"lightboxfsbutt\":\"1\",\"lightboxap\":\"1\",\"lightboxapin\":\"1\",\"lightboximinf\":\"1\",\"lightboxswipe\":\"1\",\"lightboximcn\":\"1\",\"lightboxeffect\":\"fade\",\"themeLastModDate\":\"1499898380\"}');\t\t\tgrsApp.controller('grsFilm1', ['$scope', 'GrsService',\t\t\t\tfunction ($scope, GrsService) {\t\t\t\t\t$scope.params = {\t\t\t\t\t\tshatts: grsAtts1,\t\t\t\t\t\tgrs: '1',\t\t\t\t\t\tdata: {\t\t\t\t\t\t\timages : [],\t\t\t\t\t\t\tcomments: [],\t\t\t\t\t\t\ttheme: {}\t\t\t\t\t\t},\t\t\t\t\t\tcssReady: false\t\t\t\t\t};\t\t\t\t\tinsertCss(grsAtts1, '1');\t\t\t\t}\t\t\t]);\t\t<\/script>\t\t\n<hr>\n<p style=\"text-align: center;\"><span style=\"font-family: georgia, palatino, serif; font-size: 12px;\">Avenida Sul&nbsp; s\/n &#8211; Barra de Ibiraquera, Imbituba &#8211; SC<\/span><\/p>\n<p style=\"text-align: center;\"><span style=\"font-family: arial, helvetica, sans-serif; font-size: 12px;\"><strong>Contato:&nbsp; (48) 3355.0259 \/ 47 99990.7559&nbsp; \/ 48 99917 7328 Toque ou clique no icono dowhats abaixo da pagina e entre em contato direto<\/strong><\/span><\/p>\n","protected":false},"excerpt":{"rendered":"<p>POUSADA ORQU\u00cdDEA DA PRAIA Barra de Ibiraquera, Imbituba Acomoda\u00e7\u00f5es em apartamentos de 1 e 2 quartos, \u00e0 100 m da praia. Com cozinha completa, TV, WI FI, roupa de cama &hellip;<\/p>\n","protected":false},"author":1,"featured_media":0,"parent":0,"menu_order":0,"comment_status":"closed","ping_status":"closed","template":"","meta":{"ngg_post_thumbnail":0,"_joinchat":{"telephone":"+5548999177328","message_text":"Al\u00f3, poso lhe ajudar ?\nvoc\u00ea entrou em contato com \u00e0 pousada Orqu\u00eddea da Praia, na Barra de Ibiraquera.\n\u00c9 consulta ou reserva ?","message_send":"mensagem proveniente de saofrancicodosul.tur.br \/ garopabaimbituba.com.br\nsobre consulta ou reserva"},"footnotes":""},"class_list":["post-3332","page","type-page","status-publish","hentry"],"aioseo_notices":[],"_links":{"self":[{"href":"https:\/\/saofranciscodosul.tur.br\/novosite\/wp-json\/wp\/v2\/pages\/3332","targetHints":{"allow":["GET"]}}],"collection":[{"href":"https:\/\/saofranciscodosul.tur.br\/novosite\/wp-json\/wp\/v2\/pages"}],"about":[{"href":"https:\/\/saofranciscodosul.tur.br\/novosite\/wp-json\/wp\/v2\/types\/page"}],"author":[{"embeddable":true,"href":"https:\/\/saofranciscodosul.tur.br\/novosite\/wp-json\/wp\/v2\/users\/1"}],"replies":[{"embeddable":true,"href":"https:\/\/saofranciscodosul.tur.br\/novosite\/wp-json\/wp\/v2\/comments?post=3332"}],"version-history":[{"count":4,"href":"https:\/\/saofranciscodosul.tur.br\/novosite\/wp-json\/wp\/v2\/pages\/3332\/revisions"}],"predecessor-version":[{"id":14487,"href":"https:\/\/saofranciscodosul.tur.br\/novosite\/wp-json\/wp\/v2\/pages\/3332\/revisions\/14487"}],"wp:attachment":[{"href":"https:\/\/saofranciscodosul.tur.br\/novosite\/wp-json\/wp\/v2\/media?parent=3332"}],"curies":[{"name":"wp","href":"https:\/\/api.w.org\/{rel}","templated":true}]}}