{"id":3300,"date":"2020-07-20T06:20:38","date_gmt":"2020-07-20T09:20:38","guid":{"rendered":"http:\/\/saofranciscodosul.tur.br\/novosite\/?page_id=3300"},"modified":"2023-09-04T10:28:36","modified_gmt":"2023-09-04T13:28:36","slug":"imbituba-cabanas-da-ribanceira","status":"publish","type":"page","link":"https:\/\/saofranciscodosul.tur.br\/novosite\/imbituba-cabanas-da-ribanceira\/","title":{"rendered":"Cabanas Pausa, Praia da Ribanceira, Imbituba"},"content":{"rendered":"<p><strong><span style=\"font-family: georgia, palatino, serif; font-size: 10pt;\">CABANAS PAUSA<\/span><\/strong><\/p>\n<p><strong><span style=\"font-family: georgia, palatino, serif; font-size: 10pt;\">Praia da Ribanceira, Imbituba.<\/span><\/strong><\/p>\n<p style=\"text-align: left;\"><span style=\"font-family: georgia, palatino, serif; font-size: 12px;\"><span style=\"font-family: georgia, palatino, serif;\"><span style=\"font-size: 12px;\"><b>Cabanas <\/b><\/span><\/span><span style=\"color: #000000; font-family: georgia, palatino, serif;\"><span style=\"font-size: 12px;\"><b>bangalos <\/b><\/span><\/span><span style=\"font-family: georgia, palatino, serif;\"><span style=\"font-size: 12px;\"><b>para 2\/3 pessoas, e 1 cabana de 2 dormit\u00f3rios, \u00e0 150 m da Praia da Ribanceira,&nbsp;<\/b><\/span><\/span><\/span><\/p>\n<p><span style=\"font-family: georgia, palatino, serif; font-size: 10pt;\">Localizada na praia da Ribanceira, pr\u00f3ximo a Barra de Ibiraquera (2 km) e do centro de Imbituba (4 km) . Oferecemos cabanas com vista para o mar.<\/span><\/p>\n<p>\t\t<div id=\"grsGal0\" class=\"grsGal0 grsTemplate2\">\t\t\t<div class=\"grsGalCont\" ng-controller=\"grsFilm0\" ng-show=\"params.cssReady\" >\t\t\t\t<grs-film params=\"params\" resize scroll><\/grs-film>\t\t\t<\/div>\t\t<\/div>\t\t\t\t\t<script>\t\t\tvar grsAtts0 = jQuery.parseJSON('{\"id\":\"84\",\"view\":\"Film\",\"theme\":\"2\",\"width\":\"300\",\"height\":\"160\",\"contwidth\":\"100\",\"imagesperpage\":\"20\",\"nav\":\"buttons\",\"title\":\"no\",\"orderby\":\"order\",\"ordering\":\"ASC\",\"clickaction\":\"openLightbox\",\"openlinktarget\":\"_top\",\"lightboxwidth\":\"800\",\"lightboxheight\":\"600\",\"lightboxfilmstrip\":\"undefined\",\"lightboxcomment\":\"undefined\",\"lightboxcontbutts\":\"1\",\"lightboxfullw\":\"1\",\"lightboxfbutt\":\"1\",\"lightboxtbutt\":\"1\",\"lightboxpbutt\":\"1\",\"lightboxtbbutt\":\"1\",\"lightboxlibutt\":\"1\",\"lightboxreddbutt\":\"1\",\"lightboxfsbutt\":\"1\",\"lightboxap\":\"1\",\"lightboxapin\":\"1\",\"lightboximinf\":\"1\",\"lightboxswipe\":\"1\",\"lightboximcn\":\"1\",\"lightboxeffect\":\"fade\",\"themeLastModDate\":\"1499898380\"}');\t\t\tgrsApp.controller('grsFilm0', ['$scope', 'GrsService',\t\t\t\tfunction ($scope, GrsService) {\t\t\t\t\t$scope.params = {\t\t\t\t\t\tshatts: grsAtts0,\t\t\t\t\t\tgrs: '0',\t\t\t\t\t\tdata: {\t\t\t\t\t\t\timages : [],\t\t\t\t\t\t\tcomments: [],\t\t\t\t\t\t\ttheme: {}\t\t\t\t\t\t},\t\t\t\t\t\tcssReady: false\t\t\t\t\t};\t\t\t\t\tinsertCss(grsAtts0, '0');\t\t\t\t}\t\t\t]);\t\t<\/script>\t\t<span style=\"font-family: georgia, palatino, serif; font-size: 10pt;\"><strong>Cabanas para 3 pessoas<\/strong>, sem cozinha, (cozinha comunit\u00e1ria bem equipada.<\/span>&nbsp;<\/p>\n<p><span style=\"font-family: georgia, palatino, serif; font-size: 10pt;\"><strong>Cabana de 2 dormit\u00f3rio<\/strong>s, com cozinha completa, para ate&nbsp; 6 pessoas,, sala,cozinha completa. <\/span><\/p>\n<p><span style=\"font-family: georgia, palatino, serif; font-size: 10pt;\">Local de f\u00e1cil acesso, tranq\u00fcilo e aconchegante.<\/span><\/p>\n<p><span style=\"font-family: georgia, palatino, serif; font-size: 10pt;\">WI FI<\/span><\/p>\n<p><span style=\"font-family: georgia, palatino, serif; font-size: 10pt;\">Pr\u00f3ximo das Dunas.<\/span><\/p>\n<hr>\n<div align=\"center\">\n<p><span style=\"font-family: georgia, palatino, serif; font-size: 10pt;\">Praia da Ribanceira &#8211; Imbituba &#8211; SC<\/span><\/p>\n<hr>\n<p><strong><span style=\"font-family: georgia, palatino, serif; font-size: 10pt;\">Contato:&nbsp; &nbsp;48 99928-6702 Toque ou clique no icono do whats abaixo da pagina&nbsp; e entre em contato direto<\/span><\/strong><\/p>\n<\/div>\n","protected":false},"excerpt":{"rendered":"<p>CABANAS PAUSA Praia da Ribanceira, Imbituba. Cabanas bangalos para 2\/3 pessoas, e 1 cabana de 2 dormit\u00f3rios, \u00e0 150 m da Praia da Ribanceira,&nbsp; Localizada na praia da Ribanceira, pr\u00f3ximo &hellip;<\/p>\n","protected":false},"author":1,"featured_media":0,"parent":0,"menu_order":0,"comment_status":"closed","ping_status":"closed","template":"","meta":{"ngg_post_thumbnail":0,"_joinchat":{"telephone":"+5548999286702","message_text":"Al\u00f3, poso lhe ajudar ?\nvoc\u00ea entrou em contato com \u00e0 pousada cabanas Pausa, praia da Ribanceira, Imbituba.\n\u00c9 consulta ou reserva ?","message_send":"mensagem proveniente de saofrancicodosul.tur.br \/ garopabaimbituba.com.br\nsobre consulta ou reserva \/ CABANAS PAUSA"},"footnotes":""},"class_list":["post-3300","page","type-page","status-publish","hentry"],"aioseo_notices":[],"_links":{"self":[{"href":"https:\/\/saofranciscodosul.tur.br\/novosite\/wp-json\/wp\/v2\/pages\/3300","targetHints":{"allow":["GET"]}}],"collection":[{"href":"https:\/\/saofranciscodosul.tur.br\/novosite\/wp-json\/wp\/v2\/pages"}],"about":[{"href":"https:\/\/saofranciscodosul.tur.br\/novosite\/wp-json\/wp\/v2\/types\/page"}],"author":[{"embeddable":true,"href":"https:\/\/saofranciscodosul.tur.br\/novosite\/wp-json\/wp\/v2\/users\/1"}],"replies":[{"embeddable":true,"href":"https:\/\/saofranciscodosul.tur.br\/novosite\/wp-json\/wp\/v2\/comments?post=3300"}],"version-history":[{"count":6,"href":"https:\/\/saofranciscodosul.tur.br\/novosite\/wp-json\/wp\/v2\/pages\/3300\/revisions"}],"predecessor-version":[{"id":5687,"href":"https:\/\/saofranciscodosul.tur.br\/novosite\/wp-json\/wp\/v2\/pages\/3300\/revisions\/5687"}],"wp:attachment":[{"href":"https:\/\/saofranciscodosul.tur.br\/novosite\/wp-json\/wp\/v2\/media?parent=3300"}],"curies":[{"name":"wp","href":"https:\/\/api.w.org\/{rel}","templated":true}]}}