{"id":3255,"date":"2020-07-15T05:38:28","date_gmt":"2020-07-15T08:38:28","guid":{"rendered":"http:\/\/saofranciscodosul.tur.br\/novosite\/?page_id=3255"},"modified":"2023-09-04T10:15:43","modified_gmt":"2023-09-04T13:15:43","slug":"pousada-imbituba-pouso-das-aguas","status":"publish","type":"page","link":"https:\/\/saofranciscodosul.tur.br\/novosite\/pousada-imbituba-pouso-das-aguas\/","title":{"rendered":"Pousada Pouso das \u00c1guas, Imbituba"},"content":{"rendered":"<p><strong><span style=\"font-family: georgia, palatino, serif; font-size: 10pt;\">POUSADA POUSO DAS \u00c1GUAS<\/span><\/strong><\/p>\n<p style=\"text-align: left;\"><span style=\"font-family: georgia, palatino, serif; font-size: 10pt;\">Barra de Ibraquera, Imbituba<\/span><\/p>\n<div><span style=\"font-family: georgia, palatino, serif; font-size: 10pt;\">Oferecemos: Apartamentos de&nbsp; 1, 2 e 3 quartos, para 2 \/ 8 pessoas, frente ao mar.&nbsp;<\/span><\/div>\n<div>&nbsp;<\/div>\n<div>\t\t<div id=\"grsGal0\" class=\"grsGal0 grsTemplate2\">\t\t\t<div class=\"grsGalCont\" ng-controller=\"grsFilm0\" ng-show=\"params.cssReady\" >\t\t\t\t<grs-film params=\"params\" resize scroll><\/grs-film>\t\t\t<\/div>\t\t<\/div>\t\t\t\t\t<script>\t\t\tvar grsAtts0 = jQuery.parseJSON('{\"id\":\"77\",\"view\":\"Film\",\"theme\":\"2\",\"width\":\"300\",\"height\":\"160\",\"contwidth\":\"100\",\"imagesperpage\":\"20\",\"nav\":\"buttons\",\"title\":\"no\",\"orderby\":\"order\",\"ordering\":\"ASC\",\"clickaction\":\"openLightbox\",\"openlinktarget\":\"_top\",\"lightboxwidth\":\"800\",\"lightboxheight\":\"600\",\"lightboxfilmstrip\":\"undefined\",\"lightboxcomment\":\"undefined\",\"lightboxcontbutts\":\"1\",\"lightboxfullw\":\"1\",\"lightboxfbutt\":\"1\",\"lightboxtbutt\":\"1\",\"lightboxpbutt\":\"1\",\"lightboxtbbutt\":\"1\",\"lightboxlibutt\":\"1\",\"lightboxreddbutt\":\"1\",\"lightboxfsbutt\":\"1\",\"lightboxap\":\"1\",\"lightboxapin\":\"1\",\"lightboximinf\":\"1\",\"lightboxswipe\":\"1\",\"lightboximcn\":\"1\",\"lightboxeffect\":\"fade\",\"themeLastModDate\":\"1499898380\"}');\t\t\tgrsApp.controller('grsFilm0', ['$scope', 'GrsService',\t\t\t\tfunction ($scope, GrsService) {\t\t\t\t\t$scope.params = {\t\t\t\t\t\tshatts: grsAtts0,\t\t\t\t\t\tgrs: '0',\t\t\t\t\t\tdata: {\t\t\t\t\t\t\timages : [],\t\t\t\t\t\t\tcomments: [],\t\t\t\t\t\t\ttheme: {}\t\t\t\t\t\t},\t\t\t\t\t\tcssReady: false\t\t\t\t\t};\t\t\t\t\tinsertCss(grsAtts0, '0');\t\t\t\t}\t\t\t]);\t\t<\/script>\t\t<\/div>\n<div>&nbsp;<\/div>\n<div><span style=\"font-family: georgia, palatino, serif; font-size: 12px;\">Apartamentos confort\u00e1veis, com cozinha completa, wi fi, cama box.&nbsp;<\/span><span style=\"font-family: georgia, palatino, serif; font-size: 12px;\">Com sacada, rede e linda vista da da praia, Ilha do Batuta, e o porto de Imbituba.<\/span><\/div>\n<div>&nbsp;<\/div>\n<div><span style=\"font-family: georgia, palatino, serif; font-size: 12px;\">Cozinha equipada com fog\u00e3o, liquidificador, sanduicheira el\u00e9trica.<\/span><\/div>\n<div>&nbsp;<\/div>\n<div><span style=\"font-family: georgia, palatino, serif; font-size: 12px;\"> TV 21&#8242;.<\/span><\/div>\n<div>&nbsp;<\/div>\n<div><span style=\"font-family: georgia, palatino, serif; font-size: 12px;\">WI FI<\/span><\/div>\n<div>&nbsp;<\/div>\n<div><span style=\"font-family: georgia, palatino, serif; font-size: 12px;\">Quiosque com churrasqueiras.<\/span><\/div>\n<div>&nbsp;<\/div>\n<div><span style=\"font-family: georgia, palatino, serif; font-size: 12px;\">Jogos para crian\u00e7as.<\/span><\/div>\n<hr>\n<p style=\"text-align: center;\"><span style=\"font-family: arial, helvetica, sans-serif;\"><span style=\"font-size: 12px;\">R. Florian\u00f3plis, s\/n &#8211;&nbsp;Praia da Barra de Ibiraquera &#8211; SC<\/span><\/span><\/p>\n<hr>\n<p style=\"text-align: center;\"><span style=\"font-size: 12px; font-family: arial, helvetica, sans-serif;\"><strong>Contato: (48) 3355-3036 \/ 48 99965-0440&nbsp; Toque ou clique no icono ndo whats anaixo da pagina, e entre em contato direto<\/strong><\/span><\/p>\n","protected":false},"excerpt":{"rendered":"<p>POUSADA POUSO DAS \u00c1GUAS Barra de Ibraquera, Imbituba Oferecemos: Apartamentos de&nbsp; 1, 2 e 3 quartos, para 2 \/ 8 pessoas, frente ao mar.&nbsp; &nbsp; &nbsp; Apartamentos confort\u00e1veis, com cozinha &hellip;<\/p>\n","protected":false},"author":1,"featured_media":0,"parent":0,"menu_order":0,"comment_status":"closed","ping_status":"closed","template":"","meta":{"ngg_post_thumbnail":0,"_joinchat":{"telephone":"+5548999650440","message_text":"Al\u00f3, poso lhe ajudar ?\nvoc\u00ea entrou em contato com \u00e0 pousada Pouso das \u00c1guas, na barra de Ibiraquera.\n\u00c9 consulta ou reserva ?","message_send":"mensagem proveniente de saofrancicodosul.tur.br \/ garopabaimbituba.com.br\nsobre consulta ou reserva"},"footnotes":""},"class_list":["post-3255","page","type-page","status-publish","hentry"],"aioseo_notices":[],"_links":{"self":[{"href":"https:\/\/saofranciscodosul.tur.br\/novosite\/wp-json\/wp\/v2\/pages\/3255","targetHints":{"allow":["GET"]}}],"collection":[{"href":"https:\/\/saofranciscodosul.tur.br\/novosite\/wp-json\/wp\/v2\/pages"}],"about":[{"href":"https:\/\/saofranciscodosul.tur.br\/novosite\/wp-json\/wp\/v2\/types\/page"}],"author":[{"embeddable":true,"href":"https:\/\/saofranciscodosul.tur.br\/novosite\/wp-json\/wp\/v2\/users\/1"}],"replies":[{"embeddable":true,"href":"https:\/\/saofranciscodosul.tur.br\/novosite\/wp-json\/wp\/v2\/comments?post=3255"}],"version-history":[{"count":4,"href":"https:\/\/saofranciscodosul.tur.br\/novosite\/wp-json\/wp\/v2\/pages\/3255\/revisions"}],"predecessor-version":[{"id":14289,"href":"https:\/\/saofranciscodosul.tur.br\/novosite\/wp-json\/wp\/v2\/pages\/3255\/revisions\/14289"}],"wp:attachment":[{"href":"https:\/\/saofranciscodosul.tur.br\/novosite\/wp-json\/wp\/v2\/media?parent=3255"}],"curies":[{"name":"wp","href":"https:\/\/api.w.org\/{rel}","templated":true}]}}