{"id":3202,"date":"2020-06-28T13:28:23","date_gmt":"2020-06-28T16:28:23","guid":{"rendered":"http:\/\/saofranciscodosul.tur.br\/novosite\/?page_id=3202"},"modified":"2023-09-19T14:30:00","modified_gmt":"2023-09-19T17:30:00","slug":"casa-aldo-nunes-barra-de-ibiraquera","status":"publish","type":"page","link":"https:\/\/saofranciscodosul.tur.br\/novosite\/casa-aldo-nunes-barra-de-ibiraquera\/","title":{"rendered":"Casa Aldo Nunes, Barra de Ibiraquera, Imbituba"},"content":{"rendered":"<p><span style=\"font-family: georgia, palatino, serif; font-size: 10pt;\"><strong>CASA DO ALDO NUNES<\/strong><\/span><\/p>\n<p>&nbsp;<\/p>\n<p><strong><span style=\"font-family: georgia, palatino, serif; font-size: 10pt;\">Barra de Ibiraquera, Imbituba<\/span><\/strong><\/p>\n<p><span style=\"font-size: 10pt; font-family: georgia, palatino, serif;\">Casa de <strong>4 dormit\u00f3rios, sendo&nbsp; 1 su\u00edte <\/strong> com ar condicionados, \u00e0 350 metros da praia, patio fechado.<\/span><\/p>\n\t\t<div id=\"grsGal0\" class=\"grsGal0 grsTemplate2\">\t\t\t<div class=\"grsGalCont\" ng-controller=\"grsFilm0\" ng-show=\"params.cssReady\" >\t\t\t\t<grs-film params=\"params\" resize scroll><\/grs-film>\t\t\t<\/div>\t\t<\/div>\t\t\t\t\t<script>\t\t\tvar grsAtts0 = jQuery.parseJSON('{\"id\":\"134\",\"view\":\"Film\",\"theme\":\"2\",\"width\":\"300\",\"height\":\"160\",\"contwidth\":\"100\",\"imagesperpage\":\"20\",\"nav\":\"buttons\",\"title\":\"onhover\",\"orderby\":\"order\",\"ordering\":\"ASC\",\"clickaction\":\"openLightbox\",\"openlinktarget\":\"_top\",\"lightboxwidth\":\"800\",\"lightboxheight\":\"600\",\"lightboxfilmstrip\":\"undefined\",\"lightboxcomment\":\"undefined\",\"lightboxcontbutts\":\"1\",\"lightboxfullw\":\"1\",\"lightboxfbutt\":\"1\",\"lightboxtbutt\":\"1\",\"lightboxpbutt\":\"1\",\"lightboxtbbutt\":\"1\",\"lightboxlibutt\":\"1\",\"lightboxreddbutt\":\"1\",\"lightboxfsbutt\":\"1\",\"lightboxap\":\"1\",\"lightboxapin\":\"1\",\"lightboximinf\":\"1\",\"lightboxswipe\":\"1\",\"lightboximcn\":\"1\",\"lightboxeffect\":\"fade\",\"themeLastModDate\":\"1499898380\"}');\t\t\tgrsApp.controller('grsFilm0', ['$scope', 'GrsService',\t\t\t\tfunction ($scope, GrsService) {\t\t\t\t\t$scope.params = {\t\t\t\t\t\tshatts: grsAtts0,\t\t\t\t\t\tgrs: '0',\t\t\t\t\t\tdata: {\t\t\t\t\t\t\timages : [],\t\t\t\t\t\t\tcomments: [],\t\t\t\t\t\t\ttheme: {}\t\t\t\t\t\t},\t\t\t\t\t\tcssReady: false\t\t\t\t\t};\t\t\t\t\tinsertCss(grsAtts0, '0');\t\t\t\t}\t\t\t]);\t\t<\/script>\t\t\n<p style=\"text-align: left;\" align=\"center\"><span style=\"font-size: 10pt; font-family: georgia, palatino, serif;\">Com 4 quartos, sendo<strong> uma 1 su\u00edte com ar condicionado, e mais um ar condicionado <\/strong>(total 2 ar)<\/span><\/p>\n<p style=\"text-align: left;\" align=\"center\"><span style=\"font-size: 10pt; font-family: georgia, palatino, serif;\"><strong>Mais dois banheiros e um lavabo.<\/strong><\/span><\/p>\n<p><span style=\"font-size: 10pt; font-family: georgia, palatino, serif;\"> Cozinha com micro-ondas, forno el\u00e9trico, refrigerador duplex, bebedouro refrigerado, etc. <\/span><\/p>\n<p><span style=\"font-size: 10pt; font-family: georgia, palatino, serif;\">Sala ampla.<\/span><\/p>\n<p><strong><span style=\"font-size: 10pt; font-family: georgia, palatino, serif;\">Duas TVs LED com canais abertos da Oi, .<\/span><\/strong><\/p>\n<p><span style=\"font-size: 10pt; font-family: georgia, palatino, serif;\">Ar condicionado em 1 dormit\u00f3rio, ventiladores nos outros dormit\u00f3rios.<\/span><\/p>\n<p><span style=\"font-size: 10pt; font-family: georgia, palatino, serif;\"> Tr\u00eas dormit\u00f3rios com cama box Queen e um com cama box King.<\/span><\/p>\n<p><span style=\"font-size: 10pt; font-family: georgia, palatino, serif;\"> \u00c1rea com Churrasqueira com ampla mesa, garagem para 3-4 carros (1 coberta).<\/span><\/p>\n<p><span style=\"font-size: 10pt; font-family: georgia, palatino, serif;\">Lavanderia com m\u00e1quina de lavar roupas.<\/span><\/p>\n<p><span style=\"font-size: 10pt; font-family: georgia, palatino, serif;\"> Terreno murado e frente com grades e port\u00e3o eletr\u00f4nico. Boa vizinhan\u00e7a e bem segura. Casa em rua pavimentada.<\/span><\/p>\n<hr>\n<p style=\"text-align: center;\"><span style=\"font-size: 10pt; font-family: georgia, palatino, serif;\">Rua das Palmeiras, 247. Barra de Ibiraquera. Imbituba.<\/span><\/p>\n<hr>\n<p style=\"text-align: center;\" align=\"center\"><strong><span style=\"font-family: georgia, palatino, serif; font-size: 10pt;\">Contato:&nbsp;&nbsp; (48) 3236-1510 \/&nbsp; 48 99133-1510&nbsp; &nbsp;&nbsp;<\/span><\/strong><\/p>\n","protected":false},"excerpt":{"rendered":"<p>CASA DO ALDO NUNES &nbsp; Barra de Ibiraquera, Imbituba Casa de 4 dormit\u00f3rios, sendo&nbsp; 1 su\u00edte com ar condicionados, \u00e0 350 metros da praia, patio fechado. Com 4 quartos, sendo &hellip;<\/p>\n","protected":false},"author":1,"featured_media":0,"parent":0,"menu_order":0,"comment_status":"closed","ping_status":"closed","template":"","meta":{"ngg_post_thumbnail":0,"_joinchat":{"telephone":"+5548991331510","message_text":"Al\u00f3, poso lhe ajudar ?\nvoc\u00ea entrou em contato com \u00e0 Casa de Aldo nunes, na praia barra de Ibiraquera, Imbituba.\n\u00c9 consulta ou reserva ?","message_send":"mensagem proveniente de saofrancicodosul.tur.br \/ garopabaimbituba.com.br\nsobre consulta ou reserva"},"footnotes":""},"class_list":["post-3202","page","type-page","status-publish","hentry"],"aioseo_notices":[],"_links":{"self":[{"href":"https:\/\/saofranciscodosul.tur.br\/novosite\/wp-json\/wp\/v2\/pages\/3202","targetHints":{"allow":["GET"]}}],"collection":[{"href":"https:\/\/saofranciscodosul.tur.br\/novosite\/wp-json\/wp\/v2\/pages"}],"about":[{"href":"https:\/\/saofranciscodosul.tur.br\/novosite\/wp-json\/wp\/v2\/types\/page"}],"author":[{"embeddable":true,"href":"https:\/\/saofranciscodosul.tur.br\/novosite\/wp-json\/wp\/v2\/users\/1"}],"replies":[{"embeddable":true,"href":"https:\/\/saofranciscodosul.tur.br\/novosite\/wp-json\/wp\/v2\/comments?post=3202"}],"version-history":[{"count":2,"href":"https:\/\/saofranciscodosul.tur.br\/novosite\/wp-json\/wp\/v2\/pages\/3202\/revisions"}],"predecessor-version":[{"id":14496,"href":"https:\/\/saofranciscodosul.tur.br\/novosite\/wp-json\/wp\/v2\/pages\/3202\/revisions\/14496"}],"wp:attachment":[{"href":"https:\/\/saofranciscodosul.tur.br\/novosite\/wp-json\/wp\/v2\/media?parent=3202"}],"curies":[{"name":"wp","href":"https:\/\/api.w.org\/{rel}","templated":true}]}}