{"id":3079,"date":"2020-06-13T09:46:13","date_gmt":"2020-06-13T12:46:13","guid":{"rendered":"http:\/\/saofranciscodosul.tur.br\/novosite\/?page_id=3079"},"modified":"2023-09-04T09:29:26","modified_gmt":"2023-09-04T12:29:26","slug":"pousada-cabanas-alem-do-jardim-praia-do-rosa","status":"publish","type":"page","link":"https:\/\/saofranciscodosul.tur.br\/novosite\/pousada-cabanas-alem-do-jardim-praia-do-rosa\/","title":{"rendered":"Pousada Cabanas Alem do jardim, Praia do Rosa"},"content":{"rendered":"<p style=\"text-align: left;\"><span style=\"font-size: 10pt;\"><strong><span style=\"font-family: georgia, palatino, serif;\">POUSADA CABANAS ALEM DO JARDIM<\/span><\/strong><\/span><\/p>\n<p><span style=\"font-family: georgia, palatino, serif; font-size: 10pt;\">SC, Imbituba, Praia do Rosa.<\/span><\/p>\n<p><span style=\"font-family: georgia, palatino, serif; font-size: 10pt;\">Localizada no centro da Praia do Rosa, &nbsp;oferecemos &nbsp;15 apartamentos com Split-ar condicionado.<\/span><\/p>\n<p>\t\t<div id=\"grsGal0\" class=\"grsGal0 grsTemplate2\">\t\t\t<div class=\"grsGalCont\" ng-controller=\"grsFilm0\" ng-show=\"params.cssReady\" >\t\t\t\t<grs-film params=\"params\" resize scroll><\/grs-film>\t\t\t<\/div>\t\t<\/div>\t\t\t\t\t<script>\t\t\tvar grsAtts0 = jQuery.parseJSON('{\"id\":\"122\",\"view\":\"Film\",\"theme\":\"2\",\"width\":\"300\",\"height\":\"160\",\"contwidth\":\"100\",\"imagesperpage\":\"20\",\"nav\":\"buttons\",\"title\":\"no\",\"orderby\":\"order\",\"ordering\":\"ASC\",\"clickaction\":\"openLightbox\",\"openlinktarget\":\"_top\",\"lightboxwidth\":\"800\",\"lightboxheight\":\"600\",\"lightboxfilmstrip\":\"undefined\",\"lightboxcomment\":\"undefined\",\"lightboxcontbutts\":\"1\",\"lightboxfullw\":\"1\",\"lightboxfbutt\":\"1\",\"lightboxtbutt\":\"1\",\"lightboxpbutt\":\"1\",\"lightboxtbbutt\":\"1\",\"lightboxlibutt\":\"1\",\"lightboxreddbutt\":\"1\",\"lightboxfsbutt\":\"1\",\"lightboxap\":\"1\",\"lightboxapin\":\"1\",\"lightboximinf\":\"1\",\"lightboxswipe\":\"1\",\"lightboximcn\":\"1\",\"lightboxeffect\":\"fade\",\"themeLastModDate\":\"1499898380\"}');\t\t\tgrsApp.controller('grsFilm0', ['$scope', 'GrsService',\t\t\t\tfunction ($scope, GrsService) {\t\t\t\t\t$scope.params = {\t\t\t\t\t\tshatts: grsAtts0,\t\t\t\t\t\tgrs: '0',\t\t\t\t\t\tdata: {\t\t\t\t\t\t\timages : [],\t\t\t\t\t\t\tcomments: [],\t\t\t\t\t\t\ttheme: {}\t\t\t\t\t\t},\t\t\t\t\t\tcssReady: false\t\t\t\t\t};\t\t\t\t\tinsertCss(grsAtts0, '0');\t\t\t\t}\t\t\t]);\t\t<\/script>\t\t<span style=\"font-family: georgia, palatino, serif; font-size: 10pt;\"><strong>S\u00e3o 3 cabanas completas, 6 su\u00edtes no andar t\u00e9rreo e 6 su\u00edtes de luxo no primeiro andar<\/strong>, todas distribu\u00eddas em uma grande \u00e1rea verde com visual para o encantador jardim. Todas com deck, rede e visual panor\u00e2mica.&nbsp;Excelente caf\u00e9 da manh\u00e3 servido em um cen\u00e1rio deslumbrante voltado para a piscina. Voc\u00ea pode desfrutar diariamente um caf\u00e9 da manh\u00e3 que inclui uma variedade de frutas, iogurtes, p\u00e3es, pudins, bebidas quentes e sucos naturais.<\/span><\/p>\n<p><strong><span style=\"font-family: georgia, palatino, serif; font-size: 10pt;\">Dispomos de su\u00edte standard,&nbsp; luxo e&nbsp; cabanas, todos equipados com:<\/span><\/strong><br \/>\n<span style=\"font-family: georgia, palatino, serif; font-size: 10pt;\">Servi\u00e7o de camareira di\u00e1rio<\/span><br \/>\n<span style=\"font-family: georgia, palatino, serif; font-size: 10pt;\">Roupa de cama e banho<\/span><br \/>\n<span style=\"font-family: georgia, palatino, serif; font-size: 10pt;\">Banheiro privativo<\/span><br \/>\n<span style=\"font-family: georgia, palatino, serif; font-size: 10pt;\">Frigobar<\/span><br \/>\n<span style=\"font-family: georgia, palatino, serif; font-size: 10pt;\">TV led com antena parab\u00f3lica e DVD<\/span><br \/>\n<span style=\"font-family: georgia, palatino, serif; font-size: 10pt;\">Telefone &amp;&nbsp;Ventilador<\/span><br \/>\n<span style=\"font-family: georgia, palatino, serif; font-size: 10pt;\">Guarda-roupa<\/span><br \/>\n<span style=\"font-family: georgia, palatino, serif; font-size: 10pt;\">Cofre<\/span><br \/>\n<span style=\"font-family: georgia, palatino, serif; font-size: 10pt;\">Deck com rede<\/span><br \/>\n<span style=\"font-family: georgia, palatino, serif; font-size: 10pt;\">Internet Wi-Fi<\/span><br \/>\n<span style=\"font-family: georgia, palatino, serif; font-size: 10pt;\">Cozinha completa (s\u00f3 nas Cabanas)<\/span><br \/>\n<span style=\"font-family: georgia, palatino, serif; font-size: 10pt;\">Split-ar condicionado<\/span><\/p>\n<hr>\n<p style=\"text-align: center;\"><span style=\"font-family: georgia, palatino, serif; font-size: 10pt;\">Av. Central do Rosa s\/n \/ Praia do Rosa, Imbituba.<\/span><\/p>\n<hr>\n<p style=\"text-align: center;\"><span style=\"font-family: georgia, palatino, serif; font-size: 10pt;\">Contato: &nbsp;55 (48) 3355-6178&nbsp; \/ &nbsp;55 (48) 99835-4397 <\/span><span style=\"font-family: georgia, palatino, serif; font-size: 10pt;\">Toque ou clique no icon<\/span><span style=\"font-family: georgia, palatino, serif; font-size: 10pt;\">o&nbsp; do whats e entre em contato direto<\/span><\/p>\n","protected":false},"excerpt":{"rendered":"<p>POUSADA CABANAS ALEM DO JARDIM SC, Imbituba, Praia do Rosa. Localizada no centro da Praia do Rosa, &nbsp;oferecemos &nbsp;15 apartamentos com Split-ar condicionado. S\u00e3o 3 cabanas completas, 6 su\u00edtes no &hellip;<\/p>\n","protected":false},"author":1,"featured_media":0,"parent":0,"menu_order":0,"comment_status":"closed","ping_status":"closed","template":"","meta":{"ngg_post_thumbnail":0,"_joinchat":{"telephone":"+5548998354397","message_text":"Al\u00f3, poso lhe ajudar ?\nvoc\u00ea entrou em contato com \u00e0 pousada Alem do Jard\u00edm, Praia do Rosa, Ibiraquera.\n\u00c9 consulta ou reserva ?","message_send":"mensagem proveniente de saofrancicodosul.tur.br \/ garopabaimbituba.com.br\nsobre consulta ou reserva"},"footnotes":""},"class_list":["post-3079","page","type-page","status-publish","hentry"],"aioseo_notices":[],"_links":{"self":[{"href":"https:\/\/saofranciscodosul.tur.br\/novosite\/wp-json\/wp\/v2\/pages\/3079","targetHints":{"allow":["GET"]}}],"collection":[{"href":"https:\/\/saofranciscodosul.tur.br\/novosite\/wp-json\/wp\/v2\/pages"}],"about":[{"href":"https:\/\/saofranciscodosul.tur.br\/novosite\/wp-json\/wp\/v2\/types\/page"}],"author":[{"embeddable":true,"href":"https:\/\/saofranciscodosul.tur.br\/novosite\/wp-json\/wp\/v2\/users\/1"}],"replies":[{"embeddable":true,"href":"https:\/\/saofranciscodosul.tur.br\/novosite\/wp-json\/wp\/v2\/comments?post=3079"}],"version-history":[{"count":3,"href":"https:\/\/saofranciscodosul.tur.br\/novosite\/wp-json\/wp\/v2\/pages\/3079\/revisions"}],"predecessor-version":[{"id":14281,"href":"https:\/\/saofranciscodosul.tur.br\/novosite\/wp-json\/wp\/v2\/pages\/3079\/revisions\/14281"}],"wp:attachment":[{"href":"https:\/\/saofranciscodosul.tur.br\/novosite\/wp-json\/wp\/v2\/media?parent=3079"}],"curies":[{"name":"wp","href":"https:\/\/api.w.org\/{rel}","templated":true}]}}