{"id":291,"date":"2017-05-24T20:30:44","date_gmt":"2017-05-24T23:30:44","guid":{"rendered":"http:\/\/localhost\/saofranciscodosul\/?page_id=291"},"modified":"2021-04-06T15:13:19","modified_gmt":"2021-04-06T18:13:19","slug":"imoveis-sao-francisco-do-sul-santa-catarina-sc","status":"publish","type":"page","link":"https:\/\/saofranciscodosul.tur.br\/novosite\/imoveis-sao-francisco-do-sul-santa-catarina-sc\/","title":{"rendered":"Im\u00f3veis S\u00e3o Francisco do Sul, Santa Catarina, SC"},"content":{"rendered":"<p><span style=\"font-family: arial, helvetica, sans-serif; font-size: 8pt;\">S\u00e3o francisco do Sul &gt; im\u00f3veis &gt; imobili\u00e1rias &gt; vendas &gt; casas &gt; terrenos &gt; aluguel de temporada &gt; casa &gt; apartamentos &gt; s\u00e3o francisco do sul<\/span><\/p>\n<p style=\"text-align: center;\"><span style=\"color: #ff0000; font-size: 10pt;\"><strong><span style=\"font-family: georgia, palatino, serif;\">IM\u00d3VEIS DE S\u00c3O FRANCISCO DO SUL<\/span><\/strong><\/span><\/p>\n<p><span style=\"font-size: 10pt; font-family: arial, helvetica, sans-serif;\">**Guia de hospedagem em im\u00f3veis de temporada, aluguel de casas e apartamentos nas praias de S\u00e3o Francisco do Sul, Prainha, praia Ubatuba, Itagua\u00e7u, praia da Enseada, praia do Capri, centro hist\u00f3rico, Ingleses, praia Grande e praia do Ervino.<\/span><\/p>\n<p><span style=\"font-size: 10pt; font-family: arial, helvetica, sans-serif;\">**Compra e venda de im\u00f3veis , casas , terrenos e condom\u00ednios. Imobili\u00e1rias de S\u00e3o Francisco do Sul.<\/span><\/p>\n<p style=\"text-align: left;\"><span style=\"font-family: 'arial black', sans-serif; font-size: 10pt;\"><span style=\"font-size: 18pt;\"><strong><span style=\"color: #ff0000;\">\u21d2 <\/span><\/strong><\/span><\/span>&nbsp;<span style=\"font-size: 10pt;\"><strong><a href=\"http:\/\/saofranciscodosul.tur.br\/novosite\/aluguel-por-temporada\/\" target=\"_blank\" rel=\"noopener noreferrer\">Aluguel por temporada<\/a><\/strong><\/span><\/p>\n<p><span style=\"font-family: 'arial black', sans-serif; font-size: 10pt;\"><strong> <span style=\"font-size: 18pt;\"><span style=\"color: #ff0000;\">\u21d2<\/span><\/span> &nbsp; <span style=\"font-family: georgia, palatino, serif;\">&nbsp;Im\u00f3veis \u00e1 venda<\/span><\/strong><\/span><\/p>\n<hr>\n<p style=\"text-align: left;\"><span style=\"font-family: 'courier new', courier, monospace;\"><strong><span style=\"font-size: 13.3333px;\">DESTINO \/ PRAIAS<\/span><\/strong><\/span><\/p>\n<p style=\"text-align: center;\"><\/p>\n<hr>\n<p><span style=\"color: #a82a2a; font-size: 10pt;\"><strong><em>CONHE\u00c7A OUTROS DESTINOS DO LITORAL DE SANTA CATARINA<\/em><\/strong><\/span><\/p>\n<p style=\"text-align: center;\"><span style=\"font-size: 10pt; color: #000000;\"><strong>NOVA PLATAFORMA DE CONSULTAS E RESERVAS PELO<span style=\"color: #0fa30f;\"> WHATSAPP<\/span><\/strong><\/span><\/p>\n<p><span style=\"color: #000000;\"><b>Praias de I<\/b><\/span><strong>mbituba<\/strong> e <strong>Garopaba<\/strong>, praia da barra de Ibiraquera, Praia do Rosa e Luz. Conhe\u00e7a ditos roteiros, escolha no slider embaixo, e aproveite as promo\u00e7\u00f5es, com pre\u00e7os diretos.<\/p>\n\n<p>&nbsp;<\/p>\n","protected":false},"excerpt":{"rendered":"<p>S\u00e3o francisco do Sul &gt; im\u00f3veis &gt; imobili\u00e1rias &gt; vendas &gt; casas &gt; terrenos &gt; aluguel de temporada &gt; casa &gt; apartamentos &gt; s\u00e3o francisco do sul IM\u00d3VEIS DE S\u00c3O &hellip;<\/p>\n","protected":false},"author":2,"featured_media":0,"parent":0,"menu_order":0,"comment_status":"closed","ping_status":"closed","template":"","meta":{"ngg_post_thumbnail":0,"_joinchat":{"telephone":"+5548996649997","message_text":"Voc\u00ea entrou em contato com a plataforma de hospedagem e reservas saofranciscodosul.tur.br","message_send":"mensagem proveniente de saofrancisdosul.tur.br - imoveis"},"footnotes":""},"class_list":["post-291","page","type-page","status-publish","hentry"],"aioseo_notices":[],"_links":{"self":[{"href":"https:\/\/saofranciscodosul.tur.br\/novosite\/wp-json\/wp\/v2\/pages\/291","targetHints":{"allow":["GET"]}}],"collection":[{"href":"https:\/\/saofranciscodosul.tur.br\/novosite\/wp-json\/wp\/v2\/pages"}],"about":[{"href":"https:\/\/saofranciscodosul.tur.br\/novosite\/wp-json\/wp\/v2\/types\/page"}],"author":[{"embeddable":true,"href":"https:\/\/saofranciscodosul.tur.br\/novosite\/wp-json\/wp\/v2\/users\/2"}],"replies":[{"embeddable":true,"href":"https:\/\/saofranciscodosul.tur.br\/novosite\/wp-json\/wp\/v2\/comments?post=291"}],"version-history":[{"count":2,"href":"https:\/\/saofranciscodosul.tur.br\/novosite\/wp-json\/wp\/v2\/pages\/291\/revisions"}],"predecessor-version":[{"id":4657,"href":"https:\/\/saofranciscodosul.tur.br\/novosite\/wp-json\/wp\/v2\/pages\/291\/revisions\/4657"}],"wp:attachment":[{"href":"https:\/\/saofranciscodosul.tur.br\/novosite\/wp-json\/wp\/v2\/media?parent=291"}],"curies":[{"name":"wp","href":"https:\/\/api.w.org\/{rel}","templated":true}]}}