{"id":2782,"date":"2020-04-14T05:13:37","date_gmt":"2020-04-14T08:13:37","guid":{"rendered":"http:\/\/saofranciscodosul.tur.br\/novosite\/?page_id=2782"},"modified":"2023-09-04T10:04:07","modified_gmt":"2023-09-04T13:04:07","slug":"pousada-cabanas-morada-crisalida-praia-do-rosa","status":"publish","type":"page","link":"https:\/\/saofranciscodosul.tur.br\/novosite\/pousada-cabanas-morada-crisalida-praia-do-rosa\/","title":{"rendered":"Pousada Cabanas Morada Crisalida, Praia do Rosa"},"content":{"rendered":"<p><span style=\"font-family: georgia, palatino, serif;\"><strong><span style=\"font-size: 10pt;\">POUSADA MORADA CRISALIDA<\/span><\/strong><\/span><\/p>\n<p><span style=\"font-family: georgia, palatino, serif; font-size: 10pt;\">Praia do Rosa, Ibiraquera.<\/span><\/p>\n<p><span style=\"font-size: 10pt; font-family: georgia, palatino, serif;\">Localizadas no centro comercial da Praia do Rosa, e aproximadamente 1200 m da praia. Dispomos de cabanas de 1 e 2 dormit\u00f3rios, para 2\/4, e ate 8 pessoas. Numa \u00e1rea com muita vegeta\u00e7\u00e3o, privacidade.<\/span><\/p>\n<p>\t\t<div id=\"grsGal0\" class=\"grsGal0 grsTemplate2\">\t\t\t<div class=\"grsGalCont\" ng-controller=\"grsFilm0\" ng-show=\"params.cssReady\" >\t\t\t\t<grs-film params=\"params\" resize scroll><\/grs-film>\t\t\t<\/div>\t\t<\/div>\t\t\t\t\t<script>\t\t\tvar grsAtts0 = jQuery.parseJSON('{\"id\":\"94\",\"view\":\"Film\",\"theme\":\"2\",\"width\":\"300\",\"height\":\"160\",\"contwidth\":\"100\",\"imagesperpage\":\"20\",\"nav\":\"buttons\",\"title\":\"no\",\"orderby\":\"order\",\"ordering\":\"ASC\",\"clickaction\":\"openLightbox\",\"openlinktarget\":\"_top\",\"lightboxwidth\":\"800\",\"lightboxheight\":\"600\",\"lightboxfilmstrip\":\"undefined\",\"lightboxcomment\":\"undefined\",\"lightboxcontbutts\":\"1\",\"lightboxfullw\":\"1\",\"lightboxfbutt\":\"1\",\"lightboxtbutt\":\"1\",\"lightboxpbutt\":\"1\",\"lightboxtbbutt\":\"1\",\"lightboxlibutt\":\"1\",\"lightboxreddbutt\":\"1\",\"lightboxfsbutt\":\"1\",\"lightboxap\":\"1\",\"lightboxapin\":\"1\",\"lightboximinf\":\"1\",\"lightboxswipe\":\"1\",\"lightboximcn\":\"1\",\"lightboxeffect\":\"fade\",\"themeLastModDate\":\"1499898380\"}');\t\t\tgrsApp.controller('grsFilm0', ['$scope', 'GrsService',\t\t\t\tfunction ($scope, GrsService) {\t\t\t\t\t$scope.params = {\t\t\t\t\t\tshatts: grsAtts0,\t\t\t\t\t\tgrs: '0',\t\t\t\t\t\tdata: {\t\t\t\t\t\t\timages : [],\t\t\t\t\t\t\tcomments: [],\t\t\t\t\t\t\ttheme: {}\t\t\t\t\t\t},\t\t\t\t\t\tcssReady: false\t\t\t\t\t};\t\t\t\t\tinsertCss(grsAtts0, '0');\t\t\t\t}\t\t\t]);\t\t<\/script>\t\t<span style=\"font-size: 10pt; font-family: georgia, palatino, serif;\">Atendida pelos propriet\u00e1rios.<\/span>&nbsp; &nbsp;&nbsp;<\/p>\n<p><span style=\"font-family: georgia, palatino, serif; font-size: 10pt;\">Dispomos de cabanas de 1 dormit\u00f3rio para 2\/4 pessoas e 1 cabana de 2 dormit\u00f3rio para 6\/8 pessoas . Todas com cozinha completa.<\/span><\/p>\n<p><span style=\"font-family: georgia, palatino, serif; font-size: 10pt;\"><strong>INCLU\u00cdDO <\/strong>&nbsp;cafe da manh\u00e3 completo, com sucos, frutas, bolos, etc,&nbsp; (opcional)<\/span><\/p>\n<p><span style=\"font-family: georgia, palatino, serif; font-size: 10pt;\">TV, WI FI<\/span><\/p>\n<p><span style=\"font-family: georgia, palatino, serif; font-size: 10pt;\">Ventilador de teto.<\/span><\/p>\n<p><span style=\"font-family: georgia, palatino, serif; font-size: 10pt;\">\u00c1rea verde<\/span><\/p>\n<p><span style=\"font-family: georgia, palatino, serif; font-size: 10pt;\">Cofre de seguridad em cada cabana.<\/span><\/p>\n<p><span style=\"font-family: georgia, palatino, serif; font-size: 10pt;\">Estacionamento..<\/span><\/p>\n<hr>\n<p>&nbsp;<\/p>\n<p style=\"text-align: center;\"><span style=\"font-family: georgia, palatino, serif; font-size: 12px;\"><strong>Estrada geral da Praia do Rosa<\/strong><\/span><\/p>\n<p style=\"text-align: center;\"><span style=\"font-family: georgia, palatino, serif; font-size: 12px;\"><strong>Contato: (48) 3355-7090 \/ 48 99951-9099 Toque ou clique no icono do whats&nbsp; e entre em contato direto<\/strong><\/span><\/p>\n","protected":false},"excerpt":{"rendered":"<p>POUSADA MORADA CRISALIDA Praia do Rosa, Ibiraquera. Localizadas no centro comercial da Praia do Rosa, e aproximadamente 1200 m da praia. Dispomos de cabanas de 1 e 2 dormit\u00f3rios, para &hellip;<\/p>\n","protected":false},"author":1,"featured_media":0,"parent":0,"menu_order":0,"comment_status":"closed","ping_status":"closed","template":"","meta":{"ngg_post_thumbnail":0,"_joinchat":{"telephone":"+5548999519099","message_text":"Al\u00f3, poso lhe ajudar ?\nvoc\u00ea entrou em contato com pousada Morada Crisalida, da Praia do Rosa.\n\u00c9 consulta ou reserva ?","message_send":"mensagem proveniente de saofrancicodosul.tur.br \/ garopabaimbituba.com.br\nsobre consulta ou reserva. Pousada Morada Crisalida"},"footnotes":""},"class_list":["post-2782","page","type-page","status-publish","hentry"],"aioseo_notices":[],"_links":{"self":[{"href":"https:\/\/saofranciscodosul.tur.br\/novosite\/wp-json\/wp\/v2\/pages\/2782","targetHints":{"allow":["GET"]}}],"collection":[{"href":"https:\/\/saofranciscodosul.tur.br\/novosite\/wp-json\/wp\/v2\/pages"}],"about":[{"href":"https:\/\/saofranciscodosul.tur.br\/novosite\/wp-json\/wp\/v2\/types\/page"}],"author":[{"embeddable":true,"href":"https:\/\/saofranciscodosul.tur.br\/novosite\/wp-json\/wp\/v2\/users\/1"}],"replies":[{"embeddable":true,"href":"https:\/\/saofranciscodosul.tur.br\/novosite\/wp-json\/wp\/v2\/comments?post=2782"}],"version-history":[{"count":5,"href":"https:\/\/saofranciscodosul.tur.br\/novosite\/wp-json\/wp\/v2\/pages\/2782\/revisions"}],"predecessor-version":[{"id":14287,"href":"https:\/\/saofranciscodosul.tur.br\/novosite\/wp-json\/wp\/v2\/pages\/2782\/revisions\/14287"}],"wp:attachment":[{"href":"https:\/\/saofranciscodosul.tur.br\/novosite\/wp-json\/wp\/v2\/media?parent=2782"}],"curies":[{"name":"wp","href":"https:\/\/api.w.org\/{rel}","templated":true}]}}