{"id":2773,"date":"2020-04-11T07:22:02","date_gmt":"2020-04-11T10:22:02","guid":{"rendered":"http:\/\/saofranciscodosul.tur.br\/novosite\/?page_id=2773"},"modified":"2023-09-04T10:04:33","modified_gmt":"2023-09-04T13:04:33","slug":"doce-cabanas-ibiraquera","status":"publish","type":"page","link":"https:\/\/saofranciscodosul.tur.br\/novosite\/doce-cabanas-ibiraquera\/","title":{"rendered":"Pousada Doce Cabanas, Ibiraquera"},"content":{"rendered":"<p><strong><span style=\"font-size: 10pt; font-family: georgia, palatino, serif;\">POUSADA DOCE CABANAS &#8211;&nbsp;Vista panor\u00e2mica, piscina<\/span><\/strong><\/p>\n<p><span style=\"font-family: georgia, palatino, serif; font-size: 10pt;\">Praia do Rosa, Ibiraquera<\/span><\/p>\n<p><span style=\"font-family: georgia, palatino, serif; font-size: 10pt;\"><strong>Cabanas<\/strong> rusticas, confort\u00e1veis de <strong>1 dormit\u00f3rio<\/strong>, com sacada vista panor\u00e2mica, piscina, e mais <strong>uma cabana para ate 8 pessoas<\/strong>.<\/span><\/p>\n<p><span style=\"font-size: 10pt; font-family: georgia, palatino, serif;\">Distante aproximadamente 400 metros da lagoa, &nbsp;2.000 metros da<strong> Praia do Luz<\/strong> e da <strong>Barra de Ibiraquera<\/strong> e 2,.500 metros do ccntrinho<strong> da Praia do Rosa<\/strong>, a pousada disp\u00f5e de cabanas com vista para a lagoa e a natureza do morro, roupa de cama e banho, cozinha completa com fog\u00e3o, geladeira e utens\u00edlios, <strong>&nbsp;Smart TV, Wifi<\/strong>, <strong>ar condicionado,<\/strong> aquecimento \u00e0 g\u00e1s, sendo 4 cabanas com \u00e1rea individual de 46 m\u00b2 com capacidade para ate 4 pessoas por unidade, com quarto de casal e um sof\u00e1-cama na sala. A pousada oferece ainda estacionamento e duas churrasqueira coletivas, bem como churrasqueiras port\u00e1teis para uso nas cabanas, al\u00e9m de piscina.&nbsp; Importante salientar tamb\u00e9m que a Doce Cabana Pousada \u00e9 \u201cpet friendly\u201d e tem \u00e1gua suprida por po\u00e7o artesiano, o que garante o abastecimento<\/span><\/p>\n\t\t<div id=\"grsGal0\" class=\"grsGal0 grsTemplate2\">\t\t\t<div class=\"grsGalCont\" ng-controller=\"grsFilm0\" ng-show=\"params.cssReady\" >\t\t\t\t<grs-film params=\"params\" resize scroll><\/grs-film>\t\t\t<\/div>\t\t<\/div>\t\t\t\t\t<script>\t\t\tvar grsAtts0 = jQuery.parseJSON('{\"id\":\"57\",\"view\":\"Film\",\"theme\":\"2\",\"width\":\"300\",\"height\":\"160\",\"contwidth\":\"100\",\"imagesperpage\":\"20\",\"nav\":\"buttons\",\"title\":\"no\",\"orderby\":\"order\",\"ordering\":\"ASC\",\"clickaction\":\"openLightbox\",\"openlinktarget\":\"_top\",\"lightboxwidth\":\"800\",\"lightboxheight\":\"600\",\"lightboxfilmstrip\":\"undefined\",\"lightboxcomment\":\"undefined\",\"lightboxcontbutts\":\"1\",\"lightboxfullw\":\"1\",\"lightboxfbutt\":\"1\",\"lightboxtbutt\":\"1\",\"lightboxpbutt\":\"1\",\"lightboxtbbutt\":\"1\",\"lightboxlibutt\":\"1\",\"lightboxreddbutt\":\"1\",\"lightboxfsbutt\":\"1\",\"lightboxap\":\"1\",\"lightboxapin\":\"1\",\"lightboximinf\":\"1\",\"lightboxswipe\":\"1\",\"lightboximcn\":\"1\",\"lightboxeffect\":\"fade\",\"themeLastModDate\":\"1499898380\"}');\t\t\tgrsApp.controller('grsFilm0', ['$scope', 'GrsService',\t\t\t\tfunction ($scope, GrsService) {\t\t\t\t\t$scope.params = {\t\t\t\t\t\tshatts: grsAtts0,\t\t\t\t\t\tgrs: '0',\t\t\t\t\t\tdata: {\t\t\t\t\t\t\timages : [],\t\t\t\t\t\t\tcomments: [],\t\t\t\t\t\t\ttheme: {}\t\t\t\t\t\t},\t\t\t\t\t\tcssReady: false\t\t\t\t\t};\t\t\t\t\tinsertCss(grsAtts0, '0');\t\t\t\t}\t\t\t]);\t\t<\/script>\t\t\n<p style=\"text-align: left;\"><span style=\"font-size: 10pt; font-family: georgia, palatino, serif;\">Dispomos de um \u00e1rea verde ampla, com uma vista linda da lagoa, morros, piscina.&nbsp;&nbsp;&nbsp;<\/span><\/p>\n<p style=\"text-align: left;\"><span style=\"font-size: 10pt; font-family: georgia, palatino, serif;\"><strong>Cabanas de 1 dormit\u00f3rio<\/strong>, com cama de casal, e&nbsp; mais sof\u00e1 cama na sala, total ate 4 pessoas, wi fi.<\/span><\/p>\n<p style=\"text-align: left;\"><span style=\"font-size: 10pt; font-family: georgia, palatino, serif;\"><strong>Cabana de 2 dormit\u00f3rio<\/strong>s, para ate 8 pessoas.<\/span><\/p>\n<hr>\n<p style=\"text-align: center;\"><span style=\"font-size: 10pt;\">R. Para\u00edso do Luz- Ibiraquera &#8211; Imbituba<\/span><\/p>\n<p style=\"text-align: center;\"><strong><span style=\"font-size: 10pt;\">Contato:&nbsp; &nbsp;48 99664.9997&nbsp; Toque ou clique no icono&nbsp; do whats e entre em contato direto<\/span><\/strong><\/p>\n","protected":false},"excerpt":{"rendered":"<p>POUSADA DOCE CABANAS &#8211;&nbsp;Vista panor\u00e2mica, piscina Praia do Rosa, Ibiraquera Cabanas rusticas, confort\u00e1veis de 1 dormit\u00f3rio, com sacada vista panor\u00e2mica, piscina, e mais uma cabana para ate 8 pessoas. Distante &hellip;<\/p>\n","protected":false},"author":1,"featured_media":0,"parent":0,"menu_order":0,"comment_status":"closed","ping_status":"closed","template":"","meta":{"ngg_post_thumbnail":0,"_joinchat":{"telephone":"+5548996649997","message_text":"Al\u00f3, poso lhe ajudar ?\nvoc\u00ea entrou em contato com pousada Doce Cabana, Praia do Rosa, biraquera.\n\u00c9 consulta ou reserva ?","message_send":"mensagem proveniente de saofrancicodosul.tur.br \/ garopabaimbituba.com.br\nsobre consulta ou reserva. pousada Doce Cabanas"},"footnotes":""},"class_list":["post-2773","page","type-page","status-publish","hentry"],"aioseo_notices":[],"_links":{"self":[{"href":"https:\/\/saofranciscodosul.tur.br\/novosite\/wp-json\/wp\/v2\/pages\/2773","targetHints":{"allow":["GET"]}}],"collection":[{"href":"https:\/\/saofranciscodosul.tur.br\/novosite\/wp-json\/wp\/v2\/pages"}],"about":[{"href":"https:\/\/saofranciscodosul.tur.br\/novosite\/wp-json\/wp\/v2\/types\/page"}],"author":[{"embeddable":true,"href":"https:\/\/saofranciscodosul.tur.br\/novosite\/wp-json\/wp\/v2\/users\/1"}],"replies":[{"embeddable":true,"href":"https:\/\/saofranciscodosul.tur.br\/novosite\/wp-json\/wp\/v2\/comments?post=2773"}],"version-history":[{"count":8,"href":"https:\/\/saofranciscodosul.tur.br\/novosite\/wp-json\/wp\/v2\/pages\/2773\/revisions"}],"predecessor-version":[{"id":8448,"href":"https:\/\/saofranciscodosul.tur.br\/novosite\/wp-json\/wp\/v2\/pages\/2773\/revisions\/8448"}],"wp:attachment":[{"href":"https:\/\/saofranciscodosul.tur.br\/novosite\/wp-json\/wp\/v2\/media?parent=2773"}],"curies":[{"name":"wp","href":"https:\/\/api.w.org\/{rel}","templated":true}]}}