{"id":2764,"date":"2020-04-11T06:04:29","date_gmt":"2020-04-11T09:04:29","guid":{"rendered":"http:\/\/saofranciscodosul.tur.br\/novosite\/?page_id=2764"},"modified":"2023-09-04T09:18:19","modified_gmt":"2023-09-04T12:18:19","slug":"casas-chales-natural-park-ibiraquera","status":"publish","type":"page","link":"https:\/\/saofranciscodosul.tur.br\/novosite\/casas-chales-natural-park-ibiraquera\/","title":{"rendered":"Casas Natural Park, Barra de Ibiraquera"},"content":{"rendered":"<p><span style=\"font-size: 10pt; font-family: georgia, palatino, serif;\"><strong>CHALES NATURAL PARK &#8211; <\/strong>casas em condom\u00ednio na beira da lagoa e barra da Ibiraquera.<\/span><\/p>\n<p><span style=\"font-size: 10pt; font-family: georgia, palatino, serif;\"><strong>Ibiraquera, Praia do Luz<\/strong><\/span><\/p>\n<p><span style=\"font-size: 12px;\"><span style=\"font-family: arial, helvetica, sans-serif;\"><span style=\"font-family: georgia, palatino, serif; font-size: 10pt;\">Dispomos de confort\u00e1veis <strong>casas de 1, 3 e 4 dormit\u00f3rios<\/strong>, vista ao mar, numa \u00e1rea verde ampla, na <strong>beira da l<\/strong><\/span><strong>agoa e Barra da Ibiraquera<\/strong>..<\/span><\/span><\/p>\n<p><span style=\"font-family: georgia, palatino, serif; font-size: 10pt;\">\t\t<div id=\"grsGal0\" class=\"grsGal0 grsTemplate2\">\t\t\t<div class=\"grsGalCont\" ng-controller=\"grsFilm0\" ng-show=\"params.cssReady\" >\t\t\t\t<grs-film params=\"params\" resize scroll><\/grs-film>\t\t\t<\/div>\t\t<\/div>\t\t\t\t\t<script>\t\t\tvar grsAtts0 = jQuery.parseJSON('{\"id\":\"67\",\"view\":\"Film\",\"theme\":\"2\",\"width\":\"300\",\"height\":\"160\",\"contwidth\":\"100\",\"imagesperpage\":\"20\",\"nav\":\"buttons\",\"title\":\"no\",\"orderby\":\"order\",\"ordering\":\"ASC\",\"clickaction\":\"openLightbox\",\"openlinktarget\":\"_top\",\"lightboxwidth\":\"800\",\"lightboxheight\":\"600\",\"lightboxfilmstrip\":\"undefined\",\"lightboxcomment\":\"undefined\",\"lightboxcontbutts\":\"1\",\"lightboxfullw\":\"1\",\"lightboxfbutt\":\"1\",\"lightboxtbutt\":\"1\",\"lightboxpbutt\":\"1\",\"lightboxtbbutt\":\"1\",\"lightboxlibutt\":\"1\",\"lightboxreddbutt\":\"1\",\"lightboxfsbutt\":\"1\",\"lightboxap\":\"1\",\"lightboxapin\":\"1\",\"lightboximinf\":\"1\",\"lightboxswipe\":\"1\",\"lightboximcn\":\"1\",\"lightboxeffect\":\"fade\",\"themeLastModDate\":\"1499898380\"}');\t\t\tgrsApp.controller('grsFilm0', ['$scope', 'GrsService',\t\t\t\tfunction ($scope, GrsService) {\t\t\t\t\t$scope.params = {\t\t\t\t\t\tshatts: grsAtts0,\t\t\t\t\t\tgrs: '0',\t\t\t\t\t\tdata: {\t\t\t\t\t\t\timages : [],\t\t\t\t\t\t\tcomments: [],\t\t\t\t\t\t\ttheme: {}\t\t\t\t\t\t},\t\t\t\t\t\tcssReady: false\t\t\t\t\t};\t\t\t\t\tinsertCss(grsAtts0, '0');\t\t\t\t}\t\t\t]);\t\t<\/script>\t\t<\/span><\/p>\n<p><span style=\"font-size: 10pt; font-family: georgia, palatino, serif;\">Condom\u00ednio localizado \u00e1 100 m da praia do Luz,e&nbsp; na beira da lagoa de Ibiraquera e barra, oferecemo acomoda\u00e7\u00f5es em casas de 1, 2 e 4 quartos,&nbsp; &nbsp;equipados &nbsp;com:&nbsp;&nbsp;&nbsp;&nbsp;<\/span><\/p>\n<ul>\n<li><span style=\"font-family: georgia, palatino, serif; font-size: 10pt;\">&#8211; Sala integrada com cozinha completa<\/span><\/li>\n<li><span style=\"font-family: georgia, palatino, serif; font-size: 10pt;\">&#8211; Varanda com rede e\/ou espregui\u00e7adeira<\/span><\/li>\n<li><span style=\"font-family: georgia, palatino, serif; font-size: 10pt;\">&#8211; Wi-fi<\/span><\/li>\n<li><span style=\"font-family: georgia, palatino, serif; font-size: 10pt;\">&#8211; TV com antena parab\u00f3lica<\/span><\/li>\n<li><span style=\"font-family: georgia, palatino, serif; font-size: 10pt;\">&#8211; \u00c1rea de servi\u00e7o<\/span><\/li>\n<li><span style=\"font-family: georgia, palatino, serif; font-size: 10pt;\">&#8211; Vaga de estacionamento privativa<\/span><\/li>\n<li><span style=\"font-size: 10pt; font-family: georgia, palatino, serif;\">&#8211;<strong>s<\/strong>ervi\u00e7o de camareira,<\/span><\/li>\n<li>\n<hr>\n<\/li>\n<\/ul>\n<p><span style=\"font-size: 10pt;\">Veja nossos chales:<\/span><\/p>\n<p><strong><span style=\"font-size: 10pt;\">C\u00f3digo &#8220;<span style=\"color: #ff0000;\">casa lazer&#8221;<\/span><\/span><\/strong><\/p>\n\t\t<div id=\"grsGal1\" class=\"grsGal1 grsTemplate2\">\t\t\t<div class=\"grsGalCont\" ng-controller=\"grsFilm1\" ng-show=\"params.cssReady\" >\t\t\t\t<grs-film params=\"params\" resize scroll><\/grs-film>\t\t\t<\/div>\t\t<\/div>\t\t\t\t\t<script>\t\t\tvar grsAtts1 = jQuery.parseJSON('{\"id\":\"126\",\"view\":\"Film\",\"theme\":\"2\",\"width\":\"300\",\"height\":\"160\",\"contwidth\":\"100\",\"imagesperpage\":\"20\",\"nav\":\"buttons\",\"title\":\"no\",\"orderby\":\"order\",\"ordering\":\"ASC\",\"clickaction\":\"openLightbox\",\"openlinktarget\":\"_top\",\"lightboxwidth\":\"800\",\"lightboxheight\":\"600\",\"lightboxfilmstrip\":\"undefined\",\"lightboxcomment\":\"undefined\",\"lightboxcontbutts\":\"1\",\"lightboxfullw\":\"1\",\"lightboxfbutt\":\"1\",\"lightboxtbutt\":\"1\",\"lightboxpbutt\":\"1\",\"lightboxtbbutt\":\"1\",\"lightboxlibutt\":\"1\",\"lightboxreddbutt\":\"1\",\"lightboxfsbutt\":\"1\",\"lightboxap\":\"1\",\"lightboxapin\":\"1\",\"lightboximinf\":\"1\",\"lightboxswipe\":\"1\",\"lightboximcn\":\"1\",\"lightboxeffect\":\"fade\",\"themeLastModDate\":\"1499898380\"}');\t\t\tgrsApp.controller('grsFilm1', ['$scope', 'GrsService',\t\t\t\tfunction ($scope, GrsService) {\t\t\t\t\t$scope.params = {\t\t\t\t\t\tshatts: grsAtts1,\t\t\t\t\t\tgrs: '1',\t\t\t\t\t\tdata: {\t\t\t\t\t\t\timages : [],\t\t\t\t\t\t\tcomments: [],\t\t\t\t\t\t\ttheme: {}\t\t\t\t\t\t},\t\t\t\t\t\tcssReady: false\t\t\t\t\t};\t\t\t\t\tinsertCss(grsAtts1, '1');\t\t\t\t}\t\t\t]);\t\t<\/script>\t\t\n<div><span style=\"font-family: georgia, palatino, serif; font-size: 12px;\"><strong>3 Quartos<\/strong> , sendo<strong> uma su\u00edte<\/strong> com<strong> ar condicionad<\/strong>o.(somente na su\u00edte) &#8211; &#8211; 2 Banheiros (1 na su\u00edte ) &#8211;&nbsp;<\/span><span style=\"font-family: georgia, palatino, serif; font-size: 12px;\">Sala integrada com cozinha completa. Varanda com rede e\/ou espregui\u00e7adeira. &#8211;&nbsp;<\/span><span style=\"font-family: georgia, palatino, serif; font-size: 12px;\">Wi-fi &#8211;&nbsp;TV com antena parab\u00f3lica &#8211;&nbsp;Lareira &#8211;&nbsp;<\/span><span style=\"font-family: georgia, palatino, serif; font-size: 12px;\">\u00c1rea de servi\u00e7o &#8211;&nbsp;<\/span><span style=\"font-family: georgia, palatino, serif; font-size: 12px;\">Servi\u00e7o de camareira &#8211; Vaga de estacionamento privativa .<\/span><\/div>\n<hr>\n<p><strong><span style=\"font-size: 10pt;\">C\u00f3digo &#8220;<span style=\"color: #ff0000;\">casa lagoa<\/span>&#8220;<\/span><\/strong><\/p>\n\t\t<div id=\"grsGal2\" class=\"grsGal2 grsTemplate2\">\t\t\t<div class=\"grsGalCont\" ng-controller=\"grsFilm2\" ng-show=\"params.cssReady\" >\t\t\t\t<grs-film params=\"params\" resize scroll><\/grs-film>\t\t\t<\/div>\t\t<\/div>\t\t\t\t\t<script>\t\t\tvar grsAtts2 = jQuery.parseJSON('{\"id\":\"125\",\"view\":\"Film\",\"theme\":\"2\",\"width\":\"300\",\"height\":\"160\",\"contwidth\":\"100\",\"imagesperpage\":\"20\",\"nav\":\"buttons\",\"title\":\"no\",\"orderby\":\"order\",\"ordering\":\"ASC\",\"clickaction\":\"openLightbox\",\"openlinktarget\":\"_top\",\"lightboxwidth\":\"800\",\"lightboxheight\":\"600\",\"lightboxfilmstrip\":\"undefined\",\"lightboxcomment\":\"undefined\",\"lightboxcontbutts\":\"1\",\"lightboxfullw\":\"1\",\"lightboxfbutt\":\"1\",\"lightboxtbutt\":\"1\",\"lightboxpbutt\":\"1\",\"lightboxtbbutt\":\"1\",\"lightboxlibutt\":\"1\",\"lightboxreddbutt\":\"1\",\"lightboxfsbutt\":\"1\",\"lightboxap\":\"1\",\"lightboxapin\":\"1\",\"lightboximinf\":\"1\",\"lightboxswipe\":\"1\",\"lightboximcn\":\"1\",\"lightboxeffect\":\"fade\",\"themeLastModDate\":\"1499898380\"}');\t\t\tgrsApp.controller('grsFilm2', ['$scope', 'GrsService',\t\t\t\tfunction ($scope, GrsService) {\t\t\t\t\t$scope.params = {\t\t\t\t\t\tshatts: grsAtts2,\t\t\t\t\t\tgrs: '2',\t\t\t\t\t\tdata: {\t\t\t\t\t\t\timages : [],\t\t\t\t\t\t\tcomments: [],\t\t\t\t\t\t\ttheme: {}\t\t\t\t\t\t},\t\t\t\t\t\tcssReady: false\t\t\t\t\t};\t\t\t\t\tinsertCss(grsAtts2, '2');\t\t\t\t}\t\t\t]);\t\t<\/script>\t\t\n<div><span style=\"font-size: 10pt;\"><span style=\"font-family: georgia, palatino, serif;\"><strong>1 Quarto<\/strong> &#8211; Sala integrada com cozinha completa &#8211; Varanda com rede e\/ou&nbsp;<\/span><span style=\"font-family: georgia, palatino, serif;\"> espregui\u00e7adeira. &#8211;&nbsp;<\/span><span style=\"font-family: georgia, palatino, serif;\">Wi-fi &#8211;&nbsp;TV com antena parab\u00f3lica &#8211;<strong>&nbsp;Ar condicionado<\/strong> &#8211; Banheiro com chuveiro a g\u00e1s &#8211;&nbsp;<\/span><span style=\"font-family: georgia, palatino, serif;\">\u00c1rea de servi\u00e7o &#8211; <\/span><span style=\"font-family: georgia, palatino, serif;\">Servi\u00e7o de camareira &#8211; Vaga de estacionamento privativa.<\/span><\/span><\/div>\n<div class=\"gmail_default\">&nbsp;<\/div>\n<hr>\n<p><span style=\"font-family: georgia, palatino, serif;\"><strong><span style=\"font-size: 10pt;\">C\u00f3digo &#8220;<span style=\"color: #ff0000;\">chale kite 01 inferior<\/span>&#8220;<\/span><\/strong><\/span><\/p>\n\t\t<div id=\"grsGal3\" class=\"grsGal3 grsTemplate2\">\t\t\t<div class=\"grsGalCont\" ng-controller=\"grsFilm3\" ng-show=\"params.cssReady\" >\t\t\t\t<grs-film params=\"params\" resize scroll><\/grs-film>\t\t\t<\/div>\t\t<\/div>\t\t\t\t\t<script>\t\t\tvar grsAtts3 = jQuery.parseJSON('{\"id\":\"121\",\"view\":\"Film\",\"theme\":\"2\",\"width\":\"300\",\"height\":\"160\",\"contwidth\":\"100\",\"imagesperpage\":\"20\",\"nav\":\"buttons\",\"title\":\"no\",\"orderby\":\"order\",\"ordering\":\"ASC\",\"clickaction\":\"openLightbox\",\"openlinktarget\":\"_top\",\"lightboxwidth\":\"800\",\"lightboxheight\":\"600\",\"lightboxfilmstrip\":\"undefined\",\"lightboxcomment\":\"undefined\",\"lightboxcontbutts\":\"1\",\"lightboxfullw\":\"1\",\"lightboxfbutt\":\"1\",\"lightboxtbutt\":\"1\",\"lightboxpbutt\":\"1\",\"lightboxtbbutt\":\"1\",\"lightboxlibutt\":\"1\",\"lightboxreddbutt\":\"1\",\"lightboxfsbutt\":\"1\",\"lightboxap\":\"1\",\"lightboxapin\":\"1\",\"lightboximinf\":\"1\",\"lightboxswipe\":\"1\",\"lightboximcn\":\"1\",\"lightboxeffect\":\"fade\",\"themeLastModDate\":\"1499898380\"}');\t\t\tgrsApp.controller('grsFilm3', ['$scope', 'GrsService',\t\t\t\tfunction ($scope, GrsService) {\t\t\t\t\t$scope.params = {\t\t\t\t\t\tshatts: grsAtts3,\t\t\t\t\t\tgrs: '3',\t\t\t\t\t\tdata: {\t\t\t\t\t\t\timages : [],\t\t\t\t\t\t\tcomments: [],\t\t\t\t\t\t\ttheme: {}\t\t\t\t\t\t},\t\t\t\t\t\tcssReady: false\t\t\t\t\t};\t\t\t\t\tinsertCss(grsAtts3, '3');\t\t\t\t}\t\t\t]);\t\t<\/script>\t\t\n<div>\n<div><span style=\"font-size: 10pt; font-family: georgia, palatino, serif;\"><strong>1 Quarto,<\/strong> 1&nbsp;Banheiro &#8211; Sala integrada com <strong>cozinha completa<\/strong> &#8211; Varanda com rede e\/ou espregui\u00e7adeira, Wi-fi &#8211; TV com antena parab\u00f3lica &#8211; Ventiladores &#8211; \u00c1rea de servi\u00e7o &#8211; Servi\u00e7o de camareira &#8211; Vaga de estacionamento privativa.<\/span><\/div>\n<\/div>\n<div>&nbsp;<\/div>\n<div>\n<hr>\n<\/div>\n<div><span style=\"font-size: 10pt; font-family: georgia, palatino, serif;\"><strong>C\u00f3digo &#8220;<span style=\"color: #ff0000;\">casa areia<\/span>&#8220;<\/strong><\/span><\/div>\n<div>&nbsp;<\/div>\n<div><strong style=\"font-family: georgia, palatino, serif; font-size: 10pt;\">4 Quartos<\/strong><span style=\"font-family: georgia, palatino, serif; font-size: 10pt;\">, sendo <\/span><strong style=\"font-family: georgia, palatino, serif; font-size: 10pt;\">uma su\u00edte<\/strong><span style=\"font-family: georgia, palatino, serif; font-size: 10pt;\">, 2 Banheiros (1 na su\u00edte ) &#8211; Sala integrada com<\/span><strong style=\"font-family: georgia, palatino, serif; font-size: 10pt;\"> cozinha completa<\/strong><span style=\"font-family: georgia, palatino, serif; font-size: 10pt;\"> &#8211; Varanda com rede e\/ou<\/span><\/div>\n<div>\n<div>\n<div><span style=\"font-size: 10pt; font-family: georgia, palatino, serif;\">espregui\u00e7adeira &#8211; Wi-fi &#8211;&nbsp;TV com antena parab\u00f3lica &#8211;&nbsp;<strong>Lareira<\/strong> &#8211;&nbsp;Ventiladores &#8211;&nbsp;\u00c1rea de servi\u00e7o<\/span><\/div>\n<\/div>\n<div><span style=\"font-family: georgia, palatino, serif; font-size: 10pt;\">Servi\u00e7o de camareira &#8211; Vaga de estacionamento privativa<\/span><\/div>\n<\/div>\n<div>&nbsp;<\/div>\n<hr>\n<p style=\"text-align: center;\"><span style=\"font-size: 10pt; font-family: georgia, palatino, serif;\">R. Para\u00edso do Luz &#8211; Ibiraquera &#8211; Imbituba.<\/span><\/p>\n<p style=\"text-align: center;\"><strong><span style=\"font-size: 10pt; font-family: georgia, palatino, serif;\">Contato:&nbsp; (48) 3355-6488 \/ 48 99967-4260&nbsp; Toque ou clique&nbsp; no \u00edcono do Whatsapp abaixo da tela<\/span><\/strong><\/p>\n","protected":false},"excerpt":{"rendered":"<p>CHALES NATURAL PARK &#8211; casas em condom\u00ednio na beira da lagoa e barra da Ibiraquera. Ibiraquera, Praia do Luz Dispomos de confort\u00e1veis casas de 1, 3 e 4 dormit\u00f3rios, vista &hellip;<\/p>\n","protected":false},"author":1,"featured_media":0,"parent":0,"menu_order":0,"comment_status":"closed","ping_status":"closed","template":"","meta":{"ngg_post_thumbnail":0,"_joinchat":{"telephone":"+5548999674260","message_text":"Al\u00f3, poso lhe ajudar ?\nvoc\u00ea entrou em contato com pousada Natural Park, na Praia do luz, Ibiraquera.\n\u00c9 consulta ou reserva ?","message_send":"mensagem proveniente de saofranciscodosul.tur.br \/garopabaimbituba.com.br\nsobre consulta ou reserva"},"footnotes":""},"class_list":["post-2764","page","type-page","status-publish","hentry"],"aioseo_notices":[],"_links":{"self":[{"href":"https:\/\/saofranciscodosul.tur.br\/novosite\/wp-json\/wp\/v2\/pages\/2764","targetHints":{"allow":["GET"]}}],"collection":[{"href":"https:\/\/saofranciscodosul.tur.br\/novosite\/wp-json\/wp\/v2\/pages"}],"about":[{"href":"https:\/\/saofranciscodosul.tur.br\/novosite\/wp-json\/wp\/v2\/types\/page"}],"author":[{"embeddable":true,"href":"https:\/\/saofranciscodosul.tur.br\/novosite\/wp-json\/wp\/v2\/users\/1"}],"replies":[{"embeddable":true,"href":"https:\/\/saofranciscodosul.tur.br\/novosite\/wp-json\/wp\/v2\/comments?post=2764"}],"version-history":[{"count":8,"href":"https:\/\/saofranciscodosul.tur.br\/novosite\/wp-json\/wp\/v2\/pages\/2764\/revisions"}],"predecessor-version":[{"id":14285,"href":"https:\/\/saofranciscodosul.tur.br\/novosite\/wp-json\/wp\/v2\/pages\/2764\/revisions\/14285"}],"wp:attachment":[{"href":"https:\/\/saofranciscodosul.tur.br\/novosite\/wp-json\/wp\/v2\/media?parent=2764"}],"curies":[{"name":"wp","href":"https:\/\/api.w.org\/{rel}","templated":true}]}}