{"id":2741,"date":"2020-04-10T06:55:21","date_gmt":"2020-04-10T09:55:21","guid":{"rendered":"http:\/\/saofranciscodosul.tur.br\/novosite\/?page_id=2741"},"modified":"2023-09-19T14:23:19","modified_gmt":"2023-09-19T17:23:19","slug":"casas-de-aluguel-moradas-do-maurino-ibiraquera","status":"publish","type":"page","link":"https:\/\/saofranciscodosul.tur.br\/novosite\/casas-de-aluguel-moradas-do-maurino-ibiraquera\/","title":{"rendered":"Maurino casa 4, Barra de ibiraquera, Imbituba."},"content":{"rendered":"<p><span style=\"font-family: georgia, palatino, serif; font-size: 10pt;\"><strong>CASA DO MAURINO &#8211; c\u00f3digo &#8220;<span style=\"color: #ff0000;\">maurino casa 4<\/span>&#8220;<\/strong><\/span><\/p>\n<p><strong><span style=\"font-family: georgia, palatino, serif; font-size: 10pt;\">Barra de Ibiraquera, Imbituba<\/span><\/strong><\/p>\n<p><span style=\"font-size: 10pt; font-family: georgia, palatino, serif;\">Casa de <strong>2 dormit\u00f3rios (1 su\u00edte)<\/strong> com ar condicionados ambos,&nbsp; WI FI, \u00e0 200 metros da praia, patio fechado.<\/span><\/p>\n<p>\t\t<div id=\"grsGal0\" class=\"grsGal0 grsTemplate2\">\t\t\t<div class=\"grsGalCont\" ng-controller=\"grsFilm0\" ng-show=\"params.cssReady\" >\t\t\t\t<grs-film params=\"params\" resize scroll><\/grs-film>\t\t\t<\/div>\t\t<\/div>\t\t\t\t\t<script>\t\t\tvar grsAtts0 = jQuery.parseJSON('{\"id\":\"117\",\"view\":\"Film\",\"theme\":\"2\",\"width\":\"300\",\"height\":\"160\",\"contwidth\":\"100\",\"imagesperpage\":\"20\",\"nav\":\"buttons\",\"title\":\"onhover\",\"orderby\":\"order\",\"ordering\":\"ASC\",\"clickaction\":\"openLightbox\",\"openlinktarget\":\"_top\",\"lightboxwidth\":\"800\",\"lightboxheight\":\"600\",\"lightboxfilmstrip\":\"undefined\",\"lightboxcomment\":\"undefined\",\"lightboxcontbutts\":\"1\",\"lightboxfullw\":\"1\",\"lightboxfbutt\":\"1\",\"lightboxtbutt\":\"1\",\"lightboxpbutt\":\"1\",\"lightboxtbbutt\":\"1\",\"lightboxlibutt\":\"1\",\"lightboxreddbutt\":\"1\",\"lightboxfsbutt\":\"1\",\"lightboxap\":\"1\",\"lightboxapin\":\"3\",\"lightboximinf\":\"1\",\"lightboxswipe\":\"1\",\"lightboximcn\":\"1\",\"lightboxeffect\":\"fade\",\"themeLastModDate\":\"1499898380\"}');\t\t\tgrsApp.controller('grsFilm0', ['$scope', 'GrsService',\t\t\t\tfunction ($scope, GrsService) {\t\t\t\t\t$scope.params = {\t\t\t\t\t\tshatts: grsAtts0,\t\t\t\t\t\tgrs: '0',\t\t\t\t\t\tdata: {\t\t\t\t\t\t\timages : [],\t\t\t\t\t\t\tcomments: [],\t\t\t\t\t\t\ttheme: {}\t\t\t\t\t\t},\t\t\t\t\t\tcssReady: false\t\t\t\t\t};\t\t\t\t\tinsertCss(grsAtts0, '0');\t\t\t\t}\t\t\t]);\t\t<\/script>\t\t<span style=\"font-size: 10pt;\">Casa a 200 metros da praia, com 2 dormit\u00f3rios, 1 su\u00edte com ar condicionado \u2013 &nbsp; 1 quarto com ar condicionado, e mezanino. Sala ampla com ar condicionado. Acomoda 6-7 pessoas.&nbsp;&nbsp;Cozinha completa.&nbsp;&nbsp;Terreno fechado, garagem coberta, churrasqueira, amplo jardim.&nbsp; WI FI, TV com SKY.&nbsp;<\/span><\/p>\n<hr>\n<p style=\"text-align: center;\"><span style=\"font-family: georgia, palatino, serif; font-size: 10pt;\"><strong>Contato: (48) 3355-0032 \/&nbsp; 48 99992-6715 \/&nbsp; 48 99829-4860&nbsp; &nbsp;<\/strong><\/span><\/p>\n<hr>\n<p style=\"text-align: center;\"><span style=\"font-size: 10pt; font-family: georgia, palatino, serif;\"><a href=\"https:\/\/www.garopabaimbituba.tur.br\/casas-aluguel-praia-da-barra-da-ibiraquera\/\">Ver todas as casas do Maurino<\/a><\/span><\/p>\n<p>&nbsp;<\/p>\n","protected":false},"excerpt":{"rendered":"<p>CASA DO MAURINO &#8211; c\u00f3digo &#8220;maurino casa 4&#8220; Barra de Ibiraquera, Imbituba Casa de 2 dormit\u00f3rios (1 su\u00edte) com ar condicionados ambos,&nbsp; WI FI, \u00e0 200 metros da praia, patio &hellip;<\/p>\n","protected":false},"author":1,"featured_media":0,"parent":0,"menu_order":0,"comment_status":"closed","ping_status":"closed","template":"","meta":{"ngg_post_thumbnail":0,"_joinchat":{"telephone":"+5548998294860","message_text":"Al\u00f3, poso lhe ajudar ?\nvoc\u00ea entrou em contato com \u00e0s casas do Maurino, \"casa 4\", Barra de Ibiraquera, praia do Rosa.\n\u00c9 consulta ou reserva ?","message_send":"mensagem proveniente de saofrancicodosul.tur.br \/ garopabaimbituba.com.br\nsobre consulta ou reserva"},"footnotes":""},"class_list":["post-2741","page","type-page","status-publish","hentry"],"aioseo_notices":[],"_links":{"self":[{"href":"https:\/\/saofranciscodosul.tur.br\/novosite\/wp-json\/wp\/v2\/pages\/2741","targetHints":{"allow":["GET"]}}],"collection":[{"href":"https:\/\/saofranciscodosul.tur.br\/novosite\/wp-json\/wp\/v2\/pages"}],"about":[{"href":"https:\/\/saofranciscodosul.tur.br\/novosite\/wp-json\/wp\/v2\/types\/page"}],"author":[{"embeddable":true,"href":"https:\/\/saofranciscodosul.tur.br\/novosite\/wp-json\/wp\/v2\/users\/1"}],"replies":[{"embeddable":true,"href":"https:\/\/saofranciscodosul.tur.br\/novosite\/wp-json\/wp\/v2\/comments?post=2741"}],"version-history":[{"count":3,"href":"https:\/\/saofranciscodosul.tur.br\/novosite\/wp-json\/wp\/v2\/pages\/2741\/revisions"}],"predecessor-version":[{"id":14490,"href":"https:\/\/saofranciscodosul.tur.br\/novosite\/wp-json\/wp\/v2\/pages\/2741\/revisions\/14490"}],"wp:attachment":[{"href":"https:\/\/saofranciscodosul.tur.br\/novosite\/wp-json\/wp\/v2\/media?parent=2741"}],"curies":[{"name":"wp","href":"https:\/\/api.w.org\/{rel}","templated":true}]}}