{"id":2727,"date":"2020-04-09T06:28:55","date_gmt":"2020-04-09T09:28:55","guid":{"rendered":"http:\/\/saofranciscodosul.tur.br\/novosite\/?page_id=2727"},"modified":"2021-08-20T17:42:02","modified_gmt":"2021-08-20T20:42:02","slug":"maurino-casas-barra-de-ibiraquera","status":"publish","type":"page","link":"https:\/\/saofranciscodosul.tur.br\/novosite\/maurino-casas-barra-de-ibiraquera\/","title":{"rendered":"Maurino casa 3, Barra de Ibiraquera, Imbituba"},"content":{"rendered":"<p><span style=\"font-family: georgia, palatino, serif; font-size: 10pt;\"><strong>CASA DO MAURINO &#8211; c\u00f3digo &#8220;<span style=\"color: #ff0000;\">maurino casa 3<\/span>&#8220;<\/strong><\/span><\/p>\n<p><strong><span style=\"font-family: georgia, palatino, serif; font-size: 10pt;\">Barra de Ibiraquera, Imbituba<\/span><\/strong><\/p>\n<p><strong><span style=\"font-size: 10pt; font-family: georgia, palatino, serif;\">Casa de 4 dormit\u00f3rios, pr\u00f3xima da praia, patio fechado, 4 ar condicionados.<\/span><\/strong><\/p>\n<p>\t\t<div id=\"grsGal0\" class=\"grsGal0 grsTemplate2\">\t\t\t<div class=\"grsGalCont\" ng-controller=\"grsFilm0\" ng-show=\"params.cssReady\" >\t\t\t\t<grs-film params=\"params\" resize scroll><\/grs-film>\t\t\t<\/div>\t\t<\/div>\t\t\t\t\t<script>\t\t\tvar grsAtts0 = jQuery.parseJSON('{\"id\":\"118\",\"view\":\"Film\",\"theme\":\"2\",\"width\":\"300\",\"height\":\"160\",\"contwidth\":\"100\",\"imagesperpage\":\"20\",\"nav\":\"buttons\",\"title\":\"no\",\"orderby\":\"order\",\"ordering\":\"ASC\",\"clickaction\":\"openLightbox\",\"openlinktarget\":\"_top\",\"lightboxwidth\":\"800\",\"lightboxheight\":\"600\",\"lightboxfilmstrip\":\"undefined\",\"lightboxcomment\":\"undefined\",\"lightboxcontbutts\":\"1\",\"lightboxfullw\":\"1\",\"lightboxfbutt\":\"1\",\"lightboxtbutt\":\"1\",\"lightboxpbutt\":\"1\",\"lightboxtbbutt\":\"1\",\"lightboxlibutt\":\"1\",\"lightboxreddbutt\":\"1\",\"lightboxfsbutt\":\"1\",\"lightboxap\":\"1\",\"lightboxapin\":\"2\",\"lightboximinf\":\"1\",\"lightboxswipe\":\"1\",\"lightboximcn\":\"1\",\"lightboxeffect\":\"fade\",\"themeLastModDate\":\"1499898380\"}');\t\t\tgrsApp.controller('grsFilm0', ['$scope', 'GrsService',\t\t\t\tfunction ($scope, GrsService) {\t\t\t\t\t$scope.params = {\t\t\t\t\t\tshatts: grsAtts0,\t\t\t\t\t\tgrs: '0',\t\t\t\t\t\tdata: {\t\t\t\t\t\t\timages : [],\t\t\t\t\t\t\tcomments: [],\t\t\t\t\t\t\ttheme: {}\t\t\t\t\t\t},\t\t\t\t\t\tcssReady: false\t\t\t\t\t};\t\t\t\t\tinsertCss(grsAtts0, '0');\t\t\t\t}\t\t\t]);\t\t<\/script>\t\t<span style=\"font-size: 10pt; font-family: georgia, palatino, serif;\">Casa com<strong> 2 andares, \u00e0&nbsp; 70 metros da praia.<\/strong><\/span><\/p>\n<p><span style=\"font-size: 10pt; font-family: georgia, palatino, serif;\"> 4 quartos, todos com ar condicionado (quente e frio),&nbsp;<\/span><\/p>\n<p><span style=\"font-size: 10pt; font-family: georgia, palatino, serif;\">2 banheiros<\/span><\/p>\n<p><span style=\"font-size: 10pt; font-family: georgia, palatino, serif;\">Cozinha com microondas, churrasqueira, mesa para churrasco.<\/span><\/p>\n<p><span style=\"font-size: 10pt; font-family: georgia, palatino, serif;\">Sala de estar, TV, antena parab\u00f3lica,<\/span><\/p>\n<p><span style=\"font-size: 10pt; font-family: georgia, palatino, serif;\">Maquina de lavar roupa<\/span><\/p>\n<p><span style=\"font-size: 10pt; font-family: georgia, palatino, serif;\">Roupas de cama, mesa e banho.<\/span><\/p>\n<p><span style=\"font-size: 10pt; font-family: georgia, palatino, serif;\">\u00c0rea de servi\u00e7o, redes,.<\/span><\/p>\n<p><span style=\"font-size: 10pt; font-family: georgia, palatino, serif;\">Garagem, p\u00e1tio fechado, seguran\u00e7a, e limpeza opcional.<\/span><\/p>\n<hr>\n<p style=\"text-align: center;\"><span style=\"font-size: 10pt; font-family: georgia, palatino, serif;\">R. 15 Leste&nbsp; &#8211; Barra de Ibiraquera<\/span><\/p>\n<p style=\"text-align: center;\"><span style=\"font-family: georgia, palatino, serif; font-size: 10pt;\"><strong>Fones: (48) 3355-0032 \/&nbsp; 48 99992-6715 \/&nbsp; 48 99829-4860&nbsp;<\/strong><\/span><\/p>\n<hr>\n<p style=\"text-align: center;\"><span style=\"font-size: 10pt; font-family: georgia, palatino, serif;\"><a href=\"https:\/\/www.garopabaimbituba.tur.br\/casas-aluguel-praia-da-barra-da-ibiraquera\/\">Ver todas as casas do Maurino<\/a><\/span><\/p>\n","protected":false},"excerpt":{"rendered":"<p>CASA DO MAURINO &#8211; c\u00f3digo &#8220;maurino casa 3&#8220; Barra de Ibiraquera, Imbituba Casa de 4 dormit\u00f3rios, pr\u00f3xima da praia, patio fechado, 4 ar condicionados. Casa com 2 andares, \u00e0&nbsp; 70 &hellip;<\/p>\n","protected":false},"author":1,"featured_media":0,"parent":0,"menu_order":0,"comment_status":"closed","ping_status":"closed","template":"","meta":{"ngg_post_thumbnail":0,"_joinchat":{"telephone":"+5548998294860","message_text":"Al\u00f3, poso lhe ajudar ?\nvoc\u00ea entrou em contato com \u00e0s Moradas do Maurino, \"casa 3\" Barra de Ibiraquera.\n\u00c9 consulta ou reserva ?","message_send":"mensagem proveniente de saofrancicodosul.tur.br \/ garopabaimbituba.com.br\nsobre consulta ou reserva"},"footnotes":""},"class_list":["post-2727","page","type-page","status-publish","hentry"],"aioseo_notices":[],"_links":{"self":[{"href":"https:\/\/saofranciscodosul.tur.br\/novosite\/wp-json\/wp\/v2\/pages\/2727","targetHints":{"allow":["GET"]}}],"collection":[{"href":"https:\/\/saofranciscodosul.tur.br\/novosite\/wp-json\/wp\/v2\/pages"}],"about":[{"href":"https:\/\/saofranciscodosul.tur.br\/novosite\/wp-json\/wp\/v2\/types\/page"}],"author":[{"embeddable":true,"href":"https:\/\/saofranciscodosul.tur.br\/novosite\/wp-json\/wp\/v2\/users\/1"}],"replies":[{"embeddable":true,"href":"https:\/\/saofranciscodosul.tur.br\/novosite\/wp-json\/wp\/v2\/comments?post=2727"}],"version-history":[{"count":2,"href":"https:\/\/saofranciscodosul.tur.br\/novosite\/wp-json\/wp\/v2\/pages\/2727\/revisions"}],"predecessor-version":[{"id":14484,"href":"https:\/\/saofranciscodosul.tur.br\/novosite\/wp-json\/wp\/v2\/pages\/2727\/revisions\/14484"}],"wp:attachment":[{"href":"https:\/\/saofranciscodosul.tur.br\/novosite\/wp-json\/wp\/v2\/media?parent=2727"}],"curies":[{"name":"wp","href":"https:\/\/api.w.org\/{rel}","templated":true}]}}