{"id":2692,"date":"2020-04-07T07:19:21","date_gmt":"2020-04-07T10:19:21","guid":{"rendered":"http:\/\/saofranciscodosul.tur.br\/novosite\/?page_id=2692"},"modified":"2023-09-19T14:00:17","modified_gmt":"2023-09-19T17:00:17","slug":"neia-imoveis-de-temporada-ibiraquera","status":"publish","type":"page","link":"https:\/\/saofranciscodosul.tur.br\/novosite\/neia-imoveis-de-temporada-ibiraquera\/","title":{"rendered":"Neia Im\u00f3veis de temporada, Praia do Rosa, Ibiraquera"},"content":{"rendered":"<p style=\"text-align: left;\"><span style=\"color: #ff0000;\"><strong><span style=\"font-family: georgia, palatino, serif; font-size: 12pt;\"><span style=\"font-size: 10pt;\">IMOBILI\u00c1RIA NEIA &#8211;&nbsp;<\/span><\/span><\/strong><\/span><\/p>\n<p style=\"text-align: left;\"><span style=\"font-size: 10pt;\"><a href=\"https:\/\/www.garopabaimbituba.tur.br\/imobiliaria-neia\/\" target=\"_blank\" rel=\"noopener\">www.neia imoveis.com.br<\/a><\/span><\/p>\n<p><strong><span style=\"font-size: 10pt;\">Praia do Rosa, Ibiraquera, Imbituba<\/span><\/strong><\/p>\n<p style=\"text-align: left;\"><span style=\"font-family: georgia, palatino, serif; font-size: 10pt;\">Alugue seu im\u00f3vel de temporada na Praia do Rosa e Ibiraquera, com seguran\u00e7a e bom pre\u00e7o. Trabalhamos na regi\u00e3o \u00e1 mais de 16 anos.<\/span><\/p>\n<hr>\n<p style=\"text-align: left;\"><strong><span style=\"font-size: 10pt;\">Veja algum de nossos im\u00f3veis de temporada:<\/span><\/strong><\/p>\n<p style=\"text-align: left;\"><span style=\"font-family: georgia, palatino, serif; font-size: 10pt; color: #000000;\"><strong><span style=\"color: #ff0000;\">C\u00f3digo do Im\u00f3vel:&#8221;IBI 12 &#8220;<\/span> &#8211; 3 dormit\u00f3rios c\/ ar condicionados.<\/strong><\/span><\/p>\n<p><span style=\"font-size: 10pt; font-family: georgia, palatino, serif;\">\t\t<div id=\"grsGal0\" class=\"grsGal0 grsTemplate2\">\t\t\t<div class=\"grsGalCont\" ng-controller=\"grsFilm0\" ng-show=\"params.cssReady\" >\t\t\t\t<grs-film params=\"params\" resize scroll><\/grs-film>\t\t\t<\/div>\t\t<\/div>\t\t\t\t\t<script>\t\t\tvar grsAtts0 = jQuery.parseJSON('{\"id\":\"109\",\"view\":\"Film\",\"theme\":\"2\",\"width\":\"300\",\"height\":\"160\",\"contwidth\":\"100\",\"imagesperpage\":\"20\",\"nav\":\"buttons\",\"title\":\"no\",\"orderby\":\"order\",\"ordering\":\"ASC\",\"clickaction\":\"openLightbox\",\"openlinktarget\":\"_top\",\"lightboxwidth\":\"800\",\"lightboxheight\":\"600\",\"lightboxfilmstrip\":\"undefined\",\"lightboxcomment\":\"undefined\",\"lightboxcontbutts\":\"1\",\"lightboxfullw\":\"1\",\"lightboxfbutt\":\"1\",\"lightboxtbutt\":\"1\",\"lightboxpbutt\":\"1\",\"lightboxtbbutt\":\"1\",\"lightboxlibutt\":\"1\",\"lightboxreddbutt\":\"1\",\"lightboxfsbutt\":\"1\",\"lightboxap\":\"1\",\"lightboxapin\":\"3\",\"lightboximinf\":\"1\",\"lightboxswipe\":\"1\",\"lightboximcn\":\"1\",\"lightboxeffect\":\"fade\",\"themeLastModDate\":\"1499898380\"}');\t\t\tgrsApp.controller('grsFilm0', ['$scope', 'GrsService',\t\t\t\tfunction ($scope, GrsService) {\t\t\t\t\t$scope.params = {\t\t\t\t\t\tshatts: grsAtts0,\t\t\t\t\t\tgrs: '0',\t\t\t\t\t\tdata: {\t\t\t\t\t\t\timages : [],\t\t\t\t\t\t\tcomments: [],\t\t\t\t\t\t\ttheme: {}\t\t\t\t\t\t},\t\t\t\t\t\tcssReady: false\t\t\t\t\t};\t\t\t\t\tinsertCss(grsAtts0, '0');\t\t\t\t}\t\t\t]);\t\t<\/script>\t\tCasa de 3 dormit\u00f3rios (3 su\u00edtes) com ar condicionado, 1 banheiro social, churrasqueira cozinha bem equipada,&nbsp; frente da lagoa, e a 1 km da praia,&nbsp; churrasqueira, &nbsp;cozinha bem equipada. Acomoda 3 casais, &nbsp;crian\u00e7as a partir dos 10 ano.<\/span>&nbsp;&nbsp;&nbsp;<\/p>\n<hr>\n<p><span style=\"font-family: georgia, palatino, serif; font-size: 10pt; color: #000000;\"><strong><span style=\"color: #ff0000;\">C\u00f3digo do Im\u00f3vel &#8220;IBI 07&#8221;&nbsp;<\/span> &#8211;&nbsp; 4 dormit\u00f3rios, piscina<\/strong><\/span><\/p>\n<p>\t\t<div id=\"grsGal1\" class=\"grsGal1 grsTemplate2\">\t\t\t<div class=\"grsGalCont\" ng-controller=\"grsFilm1\" ng-show=\"params.cssReady\" >\t\t\t\t<grs-film params=\"params\" resize scroll><\/grs-film>\t\t\t<\/div>\t\t<\/div>\t\t\t\t\t<script>\t\t\tvar grsAtts1 = jQuery.parseJSON('{\"id\":\"104\",\"view\":\"Film\",\"theme\":\"2\",\"width\":\"300\",\"height\":\"160\",\"contwidth\":\"100\",\"imagesperpage\":\"20\",\"nav\":\"buttons\",\"title\":\"no\",\"orderby\":\"order\",\"ordering\":\"ASC\",\"clickaction\":\"openLightbox\",\"openlinktarget\":\"_top\",\"lightboxwidth\":\"800\",\"lightboxheight\":\"600\",\"lightboxfilmstrip\":\"undefined\",\"lightboxcomment\":\"undefined\",\"lightboxcontbutts\":\"1\",\"lightboxfullw\":\"1\",\"lightboxfbutt\":\"1\",\"lightboxtbutt\":\"1\",\"lightboxpbutt\":\"1\",\"lightboxtbbutt\":\"1\",\"lightboxlibutt\":\"1\",\"lightboxreddbutt\":\"1\",\"lightboxfsbutt\":\"1\",\"lightboxap\":\"1\",\"lightboxapin\":\"3\",\"lightboximinf\":\"1\",\"lightboxswipe\":\"1\",\"lightboximcn\":\"1\",\"lightboxeffect\":\"fade\",\"themeLastModDate\":\"1499898380\"}');\t\t\tgrsApp.controller('grsFilm1', ['$scope', 'GrsService',\t\t\t\tfunction ($scope, GrsService) {\t\t\t\t\t$scope.params = {\t\t\t\t\t\tshatts: grsAtts1,\t\t\t\t\t\tgrs: '1',\t\t\t\t\t\tdata: {\t\t\t\t\t\t\timages : [],\t\t\t\t\t\t\tcomments: [],\t\t\t\t\t\t\ttheme: {}\t\t\t\t\t\t},\t\t\t\t\t\tcssReady: false\t\t\t\t\t};\t\t\t\t\tinsertCss(grsAtts1, '1');\t\t\t\t}\t\t\t]);\t\t<\/script>\t\t<span style=\"font-size: 10pt; font-family: georgia, palatino, serif;\">Casa de 4 dormit\u00f3rios, linda vista para Lagoa e dunas de Ibiraquera. Internet WI FI, <strong>3 ar-condicionado<\/strong>,sendo 02 quartos com ar e 1 ar p\/ sala e cozinha. 2 quartos com ventilador, sala ampla com&nbsp; TV&nbsp; LED 42 polegadas com sinal da SKYem HD,&nbsp;Cozinha completa,02 banheiro.&nbsp;sacada,varanda com churrasqueira frente a lago. Port\u00e3o eletr\u00f4nico,patio todo cercado.N\u00e3o aceita animais de estima\u00e7\u00e3o.<\/span><\/p>\n<div style=\"text-align: center;\">&nbsp;<\/div>\n<hr>\n<p style=\"text-align: left;\"><span style=\"font-family: georgia, palatino, serif; font-size: 10pt; color: #000000;\"><strong><span style=\"color: #ff0000;\">C\u00f3digo do Im\u00f3vel &#8211; &#8220;NE 17&#8221;&nbsp; <\/span>&#8211;&nbsp; Casa de 3 dormit\u00f3rios<\/strong><\/span><\/p>\n<p>\t\t<div id=\"grsGal2\" class=\"grsGal2 grsTemplate2\">\t\t\t<div class=\"grsGalCont\" ng-controller=\"grsFilm2\" ng-show=\"params.cssReady\" >\t\t\t\t<grs-film params=\"params\" resize scroll><\/grs-film>\t\t\t<\/div>\t\t<\/div>\t\t\t\t\t<script>\t\t\tvar grsAtts2 = jQuery.parseJSON('{\"id\":\"111\",\"view\":\"Film\",\"theme\":\"2\",\"width\":\"300\",\"height\":\"160\",\"contwidth\":\"100\",\"imagesperpage\":\"20\",\"nav\":\"buttons\",\"title\":\"no\",\"orderby\":\"order\",\"ordering\":\"ASC\",\"clickaction\":\"openLightbox\",\"openlinktarget\":\"_top\",\"lightboxwidth\":\"800\",\"lightboxheight\":\"600\",\"lightboxfilmstrip\":\"undefined\",\"lightboxcomment\":\"undefined\",\"lightboxcontbutts\":\"1\",\"lightboxfullw\":\"1\",\"lightboxfbutt\":\"1\",\"lightboxtbutt\":\"1\",\"lightboxpbutt\":\"1\",\"lightboxtbbutt\":\"1\",\"lightboxlibutt\":\"1\",\"lightboxreddbutt\":\"1\",\"lightboxfsbutt\":\"1\",\"lightboxap\":\"1\",\"lightboxapin\":\"3\",\"lightboximinf\":\"1\",\"lightboxswipe\":\"1\",\"lightboximcn\":\"1\",\"lightboxeffect\":\"fade\",\"themeLastModDate\":\"1499898380\"}');\t\t\tgrsApp.controller('grsFilm2', ['$scope', 'GrsService',\t\t\t\tfunction ($scope, GrsService) {\t\t\t\t\t$scope.params = {\t\t\t\t\t\tshatts: grsAtts2,\t\t\t\t\t\tgrs: '2',\t\t\t\t\t\tdata: {\t\t\t\t\t\t\timages : [],\t\t\t\t\t\t\tcomments: [],\t\t\t\t\t\t\ttheme: {}\t\t\t\t\t\t},\t\t\t\t\t\tcssReady: false\t\t\t\t\t};\t\t\t\t\tinsertCss(grsAtts2, '2');\t\t\t\t}\t\t\t]);\t\t<\/script>\t\t<span style=\"font-size: 10pt; font-family: georgia, palatino, serif;\"><strong>Casa&nbsp; em condom\u00ednio com 3 dormit\u00f3rios, &nbsp; 2 banhos<\/strong>, churrasqueira, e piscina com quiosque no condom\u00ednio, WI FI, estacionamento.. Acomoda 2 casais,e&nbsp; mais 4-5 pessoas.<\/span><\/p>\n<hr>\n<div style=\"text-align: left;\">\n<p><span style=\"font-family: georgia, palatino, serif; font-size: 10pt; color: #000000;\"><strong><span style=\"color: #ff0000;\">C\u00f3digo do Im\u00f3vel &#8211; &#8220;Rosa 05&#8221;<\/span> &#8211; casa de 3 dormit\u00f3rios&nbsp; &#8211; Piscina<\/strong><\/span><\/p>\n<\/div>\n<p>\t\t<div id=\"grsGal3\" class=\"grsGal3 grsTemplate2\">\t\t\t<div class=\"grsGalCont\" ng-controller=\"grsFilm3\" ng-show=\"params.cssReady\" >\t\t\t\t<grs-film params=\"params\" resize scroll><\/grs-film>\t\t\t<\/div>\t\t<\/div>\t\t\t\t\t<script>\t\t\tvar grsAtts3 = jQuery.parseJSON('{\"id\":\"108\",\"view\":\"Film\",\"theme\":\"2\",\"width\":\"300\",\"height\":\"160\",\"contwidth\":\"100\",\"imagesperpage\":\"20\",\"nav\":\"buttons\",\"title\":\"no\",\"orderby\":\"order\",\"ordering\":\"ASC\",\"clickaction\":\"openLightbox\",\"openlinktarget\":\"_top\",\"lightboxwidth\":\"800\",\"lightboxheight\":\"600\",\"lightboxfilmstrip\":\"undefined\",\"lightboxcomment\":\"undefined\",\"lightboxcontbutts\":\"1\",\"lightboxfullw\":\"1\",\"lightboxfbutt\":\"1\",\"lightboxtbutt\":\"1\",\"lightboxpbutt\":\"1\",\"lightboxtbbutt\":\"1\",\"lightboxlibutt\":\"1\",\"lightboxreddbutt\":\"1\",\"lightboxfsbutt\":\"1\",\"lightboxap\":\"1\",\"lightboxapin\":\"3\",\"lightboximinf\":\"1\",\"lightboxswipe\":\"1\",\"lightboximcn\":\"1\",\"lightboxeffect\":\"fade\",\"themeLastModDate\":\"1499898380\"}');\t\t\tgrsApp.controller('grsFilm3', ['$scope', 'GrsService',\t\t\t\tfunction ($scope, GrsService) {\t\t\t\t\t$scope.params = {\t\t\t\t\t\tshatts: grsAtts3,\t\t\t\t\t\tgrs: '3',\t\t\t\t\t\tdata: {\t\t\t\t\t\t\timages : [],\t\t\t\t\t\t\tcomments: [],\t\t\t\t\t\t\ttheme: {}\t\t\t\t\t\t},\t\t\t\t\t\tcssReady: false\t\t\t\t\t};\t\t\t\t\tinsertCss(grsAtts3, '3');\t\t\t\t}\t\t\t]);\t\t<\/script>\t\t<span style=\"font-size: 10pt; font-family: georgia, palatino, serif;\">C<strong>asa 3 dormit\u00f3rios,&nbsp;<\/strong> sendo 2 casal e um solteiro com beliche (ou cama casal), sala com lareira, cozinha americana com churrasqueira, banheiro, \u00e1rea de servi\u00e7o, varanda, p\u00e1tio cercado (propriet\u00e1rios ficam em casa no mesmo patio). Localizada na Praia do Rosa a 200 metros do centrinho, 400 mts do Mar Del Rosa 1500 metros da Praia.<\/span><\/p>\n<div style=\"text-align: center;\">\n<hr>\n<\/div>\n<hr>\n<p style=\"text-align: center;\"><span style=\"font-family: arial, helvetica, sans-serif; font-size: 10pt;\"><strong>Contato: (48) 3255-3632 \/&nbsp;<\/strong><strong> 48 99603-3454&nbsp;<\/strong><\/span><\/p>\n","protected":false},"excerpt":{"rendered":"<p>IMOBILI\u00c1RIA NEIA &#8211;&nbsp; www.neia imoveis.com.br Praia do Rosa, Ibiraquera, Imbituba Alugue seu im\u00f3vel de temporada na Praia do Rosa e Ibiraquera, com seguran\u00e7a e bom pre\u00e7o. Trabalhamos na regi\u00e3o \u00e1 &hellip;<\/p>\n","protected":false},"author":1,"featured_media":0,"parent":0,"menu_order":0,"comment_status":"closed","ping_status":"closed","template":"","meta":{"ngg_post_thumbnail":0,"_joinchat":{"telephone":"+5548996033454","message_text":"Al\u00f3, poso lhe ajudar ?\nvoc\u00ea entrou em contato com \u00e0s casas da NEIA IMOBILI\u00c1RIA, Praia do Rosa, Ibiraquera.\n\u00c9 consulta ou reserva ?","message_send":"mensagem proveniente de saofrancicodosul.tur.br \/ garopabaimbituba.com.br\nsobre consulta ou reserva"},"footnotes":""},"class_list":["post-2692","page","type-page","status-publish","hentry"],"aioseo_notices":[],"_links":{"self":[{"href":"https:\/\/saofranciscodosul.tur.br\/novosite\/wp-json\/wp\/v2\/pages\/2692","targetHints":{"allow":["GET"]}}],"collection":[{"href":"https:\/\/saofranciscodosul.tur.br\/novosite\/wp-json\/wp\/v2\/pages"}],"about":[{"href":"https:\/\/saofranciscodosul.tur.br\/novosite\/wp-json\/wp\/v2\/types\/page"}],"author":[{"embeddable":true,"href":"https:\/\/saofranciscodosul.tur.br\/novosite\/wp-json\/wp\/v2\/users\/1"}],"replies":[{"embeddable":true,"href":"https:\/\/saofranciscodosul.tur.br\/novosite\/wp-json\/wp\/v2\/comments?post=2692"}],"version-history":[{"count":6,"href":"https:\/\/saofranciscodosul.tur.br\/novosite\/wp-json\/wp\/v2\/pages\/2692\/revisions"}],"predecessor-version":[{"id":14485,"href":"https:\/\/saofranciscodosul.tur.br\/novosite\/wp-json\/wp\/v2\/pages\/2692\/revisions\/14485"}],"wp:attachment":[{"href":"https:\/\/saofranciscodosul.tur.br\/novosite\/wp-json\/wp\/v2\/media?parent=2692"}],"curies":[{"name":"wp","href":"https:\/\/api.w.org\/{rel}","templated":true}]}}