{"id":2599,"date":"2020-03-31T05:53:26","date_gmt":"2020-03-31T08:53:26","guid":{"rendered":"http:\/\/saofranciscodosul.tur.br\/novosite\/?page_id=2599"},"modified":"2022-08-26T05:21:06","modified_gmt":"2022-08-26T08:21:06","slug":"imbituba-praia-do-rosa","status":"publish","type":"page","link":"https:\/\/saofranciscodosul.tur.br\/novosite\/imbituba-praia-do-rosa\/","title":{"rendered":"Praia do Rosa, Imbituba"},"content":{"rendered":"<p><span style=\"font-size: 8pt; font-family: arial, helvetica, sans-serif;\">imbituba &gt; praia do rosa &gt; hospedagem &gt; pousadas &gt; cabanas &gt; casas &gt; im\u00f3veis temporada &gt; ibiraquera &gt;&nbsp; pousadas hot\u00e9is &gt; santa catarina<\/span><\/p>\n<p style=\"text-align: center;\"><span style=\"color: #ff0000; font-size: 10pt;\"><strong><span style=\"font-family: georgia, palatino, serif;\">PRAIA DO ROSA<\/span><\/strong><\/span><\/p>\n<p><span style=\"font-size: 10pt;\">\u00c0 conhecida Praia do Rosa, na cidade de Imbituba, \u00e9 um dos roteiros mais visitados do litoral de santa Catarina,, tendo uma ampla variedade de pousadas e cabanas abertas o ano todo. Durante os meses de setembro\/outubro, tema&nbsp; visita da Baleia Franca, o qual o faz, junto com as praias vizinhas de Ibiraquera, Garopaba e regi\u00e3o, um lugar muito interessante para ver estes mamiferos. Praia maravilhosa para \u00e1 pratica do surf. Com uma vida noturna agitada,&nbsp; com bares, etc, para os jovens, fazem tudo isto o motivo para visitar a regi\u00e3o. veja nosso hospedagem, om contato direto pelo whats com os lugares, com o melhor pre\u00e7o.<\/span><\/p>\n\t\t<div id=\"grsGal0\" class=\"grsGal0 grsTemplate2\">\t\t\t<div class=\"grsGalCont\" ng-controller=\"grsMasonry0\" ng-show=\"params.cssReady\" >\t\t\t\t<grs-masonry params=\"params\" resize scroll><\/grs-masonry>\t\t\t<\/div>\t\t<\/div>\t\t<script>\t\t\tvar grsAtts0 = jQuery.parseJSON('{\"id\":\"103\",\"view\":\"Masonry\",\"theme\":\"2\",\"width\":\"150\",\"height\":\"160\",\"contwidth\":\"90\",\"imagesperpage\":\"20\",\"type\":\"ver\",\"pagination\":\"loadMore\",\"title\":\"onhover\",\"orderby\":\"order\",\"ordering\":\"ASC\",\"clickaction\":\"openLightbox\",\"openlinktarget\":\"_top\",\"lightboxwidth\":\"800\",\"lightboxheight\":\"600\",\"lightboxfilmstrip\":\"0\",\"lightboxcomment\":\"0\",\"lightboxcontbutts\":\"1\",\"lightboxfullw\":\"1\",\"lightboxfbutt\":\"1\",\"lightboxtbutt\":\"1\",\"lightboxpbutt\":\"1\",\"lightboxtbbutt\":\"1\",\"lightboxlibutt\":\"1\",\"lightboxreddbutt\":\"1\",\"lightboxfsbutt\":\"1\",\"lightboxap\":\"1\",\"lightboxapin\":\"3\",\"lightboximinf\":\"1\",\"lightboxswipe\":\"1\",\"lightboximcn\":\"1\",\"lightboxeffect\":\"fade\",\"themeLastModDate\":\"1499898380\"}');\t\t\tgrsApp.controller('grsMasonry0', ['$scope', '$filter', '$log',\t\t\t\tfunction ($scope, $filter, $log) {\t\t\t\t\t$scope.params = {\t\t\t\t\t\tshatts: grsAtts0,\t\t\t\t\t\tgrs: '0',\t\t\t\t\t\tdata: {\t\t\t\t\t\t\timages : [],\t\t\t\t\t\t\tcomments: [],\t\t\t\t\t\t\ttheme: {}\t\t\t\t\t\t},\t\t\t\t\t\tcssReady: false\t\t\t\t\t};\t\t\t\t\tinsertCss(grsAtts0, '0');\t\t\t\t}\t\t\t]);\t\t<\/script>\t\t\t\t\n<p style=\"text-align: left;\"><a href=\"http:\/\/saofranciscodosul.tur.br\/novosite\/praia-do-rosa-ibiraquera-imbituba\/\" target=\"_blank\" rel=\"noopener noreferrer\"><span style=\"font-size: 10pt;\">localiza\u00e7\u00e3o, mapa<\/span><\/a><\/p>\n<p style=\"text-align: left;\"><span style=\"font-family: arial, helvetica, sans-serif; font-size: 10pt;\"><a href=\"https:\/\/saofranciscodosul.tur.br\/novosite\/imbituba-ibiraquera-pousadas-hoteis\/\" target=\"_blank\" rel=\"noopener\">hot\u00e9is pousadas <\/a>&nbsp; &nbsp; &nbsp; <a href=\"http:\/\/saofranciscodosul.tur.br\/novosite\/imbituba-imoveis-aluguel-temporada-ibiraquera-praia-do-rosa\/\" target=\"_blank\" rel=\"noopener noreferrer\">im\u00f3veis temporada<\/a><\/span><\/p>\n","protected":false},"excerpt":{"rendered":"<p>imbituba &gt; praia do rosa &gt; hospedagem &gt; pousadas &gt; cabanas &gt; casas &gt; im\u00f3veis temporada &gt; ibiraquera &gt;&nbsp; pousadas hot\u00e9is &gt; santa catarina PRAIA DO ROSA \u00c0 conhecida Praia &hellip;<\/p>\n","protected":false},"author":1,"featured_media":0,"parent":0,"menu_order":0,"comment_status":"closed","ping_status":"closed","template":"","meta":{"ngg_post_thumbnail":0,"_joinchat":{"telephone":"+5548996649997","message_text":"Al\u00f3, poso lhe ajudar ?\nSobre consultas ou reservas, deve enviar sua mensagem ao estabelecimento de seu interesse, verifique que cada lugar tem seu pr\u00f3prio contato direto.","message_send":"mensagem proveniente de saofranciscodosul.tur.br \/ garopabaimbituba.com.br"},"footnotes":""},"class_list":["post-2599","page","type-page","status-publish","hentry"],"aioseo_notices":[],"_links":{"self":[{"href":"https:\/\/saofranciscodosul.tur.br\/novosite\/wp-json\/wp\/v2\/pages\/2599","targetHints":{"allow":["GET"]}}],"collection":[{"href":"https:\/\/saofranciscodosul.tur.br\/novosite\/wp-json\/wp\/v2\/pages"}],"about":[{"href":"https:\/\/saofranciscodosul.tur.br\/novosite\/wp-json\/wp\/v2\/types\/page"}],"author":[{"embeddable":true,"href":"https:\/\/saofranciscodosul.tur.br\/novosite\/wp-json\/wp\/v2\/users\/1"}],"replies":[{"embeddable":true,"href":"https:\/\/saofranciscodosul.tur.br\/novosite\/wp-json\/wp\/v2\/comments?post=2599"}],"version-history":[{"count":1,"href":"https:\/\/saofranciscodosul.tur.br\/novosite\/wp-json\/wp\/v2\/pages\/2599\/revisions"}],"predecessor-version":[{"id":4991,"href":"https:\/\/saofranciscodosul.tur.br\/novosite\/wp-json\/wp\/v2\/pages\/2599\/revisions\/4991"}],"wp:attachment":[{"href":"https:\/\/saofranciscodosul.tur.br\/novosite\/wp-json\/wp\/v2\/media?parent=2599"}],"curies":[{"name":"wp","href":"https:\/\/api.w.org\/{rel}","templated":true}]}}