{"id":2579,"date":"2020-03-30T18:32:09","date_gmt":"2020-03-30T21:32:09","guid":{"rendered":"http:\/\/saofranciscodosul.tur.br\/novosite\/?page_id=2579"},"modified":"2023-09-14T15:57:02","modified_gmt":"2023-09-14T18:57:02","slug":"barra-de-ibiraquera-imbituba","status":"publish","type":"page","link":"https:\/\/saofranciscodosul.tur.br\/novosite\/barra-de-ibiraquera-imbituba\/","title":{"rendered":"Ibiraquera, Imbituba"},"content":{"rendered":"<p><span style=\"font-size: 8pt; font-family: arial, helvetica, sans-serif;\">imbituba &gt; ibiraquera &gt; hospedagem &gt; hot\u00e9is e pousadas &gt; barra de ibiraquera &gt; im\u00f3veis &gt; aluguel &gt; casas &gt; cabanas &gt; im\u00f3veis temporada &gt; ibiraquera &gt; santa catarina<\/span><\/p>\n<p style=\"text-align: center;\"><span style=\"color: #ff0000; font-size: 10pt;\"><strong><span style=\"font-family: georgia, palatino, serif;\">IBIRAQUERA &#8211; Barra de Ibiraquera &#8211; Lagoas de Ibiraquera<\/span><\/strong><\/span><\/p>\n<p><span style=\"font-size: 10pt;\">\u00c0 regi\u00e3o de Ibiraquera, na cidade de Imbituba, nos oferece um para\u00edso de praia, que se junta na Barra da Ibiraquera com sus lagoas, formando um belo cen\u00e1rio natural, onde tamb\u00e9m \u00e9 um lugar escolhido por praticantes de wind e kite surf, alem de logico belas ondas para surfar, e junto a sua praia vizinha \u00e1 Praia do Luz, formam parte de um lugar muito recomend\u00e1vel para o turismo no litoral de santa Catarina.<\/span><\/p>\n<p><span style=\"font-family: arial, helvetica, sans-serif;\"><span style=\"font-size: 10pt;\">\t\t<div id=\"grsGal0\" class=\"grsGal0 grsTemplate2\">\t\t\t<div class=\"grsGalCont\" ng-controller=\"grsFilm0\" ng-show=\"params.cssReady\" >\t\t\t\t<grs-film params=\"params\" resize scroll><\/grs-film>\t\t\t<\/div>\t\t<\/div>\t\t\t\t\t<script>\t\t\tvar grsAtts0 = jQuery.parseJSON('{\"id\":\"83\",\"view\":\"Film\",\"theme\":\"2\",\"width\":\"300\",\"height\":\"160\",\"contwidth\":\"100\",\"imagesperpage\":\"20\",\"nav\":\"buttons\",\"title\":\"no\",\"orderby\":\"order\",\"ordering\":\"ASC\",\"clickaction\":\"openLightbox\",\"openlinktarget\":\"_top\",\"lightboxwidth\":\"800\",\"lightboxheight\":\"600\",\"lightboxfilmstrip\":\"undefined\",\"lightboxcomment\":\"undefined\",\"lightboxcontbutts\":\"1\",\"lightboxfullw\":\"1\",\"lightboxfbutt\":\"1\",\"lightboxtbutt\":\"1\",\"lightboxpbutt\":\"1\",\"lightboxtbbutt\":\"1\",\"lightboxlibutt\":\"1\",\"lightboxreddbutt\":\"1\",\"lightboxfsbutt\":\"1\",\"lightboxap\":\"1\",\"lightboxapin\":\"1\",\"lightboximinf\":\"1\",\"lightboxswipe\":\"1\",\"lightboximcn\":\"1\",\"lightboxeffect\":\"fade\",\"themeLastModDate\":\"1499898380\"}');\t\t\tgrsApp.controller('grsFilm0', ['$scope', 'GrsService',\t\t\t\tfunction ($scope, GrsService) {\t\t\t\t\t$scope.params = {\t\t\t\t\t\tshatts: grsAtts0,\t\t\t\t\t\tgrs: '0',\t\t\t\t\t\tdata: {\t\t\t\t\t\t\timages : [],\t\t\t\t\t\t\tcomments: [],\t\t\t\t\t\t\ttheme: {}\t\t\t\t\t\t},\t\t\t\t\t\tcssReady: false\t\t\t\t\t};\t\t\t\t\tinsertCss(grsAtts0, '0');\t\t\t\t}\t\t\t]);\t\t<\/script>\t\t<\/span><\/span><\/p>\n<p><span style=\"font-family: arial, helvetica, sans-serif;\"><a href=\"http:\/\/saofranciscodosul.tur.br\/novosite\/praia-do-rosa-ibiraquera-imbituba\/\" target=\"_blank\" rel=\"noopener noreferrer\"><span style=\"font-size: 10pt;\">mapa de localiza\u00e7\u00e3o<\/span><\/a><\/span>&nbsp;&nbsp;&nbsp;&nbsp;&nbsp;&nbsp;&nbsp;&nbsp;<\/p>\n<p><span style=\"font-family: arial, helvetica, sans-serif; font-size: 10pt;\"><a href=\"https:\/\/saofranciscodosul.tur.br\/novosite\/imbituba-ibiraquera-pousadas-hoteis\/\" target=\"_blank\" rel=\"noopener\">hot\u00e9is pousadas<\/a>&nbsp; &nbsp; &nbsp; <a href=\"http:\/\/saofranciscodosul.tur.br\/novosite\/imbituba-imoveis-aluguel-temporada-ibiraquera-praia-do-rosa\/\" target=\"_blank\" rel=\"noopener noreferrer\">im\u00f3veis temporada<\/a><\/span><\/p>\n","protected":false},"excerpt":{"rendered":"<p>imbituba &gt; ibiraquera &gt; hospedagem &gt; hot\u00e9is e pousadas &gt; barra de ibiraquera &gt; im\u00f3veis &gt; aluguel &gt; casas &gt; cabanas &gt; im\u00f3veis temporada &gt; ibiraquera &gt; santa catarina IBIRAQUERA &hellip;<\/p>\n","protected":false},"author":1,"featured_media":0,"parent":0,"menu_order":0,"comment_status":"closed","ping_status":"closed","template":"","meta":{"ngg_post_thumbnail":0,"_joinchat":{"message_text":"Ol\u00e1, voc\u00ea etnrou em contato com \u00e0 plataforma de hospedagem e e reservas saofrancsicodosul.tur.br \/ garopabaimbituba.com.br\n\u00e9 consulta ou reserva ?","message_send":"Mensagem proveniee de sao francisco do sul \/ibiraqauera"},"footnotes":""},"class_list":["post-2579","page","type-page","status-publish","hentry"],"aioseo_notices":[],"_links":{"self":[{"href":"https:\/\/saofranciscodosul.tur.br\/novosite\/wp-json\/wp\/v2\/pages\/2579","targetHints":{"allow":["GET"]}}],"collection":[{"href":"https:\/\/saofranciscodosul.tur.br\/novosite\/wp-json\/wp\/v2\/pages"}],"about":[{"href":"https:\/\/saofranciscodosul.tur.br\/novosite\/wp-json\/wp\/v2\/types\/page"}],"author":[{"embeddable":true,"href":"https:\/\/saofranciscodosul.tur.br\/novosite\/wp-json\/wp\/v2\/users\/1"}],"replies":[{"embeddable":true,"href":"https:\/\/saofranciscodosul.tur.br\/novosite\/wp-json\/wp\/v2\/comments?post=2579"}],"version-history":[{"count":9,"href":"https:\/\/saofranciscodosul.tur.br\/novosite\/wp-json\/wp\/v2\/pages\/2579\/revisions"}],"predecessor-version":[{"id":14423,"href":"https:\/\/saofranciscodosul.tur.br\/novosite\/wp-json\/wp\/v2\/pages\/2579\/revisions\/14423"}],"wp:attachment":[{"href":"https:\/\/saofranciscodosul.tur.br\/novosite\/wp-json\/wp\/v2\/media?parent=2579"}],"curies":[{"name":"wp","href":"https:\/\/api.w.org\/{rel}","templated":true}]}}