{"id":2331,"date":"2019-11-22T07:48:39","date_gmt":"2019-11-22T10:48:39","guid":{"rendered":"http:\/\/saofranciscodosul.tur.br\/novosite\/?page_id=2331"},"modified":"2022-09-14T08:13:42","modified_gmt":"2022-09-14T11:13:42","slug":"imbituba-pousadas-hoteis-imoveis-temporada","status":"publish","type":"page","link":"https:\/\/saofranciscodosul.tur.br\/novosite\/imbituba-pousadas-hoteis-imoveis-temporada\/","title":{"rendered":"Imbituba, pousadas, hot\u00e9is e im\u00f3veis por temporada"},"content":{"rendered":"<p><span style=\"font-size: 8pt;\">imbituba &gt; pousadas e hot\u00e9is &gt; ibiraquera &gt; pousadas &gt; praia do rosa &gt; im\u00f3veis &gt; aluguel &gt; <\/span><span style=\"font-size: 8pt;\">casas &gt; cabanas &gt; barra de ibiraquera &gt; aluguel temporada &gt; praia do luz &gt; pousada &gt; hospedagem &gt; imbituba<\/span><\/p>\n<p style=\"text-align: center;\"><span style=\"color: #ff0000; font-size: 10pt;\"><strong><span style=\"font-family: georgia, palatino, serif;\">IMBITUBA, BARRA DE IBIRAQUERA, PRAIA DO ROSA E LUZ<\/span><\/strong><\/span><\/p>\n<p><span style=\"font-family: georgia, palatino, serif; font-size: 10pt;\">Escolha seu destino, hospedagem em pousada, hotel, ou im\u00f3vel de temporada, casa, cabana, apartamento e reserve com o melhor pre\u00e7o direto do estabelecimento, sem comiss\u00f5es, ou impostos.<\/span><\/p>\n<p style=\"text-align: center;\"><strong><span style=\"font-family: georgia, palatino, serif; font-size: 10pt;\">Contato direto via <span style=\"color: #21c271;\">WhatsApp<\/span>, s\u00f3 aqui vc encontra !!!&nbsp;<\/span><\/strong><\/p>\n<hr>\n<p style=\"text-align: center;\"><a class=\"maxbutton-13 maxbutton maxbutton-imbituba-pousadas-e-hoteis\" target=\"_blank\" rel=\"noopener\" href=\"https:\/\/saofranciscodosul.tur.br\/novosite\/imbituba-ibiraquera-pousadas-hoteis\/\"><span class='mb-text'>POUSADAS HOT\u00c9IS<\/span><\/a>&nbsp; &nbsp; &nbsp; &nbsp; &nbsp; &nbsp; &nbsp; &nbsp; &nbsp;<a class=\"maxbutton-12 maxbutton maxbutton-imbituba-imoveis-de-temporada\" target=\"_blank\" rel=\"noopener\" href=\"http:\/\/saofranciscodosul.tur.br\/novosite\/imbituba-imoveis-aluguel-temporada-ibiraquera-praia-do-rosa\/\"><span class='mb-text'>IM\u00d3VEIS TEMPORADA<\/span><\/a><\/p>\n<p style=\"text-align: center;\">&nbsp;<\/p>\n","protected":false},"excerpt":{"rendered":"<p>imbituba &gt; pousadas e hot\u00e9is &gt; ibiraquera &gt; pousadas &gt; praia do rosa &gt; im\u00f3veis &gt; aluguel &gt; casas &gt; cabanas &gt; barra de ibiraquera &gt; aluguel temporada &gt; praia &hellip;<\/p>\n","protected":false},"author":1,"featured_media":0,"parent":0,"menu_order":0,"comment_status":"closed","ping_status":"closed","template":"","meta":{"ngg_post_thumbnail":0,"_joinchat":{"telephone":"+5548996649997","message_text":"Al\u00f3, posso lhe ajudar, voc\u00ea entrou em contato coma plataforma de hospedagem e reservas saofranciscodosul.tur.br\ngaropabaimbituba.com.br","message_send":"menagem provbeniente de saofrancsicodosul.tur.br \/ garopabaimbituba.com.br"},"footnotes":""},"class_list":["post-2331","page","type-page","status-publish","hentry"],"aioseo_notices":[],"_links":{"self":[{"href":"https:\/\/saofranciscodosul.tur.br\/novosite\/wp-json\/wp\/v2\/pages\/2331","targetHints":{"allow":["GET"]}}],"collection":[{"href":"https:\/\/saofranciscodosul.tur.br\/novosite\/wp-json\/wp\/v2\/pages"}],"about":[{"href":"https:\/\/saofranciscodosul.tur.br\/novosite\/wp-json\/wp\/v2\/types\/page"}],"author":[{"embeddable":true,"href":"https:\/\/saofranciscodosul.tur.br\/novosite\/wp-json\/wp\/v2\/users\/1"}],"replies":[{"embeddable":true,"href":"https:\/\/saofranciscodosul.tur.br\/novosite\/wp-json\/wp\/v2\/comments?post=2331"}],"version-history":[{"count":4,"href":"https:\/\/saofranciscodosul.tur.br\/novosite\/wp-json\/wp\/v2\/pages\/2331\/revisions"}],"predecessor-version":[{"id":6729,"href":"https:\/\/saofranciscodosul.tur.br\/novosite\/wp-json\/wp\/v2\/pages\/2331\/revisions\/6729"}],"wp:attachment":[{"href":"https:\/\/saofranciscodosul.tur.br\/novosite\/wp-json\/wp\/v2\/media?parent=2331"}],"curies":[{"name":"wp","href":"https:\/\/api.w.org\/{rel}","templated":true}]}}