{"id":2305,"date":"2019-10-27T17:18:10","date_gmt":"2019-10-27T20:18:10","guid":{"rendered":"http:\/\/saofranciscodosul.tur.br\/novosite\/?page_id=2305"},"modified":"2023-05-11T22:42:55","modified_gmt":"2023-05-12T01:42:55","slug":"praia-do-rosa-ibiraquera-imbituba","status":"publish","type":"page","link":"https:\/\/saofranciscodosul.tur.br\/novosite\/praia-do-rosa-ibiraquera-imbituba\/","title":{"rendered":"Imbituba, Ibiraquera, praia do Rosa e Luz"},"content":{"rendered":"<p><span style=\"font-size: 8pt;\">imbituba &gt; pousadas e hot\u00e9is &gt; ibiraquera &gt; pousadas &gt; praia do rosa &gt; im\u00f3veis &gt; aluguel &gt; barra de ibiraquera &gt; pousadas &gt; praia do luz &gt; casas &gt; cabanas &gt; im\u00f3veis temporada &gt; hotel &gt; imbituba<\/span><\/p>\n<p style=\"text-align: center;\"><span style=\"color: #ff0000; font-size: 10pt;\"><strong><span style=\"font-family: georgia, palatino, serif;\">DESTINO -PRAIAS DE IMBITUBA &#8211; S.C.&nbsp;<\/span><\/strong><\/span><\/p>\n<p><span style=\"font-family: helvetica, arial, sans-serif; font-size: 10pt;\">\u00c0 cidade de Imbituba, tem como atividade principais, diversas industrias , porto e turismo. Localizada ao sul da capital catarinense de Florian\u00f3polis, 80 km. e 390 km da capital gaucha de Porto Alegre, RS<\/span><br \/>\n<span style=\"font-family: helvetica, arial, sans-serif; font-size: 10pt;\">Forma parte do roteiro tur\u00edstico do litoral Catarinense, e destacam se \u00e1s praias <a href=\"http:\/\/saofranciscodosul.tur.br\/novosite\/barra-de-ibiraquera-imbituba\/\" target=\"_blank\" rel=\"noopener noreferrer\">Barra de Ibiraquera<\/a>, <a href=\"http:\/\/saofranciscodosul.tur.br\/novosite\/imbituba-praia-do-rosa\/\" target=\"_blank\" rel=\"noopener noreferrer\">Praia do Rosa <\/a>e&nbsp; <a href=\"http:\/\/saofranciscodosul.tur.br\/novosite\/praia-do-luz-imbituba\/\" target=\"_blank\" rel=\"noopener noreferrer\">Praia do Luz<\/a>. (Clique e veja mais informa\u00e7\u00f5es.)<\/span><\/p>\n\t\t<div id=\"grsGal0\" class=\"grsGal0 grsTemplate2\">\t\t\t<div class=\"grsGalCont\" ng-controller=\"grsFilm0\" ng-show=\"params.cssReady\" >\t\t\t\t<grs-film params=\"params\" resize scroll><\/grs-film>\t\t\t<\/div>\t\t<\/div>\t\t\t\t\t<script>\t\t\tvar grsAtts0 = jQuery.parseJSON('{\"id\":\"83\",\"view\":\"Film\",\"theme\":\"2\",\"width\":\"360\",\"height\":\"160\",\"contwidth\":\"100\",\"imagesperpage\":\"20\",\"nav\":\"buttons\",\"title\":\"no\",\"orderby\":\"order\",\"ordering\":\"ASC\",\"clickaction\":\"openLightbox\",\"openlinktarget\":\"_top\",\"lightboxwidth\":\"800\",\"lightboxheight\":\"600\",\"lightboxfilmstrip\":\"undefined\",\"lightboxcomment\":\"undefined\",\"lightboxcontbutts\":\"1\",\"lightboxfullw\":\"1\",\"lightboxfbutt\":\"1\",\"lightboxtbutt\":\"1\",\"lightboxpbutt\":\"1\",\"lightboxtbbutt\":\"1\",\"lightboxlibutt\":\"1\",\"lightboxreddbutt\":\"1\",\"lightboxfsbutt\":\"1\",\"lightboxap\":\"1\",\"lightboxapin\":\"1\",\"lightboximinf\":\"1\",\"lightboxswipe\":\"1\",\"lightboximcn\":\"1\",\"lightboxeffect\":\"fade\",\"themeLastModDate\":\"1499898380\"}');\t\t\tgrsApp.controller('grsFilm0', ['$scope', 'GrsService',\t\t\t\tfunction ($scope, GrsService) {\t\t\t\t\t$scope.params = {\t\t\t\t\t\tshatts: grsAtts0,\t\t\t\t\t\tgrs: '0',\t\t\t\t\t\tdata: {\t\t\t\t\t\t\timages : [],\t\t\t\t\t\t\tcomments: [],\t\t\t\t\t\t\ttheme: {}\t\t\t\t\t\t},\t\t\t\t\t\tcssReady: false\t\t\t\t\t};\t\t\t\t\tinsertCss(grsAtts0, '0');\t\t\t\t}\t\t\t]);\t\t<\/script>\t\t\n<hr>\n<p><strong><span style=\"font-size: 10pt;\">Hospedagem \/&nbsp; destino \/ praia:<\/span><\/strong><\/p>\n<p style=\"text-align: center;\"><a class=\"maxbutton-10 maxbutton maxbutton-imbituba-praia-barra-da-ibiraquera\" target=\"_blank\" rel=\"noopener\" href=\"http:\/\/saofranciscodosul.tur.br\/novosite\/barra-de-ibiraquera-imbituba\/\"><span class='mb-text'>BARRA DE IBIRAQUERA<\/span><\/a><\/p>\n<p style=\"text-align: center;\"><a class=\"maxbutton-9 maxbutton maxbutton-imbituba-praia-do-luz\" target=\"_blank\" rel=\"noopener\" href=\"http:\/\/saofranciscodosul.tur.br\/novosite\/praia-do-luz-imbituba\/\"><span class='mb-text'>PRAIA DO LUZ<\/span><\/a><\/p>\n<p style=\"text-align: center;\"><a class=\"maxbutton-11 maxbutton maxbutton-imbituba-praia-do-rosa\" target=\"_blank\" rel=\"noopener\" href=\"http:\/\/saofranciscodosul.tur.br\/novosite\/imbituba-praia-do-rosa\/\"><span class='mb-text'>PRAIA DO ROSA<\/span><\/a><\/p>\n<hr>\n<hr>\n<p><span style=\"font-size: 10pt;\"><strong>Veja o mapa das praias de Garopaba e Imbituba, Hospedagem:<\/strong><\/span><\/p>\n<p><iframe loading=\"lazy\" src=\"https:\/\/www.google.com\/maps\/d\/embed?mid=1PHvjlOjYVDF_od4Uw_0t908tGUM_XEbb&amp;ehbc=2E312F\" width=\"1000\" height=\"480\"><span data-mce-type=\"bookmark\" style=\"display: inline-block; width: 0px; overflow: hidden; line-height: 0;\" class=\"mce_SELRES_start\">\ufeff<\/span><\/iframe><\/p>\n","protected":false},"excerpt":{"rendered":"<p>imbituba &gt; pousadas e hot\u00e9is &gt; ibiraquera &gt; pousadas &gt; praia do rosa &gt; im\u00f3veis &gt; aluguel &gt; barra de ibiraquera &gt; pousadas &gt; praia do luz &gt; casas &gt; &hellip;<\/p>\n","protected":false},"author":1,"featured_media":0,"parent":0,"menu_order":0,"comment_status":"closed","ping_status":"closed","template":"","meta":{"ngg_post_thumbnail":0,"_joinchat":{"telephone":"+5548996649997","message_text":"Al\u00f3, poso lhe ajudar ?\nSobre consultas ou reservas, deve enviar sua mensagem ao estabelecimento de seu interesse, verifique que cada lugar tem seu pr\u00f3prio contato direto.","message_send":"mensagem proveniente de saofranciscodosul.tur.br \/ garopabaimbituba.com.br"},"footnotes":""},"class_list":["post-2305","page","type-page","status-publish","hentry"],"aioseo_notices":[],"_links":{"self":[{"href":"https:\/\/saofranciscodosul.tur.br\/novosite\/wp-json\/wp\/v2\/pages\/2305","targetHints":{"allow":["GET"]}}],"collection":[{"href":"https:\/\/saofranciscodosul.tur.br\/novosite\/wp-json\/wp\/v2\/pages"}],"about":[{"href":"https:\/\/saofranciscodosul.tur.br\/novosite\/wp-json\/wp\/v2\/types\/page"}],"author":[{"embeddable":true,"href":"https:\/\/saofranciscodosul.tur.br\/novosite\/wp-json\/wp\/v2\/users\/1"}],"replies":[{"embeddable":true,"href":"https:\/\/saofranciscodosul.tur.br\/novosite\/wp-json\/wp\/v2\/comments?post=2305"}],"version-history":[{"count":11,"href":"https:\/\/saofranciscodosul.tur.br\/novosite\/wp-json\/wp\/v2\/pages\/2305\/revisions"}],"predecessor-version":[{"id":12378,"href":"https:\/\/saofranciscodosul.tur.br\/novosite\/wp-json\/wp\/v2\/pages\/2305\/revisions\/12378"}],"wp:attachment":[{"href":"https:\/\/saofranciscodosul.tur.br\/novosite\/wp-json\/wp\/v2\/media?parent=2305"}],"curies":[{"name":"wp","href":"https:\/\/api.w.org\/{rel}","templated":true}]}}