{"id":182,"date":"2017-05-18T06:00:33","date_gmt":"2017-05-18T09:00:33","guid":{"rendered":"http:\/\/localhost\/saofranciscodosul\/?page_id=182"},"modified":"2020-12-25T08:22:03","modified_gmt":"2020-12-25T11:22:03","slug":"sao-francisco-do-sul-informacoes-gerais","status":"publish","type":"page","link":"https:\/\/saofranciscodosul.tur.br\/novosite\/sao-francisco-do-sul-informacoes-gerais\/","title":{"rendered":"S\u00e3o Francisco do Sul- Informa\u00e7\u00f5es gerais"},"content":{"rendered":"<div class=\"mod\" data-md=\"50\" data-hveid=\"189\" data-ved=\"0ahUKEwjXrd_dhvnTAhWCgJAKHSb_A7kQkCkIvQEoATAR\">\n<div class=\"_cgc kno-fb-ctx\" data-hveid=\"190\" data-ved=\"0ahUKEwjXrd_dhvnTAhWCgJAKHSb_A7kQziAIvgEoADAR\">\n<div class=\"r-ia7fMQ7skz2U\">\n<p><span style=\"font-size: 8pt;\">s\u00e3o francisco do sul &gt; informa\u00e7\u00f5es gerais &gt; turismo &gt; santa catarina &gt; hospedagem &gt; s\u00e3o francisco do sul<\/span><\/p>\n<p style=\"text-align: center;\"><span style=\"font-size: 10pt; color: #ff0000;\"><strong><span style=\"font-family: georgia, palatino, serif;\">INFORMA\u00c7\u00d5ES GERAIS<\/span><\/strong><\/span><\/p>\n<p class=\"kno-rdesc r-iW0PbR4Qcriw\"><span style=\"font-size: 10pt;\"><strong>A ilha de S\u00e3o Francisco do Sul<\/strong> \u00e9 um munic\u00edpio brasileiro do estado de Santa Catarina. Localiza-se a uma latitude 26\u00ba14&#8217;36&#8221; Sul e a uma longitude 48\u00ba38&#8217;17&#8221; Oeste, estando a uma altitude de nove metros.<\/span><\/p>\n<\/div>\n<\/div>\n<\/div>\n<p class=\"mod\" data-md=\"30\" data-ved=\"0ahUKEwjXrd_dhvnTAhWCgJAKHSb_A7kQkCkIwAEoAjAS\"><span style=\"font-size: 10pt;\"><strong>Popula\u00e7\u00e3o<\/strong>: 42.600 habitantes (ano 2010)<\/span><\/p>\n<p class=\"mod\" data-md=\"30\" data-ved=\"0ahUKEwjXrd_dhvnTAhWCgJAKHSb_A7kQkCkIwAEoAjAS\"><span style=\"font-size: 10pt;\"><span class=\"_xdb\"><strong>Funda\u00e7\u00e3o<\/strong>: <\/span><span class=\"_Xbe kno-fv\">1553 (464 anos)\u00a0<\/span><\/span><\/p>\n<p class=\"mod\" data-md=\"30\" data-ved=\"0ahUKEwjXrd_dhvnTAhWCgJAKHSb_A7kQkCkIwAEoAjAS\"><span style=\"font-size: 10pt;\"><span class=\"_xdb\"><strong>Prefeito(a)<\/strong>: <\/span><span class=\"_Xbe kno-fv\">Renato Gama Lobo (PSD); (2017\u20132020)\u00a0<\/span><\/span><\/p>\n<p class=\"mod\" data-md=\"30\" data-ved=\"0ahUKEwjXrd_dhvnTAhWCgJAKHSb_A7kQkCkIwAEoAjAS\"><span style=\"font-size: 10pt;\"><span class=\"_xdb\"><strong>Munic\u00edpios lim\u00edtrofes<\/strong>: <\/span><span class=\"_Xbe kno-fv\">Araquari, Balne\u00e1rio Barra do Sul, Itapo\u00e1 e Joinville<\/span><\/span><\/p>\n<div class=\"_eFb\">\n<p class=\"_mr kno-fb-ctx\" data-attrid=\"kc:\/location\/citytown:current weather\" data-ved=\"0ahUKEwjXrd_dhvnTAhWCgJAKHSb_A7kQyxMIywEoADAW\"><span style=\"font-size: 10pt;\"><span class=\"_xdb\"><strong>Dist\u00e2ncia<\/strong> at\u00e9 a capital: <\/span><span class=\"_Xbe kno-fv\">194 km.<\/span><\/span><\/p>\n<\/div>\n<div class=\"_mr kno-fb-ctx\" data-attrid=\"kc:\/location\/citytown:current weather\" data-ved=\"0ahUKEwjXrd_dhvnTAhWCgJAKHSb_A7kQyxMIywEoADAW\"><span style=\"font-size: 10pt;\"><strong>\u00c1rea<\/strong>: 541 km<sup>2<\/sup><\/span><\/div>\n<div class=\"_mr kno-fb-ctx\" data-attrid=\"kc:\/location\/citytown:current weather\" data-ved=\"0ahUKEwjXrd_dhvnTAhWCgJAKHSb_A7kQyxMIywEoADAW\"><span style=\"font-size: 10pt;\"><span class=\"enfase\"><strong>Clima<\/strong>:\u00a0<\/span>Ver\u00e3o quente e chuvoso com temperatura m\u00e9dia de 21\u00ba e temperatura m\u00e1xima de 37\u00baC.\u00a0Inverno com temperatura m\u00ednima de 10\u00baC.<\/span><\/div>\n<div class=\"_mr kno-fb-ctx\" data-attrid=\"kc:\/location\/citytown:current weather\" data-ved=\"0ahUKEwjXrd_dhvnTAhWCgJAKHSb_A7kQyxMIywEoADAW\"><span style=\"font-size: 10pt;\"><span class=\"enfase\"><strong>Hidrografia<\/strong>:\u00a0<\/span>O complexo estu\u00e1rio da Bahia de Babitonga \u00e9 o maior do Estado de Santa Catarina.<\/span><\/div>\n<div class=\"_mr kno-fb-ctx\" data-attrid=\"kc:\/location\/citytown:current weather\" data-ved=\"0ahUKEwjXrd_dhvnTAhWCgJAKHSb_A7kQyxMIywEoADAW\"><span style=\"font-size: 10pt;\"><span class=\"enfase\"><strong>Aspectos Naturais<\/strong>:\u00a0<\/span>Vegeta\u00e7\u00e3o predominante: herb\u00e1cea e efl\u00favio marinha \u00a0 (mangue branco e vermelho), mata Atl\u00e2ntica, e morros t\u00edpicos da regi\u00e3o.<\/span><\/div>\n<div class=\"_mr kno-fb-ctx\" data-attrid=\"kc:\/location\/citytown:current weather\" data-ved=\"0ahUKEwjXrd_dhvnTAhWCgJAKHSb_A7kQyxMIywEoADAW\"><span style=\"font-size: 10pt;\"><span class=\"enfase\"><strong>Aspectos Culturais<\/strong>:\u00a0<\/span>Segundo pesquisas arqueol\u00f3gicas atrav\u00e9s de monumentos sambaquis e inscri\u00e7\u00f5es rupestres, \u00a0constatou-se que a regi\u00e3o tem sido habitada desde tempos imemoriais por nativos adaptados ao meio. Foram encontrados ossos e utens\u00edlios dos antigos habitantes.<\/span><br \/>\n<span style=\"font-size: 10pt;\">Com a coloniza\u00e7\u00e3o europ\u00e9ia iniciaram-se outras atividades como a pesca artesanal.<\/span><\/div>\n<hr \/>\n<div data-attrid=\"kc:\/location\/citytown:current weather\" data-ved=\"0ahUKEwjXrd_dhvnTAhWCgJAKHSb_A7kQyxMIywEoADAW\"><\/div>\n<div style=\"text-align: left;\" data-attrid=\"kc:\/location\/citytown:current weather\" data-ved=\"0ahUKEwjXrd_dhvnTAhWCgJAKHSb_A7kQyxMIywEoADAW\"><strong><span style=\"font-family: georgia, palatino, serif; font-size: 10pt;\">ESCOLHA SEU DESTINO E HOSPEDAGEM:<\/span><\/strong><\/div>\n<div data-attrid=\"kc:\/location\/citytown:current weather\" data-ved=\"0ahUKEwjXrd_dhvnTAhWCgJAKHSb_A7kQyxMIywEoADAW\"><\/div>\n<div data-attrid=\"kc:\/location\/citytown:current weather\" data-ved=\"0ahUKEwjXrd_dhvnTAhWCgJAKHSb_A7kQyxMIywEoADAW\"><\/div>\n<div class=\"_mr kno-fb-ctx\" style=\"text-align: center;\" data-attrid=\"kc:\/location\/citytown:current weather\" data-ved=\"0ahUKEwjXrd_dhvnTAhWCgJAKHSb_A7kQyxMIywEoADAW\"><a class=\"maxbutton-6 maxbutton maxbutton-destino-praias-de-sao-francisco-do-sul\" target=\"_blank\" rel=\"noopener\" href=\"http:\/\/saofranciscodosul.tur.br\/novosite\/praias-de-sao-francisco-do-sul\/\"><span class='mb-text'>PRAIAS<\/span><\/a>\u00a0 \u00a0 \u00a0 \u00a0 \u00a0 \u00a0 \u00a0 \u00a0 \u00a0 <a class=\"maxbutton-7 maxbutton maxbutton-hoteis-e-pousadas\" target=\"_blank\" rel=\"noopener\" href=\"http:\/\/saofranciscodosul.tur.br\/novosite\/pousadas-e-hoteis\/\"><span class='mb-text'>HOT\u00c9IS POUSADAS<\/span><\/a>\u00a0 \u00a0 \u00a0 \u00a0 \u00a0 \u00a0 \u00a0 \u00a0 \u00a0 <a class=\"maxbutton-3 maxbutton maxbutton-imoveis-por-temporada\" target=\"_blank\" rel=\"noopener\" href=\"https:\/\/saofranciscodosul.tur.br\/novosite\/imoveis-aluguel-temporada\/\"><span class='mb-text'>IM\u00d3VEIS TEMPORADA<\/span><\/a><\/div>\n<div data-attrid=\"kc:\/location\/citytown:current weather\" data-ved=\"0ahUKEwjXrd_dhvnTAhWCgJAKHSb_A7kQyxMIywEoADAW\"><\/div>\n<div data-attrid=\"kc:\/location\/citytown:current weather\" data-ved=\"0ahUKEwjXrd_dhvnTAhWCgJAKHSb_A7kQyxMIywEoADAW\">\n<hr \/>\n<\/div>\n","protected":false},"excerpt":{"rendered":"<p>s\u00e3o francisco do sul &gt; informa\u00e7\u00f5es gerais &gt; turismo &gt; santa catarina &gt; hospedagem &gt; s\u00e3o francisco do sul INFORMA\u00c7\u00d5ES GERAIS A ilha de S\u00e3o Francisco do Sul \u00e9 um &hellip;<\/p>\n","protected":false},"author":2,"featured_media":0,"parent":0,"menu_order":0,"comment_status":"closed","ping_status":"closed","template":"","meta":{"ngg_post_thumbnail":0,"_joinchat":{"telephone":"+5548996649997"},"footnotes":""},"class_list":["post-182","page","type-page","status-publish","hentry"],"aioseo_notices":[],"_links":{"self":[{"href":"https:\/\/saofranciscodosul.tur.br\/novosite\/wp-json\/wp\/v2\/pages\/182","targetHints":{"allow":["GET"]}}],"collection":[{"href":"https:\/\/saofranciscodosul.tur.br\/novosite\/wp-json\/wp\/v2\/pages"}],"about":[{"href":"https:\/\/saofranciscodosul.tur.br\/novosite\/wp-json\/wp\/v2\/types\/page"}],"author":[{"embeddable":true,"href":"https:\/\/saofranciscodosul.tur.br\/novosite\/wp-json\/wp\/v2\/users\/2"}],"replies":[{"embeddable":true,"href":"https:\/\/saofranciscodosul.tur.br\/novosite\/wp-json\/wp\/v2\/comments?post=182"}],"version-history":[{"count":0,"href":"https:\/\/saofranciscodosul.tur.br\/novosite\/wp-json\/wp\/v2\/pages\/182\/revisions"}],"wp:attachment":[{"href":"https:\/\/saofranciscodosul.tur.br\/novosite\/wp-json\/wp\/v2\/media?parent=182"}],"curies":[{"name":"wp","href":"https:\/\/api.w.org\/{rel}","templated":true}]}}