{"id":180,"date":"2017-05-18T05:43:58","date_gmt":"2017-05-18T08:43:58","guid":{"rendered":"http:\/\/localhost\/saofranciscodosul\/?page_id=180"},"modified":"2017-05-18T05:43:58","modified_gmt":"2017-05-18T08:43:58","slug":"sao-francisco-do-sul-turismo-e-lazer","status":"publish","type":"page","link":"https:\/\/saofranciscodosul.tur.br\/novosite\/sao-francisco-do-sul-turismo-e-lazer\/","title":{"rendered":"S\u00e3o Francisco do Sul, Turismo e Lazer"},"content":{"rendered":"<h5>S\u00e3o Francisco do Sul &gt;&gt; turismo &gt;&gt; lazer &gt;&gt; passeio de barco (escuna)<\/h5>\n<ul>\n<li><span class=\"enfase\">Turismo Barco Pr\u00edncipe de Joinville III <\/span><br \/>\nPasseio de Joinville a S\u00e3o Francisco do Sul<br \/>\n(47) 3455-4444 \/ 0824<\/li>\n<li><span class=\"enfase\">Escuna Maraike <\/span><br \/>\n(47) 3444-4390 \/ 99974-7266<\/li>\n<li><span class=\"enfase\">Passeio de escuna barco P\u00e9rola Negra<\/span><br \/>\n(47) 3442-3748 \/ 99107-7232<\/li>\n<li><span class=\"enfase\">Passeios de Escuna Restaurante Portela <\/span><br \/>\n(47) 3444-1579<\/li>\n<li><span class=\"enfase\">Passeio de barco Aldebaran &#8211; Ba\u00eda de Babil\u00f4nia<\/span><br \/>\n(47) 3442-3748 \/ 99129-1215<\/li>\n<li><span class=\"enfase\">Marujo Amigo Ramos Passeios de Barco e Pescarias <\/span><br \/>\n(47) 3449-0875 \/ 99974-3986<\/li>\n<li><span class=\"enfase\">Ag\u00eancia de Viagens Damstur<\/span><br \/>\n(47) 3444-4664<\/li>\n<li><span class=\"enfase\">Aluguel de Carros<\/span><br \/>\n(47) 3449-1372<\/li>\n<\/ul>\n","protected":false},"excerpt":{"rendered":"<p>S\u00e3o Francisco do Sul &gt;&gt; turismo &gt;&gt; lazer &gt;&gt; passeio de barco (escuna) Turismo Barco Pr\u00edncipe de Joinville III Passeio de Joinville a S\u00e3o Francisco do Sul (47) 3455-4444 \/ &hellip;<\/p>\n","protected":false},"author":2,"featured_media":0,"parent":0,"menu_order":0,"comment_status":"closed","ping_status":"closed","template":"","meta":{"ngg_post_thumbnail":0,"_joinchat":[],"footnotes":""},"class_list":["post-180","page","type-page","status-publish","hentry"],"aioseo_notices":[],"_links":{"self":[{"href":"https:\/\/saofranciscodosul.tur.br\/novosite\/wp-json\/wp\/v2\/pages\/180","targetHints":{"allow":["GET"]}}],"collection":[{"href":"https:\/\/saofranciscodosul.tur.br\/novosite\/wp-json\/wp\/v2\/pages"}],"about":[{"href":"https:\/\/saofranciscodosul.tur.br\/novosite\/wp-json\/wp\/v2\/types\/page"}],"author":[{"embeddable":true,"href":"https:\/\/saofranciscodosul.tur.br\/novosite\/wp-json\/wp\/v2\/users\/2"}],"replies":[{"embeddable":true,"href":"https:\/\/saofranciscodosul.tur.br\/novosite\/wp-json\/wp\/v2\/comments?post=180"}],"version-history":[{"count":0,"href":"https:\/\/saofranciscodosul.tur.br\/novosite\/wp-json\/wp\/v2\/pages\/180\/revisions"}],"wp:attachment":[{"href":"https:\/\/saofranciscodosul.tur.br\/novosite\/wp-json\/wp\/v2\/media?parent=180"}],"curies":[{"name":"wp","href":"https:\/\/api.w.org\/{rel}","templated":true}]}}