{"id":177,"date":"2017-05-18T05:38:16","date_gmt":"2017-05-18T08:38:16","guid":{"rendered":"http:\/\/localhost\/saofranciscodosul\/?page_id=177"},"modified":"2021-06-13T08:08:06","modified_gmt":"2021-06-13T11:08:06","slug":"sao-francisco-do-sul-historia","status":"publish","type":"page","link":"https:\/\/saofranciscodosul.tur.br\/novosite\/sao-francisco-do-sul-historia\/","title":{"rendered":"Hist\u00f3ria de S\u00e3o Francisco do Sul, Santa Catarina"},"content":{"rendered":"<p><span style=\"font-size: 10pt;\">s\u00e3o francisco do sul &gt; historia<\/span><\/p>\n<p class=\"linha\"><span style=\"font-size: 10pt;\">O primeiro antecedente data de 05 de janeiro de 1504, quando Binot Palmier, de Gonneville, navegador franc\u00eas, desembarcou na ilha de S\u00e3o francisco do Sul, no ciclo do descobrimento de Am\u00e9rica.<\/span><\/p>\n<p class=\"linha\"><span style=\"font-size: 10pt;\">Esses 500 anos do descobrimento, fazem da cidade a mais antiga do estado de Santa Catarina, e a terceira do Brasil.<\/span><\/p>\n<p class=\"linha\"><span style=\"font-size: 10pt;\">\u00c9 aqui que se inicia o processo de coloniza\u00e7\u00e3o do sul do Brasil. O povoamento come\u00e7ou em 1658 com a chegada de Manoel Louren\u00e7o de Andrade, que se estabeleceu com sua fam\u00edlia, ferramentas agr\u00edcolas e de minera\u00e7\u00e3o, e escravos.<\/span><\/p>\n<p class=\"linha\"><span style=\"font-size: 10pt;\">Em 1660 foi considerada vila, e tornada cidade em 1847.<\/span><\/p>\n<p>RECOMENDAMOS A VISITA AO MUSEU HIST\u00d3RICO<\/p>\n<p>Localizado no centro Hist\u00f3rico da cidade.<\/p>\n\t\t<div id=\"grsGal0\" class=\"grsGal0 grsTemplate2\">\t\t\t<div class=\"grsGalCont\" ng-controller=\"grsMasonry0\" ng-show=\"params.cssReady\" >\t\t\t\t<grs-masonry params=\"params\" resize scroll><\/grs-masonry>\t\t\t<\/div>\t\t<\/div>\t\t<script>\t\t\tvar grsAtts0 = jQuery.parseJSON('{\"id\":\"2\",\"view\":\"Masonry\",\"theme\":\"2\",\"width\":\"200\",\"height\":\"160\",\"contwidth\":\"100\",\"imagesperpage\":\"9\",\"type\":\"ver\",\"pagination\":\"loadMore\",\"title\":\"no\",\"orderby\":\"order\",\"ordering\":\"ASC\",\"clickaction\":\"openLightbox\",\"openlinktarget\":\"_top\",\"lightboxwidth\":\"800\",\"lightboxheight\":\"600\",\"lightboxfilmstrip\":\"0\",\"lightboxcomment\":\"0\",\"lightboxcontbutts\":\"1\",\"lightboxfullw\":\"0\",\"lightboxfbutt\":\"1\",\"lightboxtbutt\":\"1\",\"lightboxpbutt\":\"1\",\"lightboxtbbutt\":\"1\",\"lightboxlibutt\":\"1\",\"lightboxreddbutt\":\"1\",\"lightboxfsbutt\":\"1\",\"lightboxap\":\"1\",\"lightboxapin\":\"1\",\"lightboximinf\":\"1\",\"lightboxswipe\":\"1\",\"lightboximcn\":\"1\",\"lightboxeffect\":\"fade\",\"themeLastModDate\":\"1499898380\"}');\t\t\tgrsApp.controller('grsMasonry0', ['$scope', '$filter', '$log',\t\t\t\tfunction ($scope, $filter, $log) {\t\t\t\t\t$scope.params = {\t\t\t\t\t\tshatts: grsAtts0,\t\t\t\t\t\tgrs: '0',\t\t\t\t\t\tdata: {\t\t\t\t\t\t\timages : [],\t\t\t\t\t\t\tcomments: [],\t\t\t\t\t\t\ttheme: {}\t\t\t\t\t\t},\t\t\t\t\t\tcssReady: false\t\t\t\t\t};\t\t\t\t\tinsertCss(grsAtts0, '0');\t\t\t\t}\t\t\t]);\t\t<\/script>\t\t\t\t\n<div align=\"center\">&nbsp;<\/div>\n","protected":false},"excerpt":{"rendered":"<p>s\u00e3o francisco do sul &gt; historia O primeiro antecedente data de 05 de janeiro de 1504, quando Binot Palmier, de Gonneville, navegador franc\u00eas, desembarcou na ilha de S\u00e3o francisco do &hellip;<\/p>\n","protected":false},"author":2,"featured_media":0,"parent":0,"menu_order":0,"comment_status":"closed","ping_status":"closed","template":"","meta":{"ngg_post_thumbnail":0,"_joinchat":{"telephone":"+5548996649997"},"footnotes":""},"class_list":["post-177","page","type-page","status-publish","hentry"],"aioseo_notices":[],"_links":{"self":[{"href":"https:\/\/saofranciscodosul.tur.br\/novosite\/wp-json\/wp\/v2\/pages\/177","targetHints":{"allow":["GET"]}}],"collection":[{"href":"https:\/\/saofranciscodosul.tur.br\/novosite\/wp-json\/wp\/v2\/pages"}],"about":[{"href":"https:\/\/saofranciscodosul.tur.br\/novosite\/wp-json\/wp\/v2\/types\/page"}],"author":[{"embeddable":true,"href":"https:\/\/saofranciscodosul.tur.br\/novosite\/wp-json\/wp\/v2\/users\/2"}],"replies":[{"embeddable":true,"href":"https:\/\/saofranciscodosul.tur.br\/novosite\/wp-json\/wp\/v2\/comments?post=177"}],"version-history":[{"count":3,"href":"https:\/\/saofranciscodosul.tur.br\/novosite\/wp-json\/wp\/v2\/pages\/177\/revisions"}],"predecessor-version":[{"id":5249,"href":"https:\/\/saofranciscodosul.tur.br\/novosite\/wp-json\/wp\/v2\/pages\/177\/revisions\/5249"}],"wp:attachment":[{"href":"https:\/\/saofranciscodosul.tur.br\/novosite\/wp-json\/wp\/v2\/media?parent=177"}],"curies":[{"name":"wp","href":"https:\/\/api.w.org\/{rel}","templated":true}]}}