{"id":139,"date":"2017-05-10T07:07:09","date_gmt":"2017-05-10T10:07:09","guid":{"rendered":"http:\/\/localhost\/saofranciscodosul\/?page_id=139"},"modified":"2020-12-25T08:38:39","modified_gmt":"2020-12-25T11:38:39","slug":"pontos-turisticos","status":"publish","type":"page","link":"https:\/\/saofranciscodosul.tur.br\/novosite\/pontos-turisticos\/","title":{"rendered":"Pontos Turisticos de S\u00e2o Francisco do Sul &#8211; SC"},"content":{"rendered":"<p><span style=\"font-family: georgia, palatino, serif; color: #ff0000; font-size: 10pt;\"><strong>Pontos Tur\u00edsticos de S\u00e3o Francisco do Sul<\/strong><\/span><\/p>\n<p><span style=\"font-family: georgia, palatino, serif; font-size: 10pt;\">Alguns dos pontos tur\u00edsticos que n\u00e3o pode deixar de conhecer ao visitar a ilha de S\u00e3o Francisco do Sul, (S\u00e3o Chico)<\/span><\/p>\n<p><strong>Centro Hist\u00f3rico<\/strong><\/p>\n<p>\t\t<div id=\"grsGal0\" class=\"grsGal0 grsTemplate2\">\t\t\t<div class=\"grsGalCont\" ng-controller=\"grsFilm0\" ng-show=\"params.cssReady\" >\t\t\t\t<grs-film params=\"params\" resize scroll><\/grs-film>\t\t\t<\/div>\t\t<\/div>\t\t\t\t\t<script>\t\t\tvar grsAtts0 = jQuery.parseJSON('{\"id\":\"2\",\"view\":\"Film\",\"theme\":\"2\",\"width\":\"200\",\"height\":\"160\",\"contwidth\":\"100\",\"imagesperpage\":\"20\",\"nav\":\"buttons\",\"title\":\"onhover\",\"orderby\":\"order\",\"ordering\":\"ASC\",\"clickaction\":\"openLightbox\",\"openlinktarget\":\"_top\",\"lightboxwidth\":\"800\",\"lightboxheight\":\"600\",\"lightboxfilmstrip\":\"0\",\"lightboxcomment\":\"0\",\"lightboxcontbutts\":\"1\",\"lightboxfullw\":\"0\",\"lightboxfbutt\":\"1\",\"lightboxgbutt\":\"1\",\"lightboxtbutt\":\"1\",\"lightboxpbutt\":\"1\",\"lightboxtbbutt\":\"1\",\"lightboxlibutt\":\"1\",\"lightboxreddbutt\":\"1\",\"lightboxfsbutt\":\"1\",\"lightboxap\":\"1\",\"lightboxapin\":\"1\",\"lightboximinf\":\"1\",\"lightboxswipe\":\"1\",\"lightboximcn\":\"1\",\"lightboxeffect\":\"fade\",\"themeLastModDate\":\"1499898380\"}');\t\t\tgrsApp.controller('grsFilm0', ['$scope', 'GrsService',\t\t\t\tfunction ($scope, GrsService) {\t\t\t\t\t$scope.params = {\t\t\t\t\t\tshatts: grsAtts0,\t\t\t\t\t\tgrs: '0',\t\t\t\t\t\tdata: {\t\t\t\t\t\t\timages : [],\t\t\t\t\t\t\tcomments: [],\t\t\t\t\t\t\ttheme: {}\t\t\t\t\t\t},\t\t\t\t\t\tcssReady: false\t\t\t\t\t};\t\t\t\t\tinsertCss(grsAtts0, '0');\t\t\t\t}\t\t\t]);\t\t<\/script>\t\t<strong>Museu do Mar<\/strong><\/p>\n<p>\t\t<div id=\"grsGal1\" class=\"grsGal1 grsTemplate2\">\t\t\t<div class=\"grsGalCont\" ng-controller=\"grsFilm1\" ng-show=\"params.cssReady\" >\t\t\t\t<grs-film params=\"params\" resize scroll><\/grs-film>\t\t\t<\/div>\t\t<\/div>\t\t\t\t\t<script>\t\t\tvar grsAtts1 = jQuery.parseJSON('{\"id\":\"19\",\"view\":\"Film\",\"theme\":\"2\",\"width\":\"200\",\"height\":\"160\",\"contwidth\":\"100\",\"imagesperpage\":\"20\",\"nav\":\"buttons\",\"title\":\"onhover\",\"orderby\":\"order\",\"ordering\":\"ASC\",\"clickaction\":\"openLightbox\",\"openlinktarget\":\"_top\",\"lightboxwidth\":\"800\",\"lightboxheight\":\"600\",\"lightboxfilmstrip\":\"0\",\"lightboxcomment\":\"0\",\"lightboxcontbutts\":\"1\",\"lightboxfullw\":\"0\",\"lightboxfbutt\":\"1\",\"lightboxgbutt\":\"1\",\"lightboxtbutt\":\"1\",\"lightboxpbutt\":\"1\",\"lightboxtbbutt\":\"1\",\"lightboxlibutt\":\"1\",\"lightboxreddbutt\":\"1\",\"lightboxfsbutt\":\"1\",\"lightboxap\":\"1\",\"lightboxapin\":\"1\",\"lightboximinf\":\"1\",\"lightboxswipe\":\"1\",\"lightboximcn\":\"1\",\"lightboxeffect\":\"fade\",\"themeLastModDate\":\"1499898380\"}');\t\t\tgrsApp.controller('grsFilm1', ['$scope', 'GrsService',\t\t\t\tfunction ($scope, GrsService) {\t\t\t\t\t$scope.params = {\t\t\t\t\t\tshatts: grsAtts1,\t\t\t\t\t\tgrs: '1',\t\t\t\t\t\tdata: {\t\t\t\t\t\t\timages : [],\t\t\t\t\t\t\tcomments: [],\t\t\t\t\t\t\ttheme: {}\t\t\t\t\t\t},\t\t\t\t\t\tcssReady: false\t\t\t\t\t};\t\t\t\t\tinsertCss(grsAtts1, '1');\t\t\t\t}\t\t\t]);\t\t<\/script>\t\t<strong>Forte Mareschal Luz<\/strong><\/p>\n<p>\t\t<div id=\"grsGal2\" class=\"grsGal2 grsTemplate2\">\t\t\t<div class=\"grsGalCont\" ng-controller=\"grsFilm2\" ng-show=\"params.cssReady\" >\t\t\t\t<grs-film params=\"params\" resize scroll><\/grs-film>\t\t\t<\/div>\t\t<\/div>\t\t\t\t\t<script>\t\t\tvar grsAtts2 = jQuery.parseJSON('{\"id\":\"37\",\"view\":\"Film\",\"theme\":\"2\",\"width\":\"200\",\"height\":\"160\",\"contwidth\":\"100\",\"imagesperpage\":\"20\",\"nav\":\"buttons\",\"title\":\"onhover\",\"orderby\":\"order\",\"ordering\":\"ASC\",\"clickaction\":\"openLightbox\",\"openlinktarget\":\"_top\",\"lightboxwidth\":\"800\",\"lightboxheight\":\"600\",\"lightboxfilmstrip\":\"0\",\"lightboxcomment\":\"0\",\"lightboxcontbutts\":\"1\",\"lightboxfullw\":\"0\",\"lightboxfbutt\":\"1\",\"lightboxgbutt\":\"1\",\"lightboxtbutt\":\"1\",\"lightboxpbutt\":\"1\",\"lightboxtbbutt\":\"1\",\"lightboxlibutt\":\"1\",\"lightboxreddbutt\":\"1\",\"lightboxfsbutt\":\"1\",\"lightboxap\":\"1\",\"lightboxapin\":\"1\",\"lightboximinf\":\"1\",\"lightboxswipe\":\"1\",\"lightboximcn\":\"1\",\"lightboxeffect\":\"fade\",\"themeLastModDate\":\"1499898380\"}');\t\t\tgrsApp.controller('grsFilm2', ['$scope', 'GrsService',\t\t\t\tfunction ($scope, GrsService) {\t\t\t\t\t$scope.params = {\t\t\t\t\t\tshatts: grsAtts2,\t\t\t\t\t\tgrs: '2',\t\t\t\t\t\tdata: {\t\t\t\t\t\t\timages : [],\t\t\t\t\t\t\tcomments: [],\t\t\t\t\t\t\ttheme: {}\t\t\t\t\t\t},\t\t\t\t\t\tcssReady: false\t\t\t\t\t};\t\t\t\t\tinsertCss(grsAtts2, '2');\t\t\t\t}\t\t\t]);\t\t<\/script>\t\t<strong>Igreja Nossa Sra. de Gra\u00e7a<\/strong><\/p>\n<p>\t\t<div id=\"grsGal3\" class=\"grsGal3 grsTemplate2\">\t\t\t<div class=\"grsGalCont\" ng-controller=\"grsFilm3\" ng-show=\"params.cssReady\" >\t\t\t\t<grs-film params=\"params\" resize scroll><\/grs-film>\t\t\t<\/div>\t\t<\/div>\t\t\t\t\t<script>\t\t\tvar grsAtts3 = jQuery.parseJSON('{\"id\":\"39\",\"view\":\"Film\",\"theme\":\"2\",\"width\":\"200\",\"height\":\"160\",\"contwidth\":\"100\",\"imagesperpage\":\"20\",\"nav\":\"buttons\",\"title\":\"onhover\",\"orderby\":\"order\",\"ordering\":\"ASC\",\"clickaction\":\"openLightbox\",\"openlinktarget\":\"_top\",\"lightboxwidth\":\"800\",\"lightboxheight\":\"600\",\"lightboxfilmstrip\":\"0\",\"lightboxcomment\":\"0\",\"lightboxcontbutts\":\"1\",\"lightboxfullw\":\"0\",\"lightboxfbutt\":\"1\",\"lightboxgbutt\":\"1\",\"lightboxtbutt\":\"1\",\"lightboxpbutt\":\"1\",\"lightboxtbbutt\":\"1\",\"lightboxlibutt\":\"1\",\"lightboxreddbutt\":\"1\",\"lightboxfsbutt\":\"1\",\"lightboxap\":\"1\",\"lightboxapin\":\"1\",\"lightboximinf\":\"1\",\"lightboxswipe\":\"1\",\"lightboximcn\":\"1\",\"lightboxeffect\":\"fade\",\"themeLastModDate\":\"1499898380\"}');\t\t\tgrsApp.controller('grsFilm3', ['$scope', 'GrsService',\t\t\t\tfunction ($scope, GrsService) {\t\t\t\t\t$scope.params = {\t\t\t\t\t\tshatts: grsAtts3,\t\t\t\t\t\tgrs: '3',\t\t\t\t\t\tdata: {\t\t\t\t\t\t\timages : [],\t\t\t\t\t\t\tcomments: [],\t\t\t\t\t\t\ttheme: {}\t\t\t\t\t\t},\t\t\t\t\t\tcssReady: false\t\t\t\t\t};\t\t\t\t\tinsertCss(grsAtts3, '3');\t\t\t\t}\t\t\t]);\t\t<\/script>\t\t<strong>Museu Hist\u00f3rico<\/strong><\/p>\n\t\t<div id=\"grsGal4\" class=\"grsGal4 grsTemplate2\">\t\t\t<div class=\"grsGalCont\" ng-controller=\"grsFilm4\" ng-show=\"params.cssReady\" >\t\t\t\t<grs-film params=\"params\" resize scroll><\/grs-film>\t\t\t<\/div>\t\t<\/div>\t\t\t\t\t<script>\t\t\tvar grsAtts4 = jQuery.parseJSON('{\"id\":\"20\",\"view\":\"Film\",\"theme\":\"2\",\"width\":\"200\",\"height\":\"160\",\"contwidth\":\"100\",\"imagesperpage\":\"20\",\"nav\":\"buttons\",\"title\":\"onhover\",\"orderby\":\"order\",\"ordering\":\"ASC\",\"clickaction\":\"openLightbox\",\"openlinktarget\":\"_top\",\"lightboxwidth\":\"800\",\"lightboxheight\":\"600\",\"lightboxfilmstrip\":\"0\",\"lightboxcomment\":\"0\",\"lightboxcontbutts\":\"1\",\"lightboxfullw\":\"0\",\"lightboxfbutt\":\"1\",\"lightboxgbutt\":\"1\",\"lightboxtbutt\":\"1\",\"lightboxpbutt\":\"1\",\"lightboxtbbutt\":\"1\",\"lightboxlibutt\":\"1\",\"lightboxreddbutt\":\"1\",\"lightboxfsbutt\":\"1\",\"lightboxap\":\"1\",\"lightboxapin\":\"1\",\"lightboximinf\":\"1\",\"lightboxswipe\":\"1\",\"lightboximcn\":\"1\",\"lightboxeffect\":\"fade\",\"themeLastModDate\":\"1499898380\"}');\t\t\tgrsApp.controller('grsFilm4', ['$scope', 'GrsService',\t\t\t\tfunction ($scope, GrsService) {\t\t\t\t\t$scope.params = {\t\t\t\t\t\tshatts: grsAtts4,\t\t\t\t\t\tgrs: '4',\t\t\t\t\t\tdata: {\t\t\t\t\t\t\timages : [],\t\t\t\t\t\t\tcomments: [],\t\t\t\t\t\t\ttheme: {}\t\t\t\t\t\t},\t\t\t\t\t\tcssReady: false\t\t\t\t\t};\t\t\t\t\tinsertCss(grsAtts4, '4');\t\t\t\t}\t\t\t]);\t\t<\/script>\t\t\n","protected":false},"excerpt":{"rendered":"<p>Pontos Tur\u00edsticos de S\u00e3o Francisco do Sul Alguns dos pontos tur\u00edsticos que n\u00e3o pode deixar de conhecer ao visitar a ilha de S\u00e3o Francisco do Sul, (S\u00e3o Chico) Centro Hist\u00f3rico &hellip;<\/p>\n","protected":false},"author":2,"featured_media":0,"parent":0,"menu_order":0,"comment_status":"closed","ping_status":"closed","template":"","meta":{"ngg_post_thumbnail":0,"_joinchat":{"telephone":"+5548996649997","message_text":"Ol\u00e1 !\nVoc\u00ea entrou em contato com a plataforma de hospedagem e reservas SAOFRANCISCODOSUL.TUR.BR\nPosso lhe ajudar ?\nConsultas e reservas, deve enviar seu whats ao estabelecimento escolhido. O contato deles esta na pagina de cada um dos lugares.","message_send":"mensagem proveniente de S\u00e3ofrancsicodosul.tur.br"},"footnotes":""},"class_list":["post-139","page","type-page","status-publish","hentry"],"aioseo_notices":[],"_links":{"self":[{"href":"https:\/\/saofranciscodosul.tur.br\/novosite\/wp-json\/wp\/v2\/pages\/139","targetHints":{"allow":["GET"]}}],"collection":[{"href":"https:\/\/saofranciscodosul.tur.br\/novosite\/wp-json\/wp\/v2\/pages"}],"about":[{"href":"https:\/\/saofranciscodosul.tur.br\/novosite\/wp-json\/wp\/v2\/types\/page"}],"author":[{"embeddable":true,"href":"https:\/\/saofranciscodosul.tur.br\/novosite\/wp-json\/wp\/v2\/users\/2"}],"replies":[{"embeddable":true,"href":"https:\/\/saofranciscodosul.tur.br\/novosite\/wp-json\/wp\/v2\/comments?post=139"}],"version-history":[{"count":0,"href":"https:\/\/saofranciscodosul.tur.br\/novosite\/wp-json\/wp\/v2\/pages\/139\/revisions"}],"wp:attachment":[{"href":"https:\/\/saofranciscodosul.tur.br\/novosite\/wp-json\/wp\/v2\/media?parent=139"}],"curies":[{"name":"wp","href":"https:\/\/api.w.org\/{rel}","templated":true}]}}