{"id":1111,"date":"2017-09-28T08:04:56","date_gmt":"2017-09-28T11:04:56","guid":{"rendered":"http:\/\/saofranciscodosul.tur.br\/novosite\/?page_id=1111"},"modified":"2025-03-26T08:54:51","modified_gmt":"2025-03-26T11:54:51","slug":"enseada-hoteis-pousadas","status":"publish","type":"page","link":"https:\/\/saofranciscodosul.tur.br\/novosite\/enseada-hoteis-pousadas\/","title":{"rendered":"Enseada &#8211; Hot\u00e9is e pousadas"},"content":{"rendered":"<p><span style=\"font-size: 8pt; font-family: arial, helvetica, sans-serif;\">S\u00e3o Francisco do Sul&nbsp; &gt; enseada &gt; hot\u00e9is e pousadas &gt; hotel &gt; pousada<\/span><\/p>\n<p style=\"text-align: center;\"><span style=\"color: #ff0000; font-size: 10pt;\"><strong><span style=\"font-family: georgia, palatino, serif;\">PRAIA ENSEADA &#8211; HOT\u00c9IS E POUSADAS<\/span><\/strong><\/span><\/p>\n<hr>\n<p><span style=\"font-family: georgia, palatino, serif; font-size: 10pt;\"><strong>HOTEL GAIVOTAS &#8211;&nbsp; Praia Enseada&nbsp;<\/strong><\/span><\/p>\n<p>\t\t<div id=\"grsGal0\" class=\"grsGal0 grsTemplate2\">\t\t\t<div class=\"grsGalCont\" ng-controller=\"grsFilm0\" ng-show=\"params.cssReady\" >\t\t\t\t<grs-film params=\"params\" resize scroll><\/grs-film>\t\t\t<\/div>\t\t<\/div>\t\t\t\t\t<script>\t\t\tvar grsAtts0 = jQuery.parseJSON('{\"id\":\"8\",\"view\":\"Film\",\"theme\":\"2\",\"width\":\"360\",\"height\":\"160\",\"contwidth\":\"100\",\"imagesperpage\":\"20\",\"nav\":\"buttons\",\"title\":\"no\",\"orderby\":\"order\",\"ordering\":\"ASC\",\"clickaction\":\"openLightbox\",\"openlinktarget\":\"_top\",\"lightboxwidth\":\"800\",\"lightboxheight\":\"600\",\"lightboxfilmstrip\":\"undefined\",\"lightboxcomment\":\"undefined\",\"lightboxcontbutts\":\"1\",\"lightboxfullw\":\"0\",\"lightboxfbutt\":\"1\",\"lightboxtbutt\":\"1\",\"lightboxpbutt\":\"1\",\"lightboxtbbutt\":\"1\",\"lightboxlibutt\":\"1\",\"lightboxreddbutt\":\"1\",\"lightboxfsbutt\":\"1\",\"lightboxap\":\"1\",\"lightboxapin\":\"1\",\"lightboximinf\":\"1\",\"lightboxswipe\":\"1\",\"lightboximcn\":\"1\",\"lightboxeffect\":\"fade\",\"themeLastModDate\":\"1499898380\"}');\t\t\tgrsApp.controller('grsFilm0', ['$scope', 'GrsService',\t\t\t\tfunction ($scope, GrsService) {\t\t\t\t\t$scope.params = {\t\t\t\t\t\tshatts: grsAtts0,\t\t\t\t\t\tgrs: '0',\t\t\t\t\t\tdata: {\t\t\t\t\t\t\timages : [],\t\t\t\t\t\t\tcomments: [],\t\t\t\t\t\t\ttheme: {}\t\t\t\t\t\t},\t\t\t\t\t\tcssReady: false\t\t\t\t\t};\t\t\t\t\tinsertCss(grsAtts0, '0');\t\t\t\t}\t\t\t]);\t\t<\/script>\t\t<span style=\"font-family: georgia, palatino, serif; font-size: 10pt;\">Localizados a 100 m da praia. terra\u00e7o c\/piscina com vista ao mar, apartamentos para 2\/ 4 pessoas, com TV, wi-fi, caf\u00e9 da manh\u00e3, servi\u00e7o de&#8230;<\/span>&nbsp;<\/p>\n<p style=\"text-align: right;\"><span style=\"font-family: georgia, palatino, serif; font-size: 10pt;\"><a href=\"https:\/\/saofranciscodosul.tur.br\/novosite\/enseada-hotel-gaivotas\/\" target=\"_blank\" rel=\"noopener\">+ Informa\u00e7\u00f5es, tarifas, reservas<\/a><\/span><\/p>\n<hr>\n<p><span style=\"font-family: georgia, palatino, serif; font-size: 10pt;\"><strong>HOTEL FRAGATA &#8211; Praia Enseada<\/strong><\/span><\/p>\n<p>\t\t<div id=\"grsGal1\" class=\"grsGal1 grsTemplate2\">\t\t\t<div class=\"grsGalCont\" ng-controller=\"grsFilm1\" ng-show=\"params.cssReady\" >\t\t\t\t<grs-film params=\"params\" resize scroll><\/grs-film>\t\t\t<\/div>\t\t<\/div>\t\t\t\t\t<script>\t\t\tvar grsAtts1 = jQuery.parseJSON('{\"id\":\"12\",\"view\":\"Film\",\"theme\":\"2\",\"width\":\"360\",\"height\":\"160\",\"contwidth\":\"100\",\"imagesperpage\":\"20\",\"nav\":\"buttons\",\"title\":\"no\",\"orderby\":\"order\",\"ordering\":\"ASC\",\"clickaction\":\"openLightbox\",\"openlinktarget\":\"_top\",\"lightboxwidth\":\"800\",\"lightboxheight\":\"600\",\"lightboxfilmstrip\":\"undefined\",\"lightboxcomment\":\"undefined\",\"lightboxcontbutts\":\"1\",\"lightboxfullw\":\"0\",\"lightboxfbutt\":\"1\",\"lightboxtbutt\":\"1\",\"lightboxpbutt\":\"1\",\"lightboxtbbutt\":\"1\",\"lightboxlibutt\":\"1\",\"lightboxreddbutt\":\"1\",\"lightboxfsbutt\":\"1\",\"lightboxap\":\"1\",\"lightboxapin\":\"1\",\"lightboximinf\":\"1\",\"lightboxswipe\":\"1\",\"lightboximcn\":\"1\",\"lightboxeffect\":\"fade\",\"themeLastModDate\":\"1499898380\"}');\t\t\tgrsApp.controller('grsFilm1', ['$scope', 'GrsService',\t\t\t\tfunction ($scope, GrsService) {\t\t\t\t\t$scope.params = {\t\t\t\t\t\tshatts: grsAtts1,\t\t\t\t\t\tgrs: '1',\t\t\t\t\t\tdata: {\t\t\t\t\t\t\timages : [],\t\t\t\t\t\t\tcomments: [],\t\t\t\t\t\t\ttheme: {}\t\t\t\t\t\t},\t\t\t\t\t\tcssReady: false\t\t\t\t\t};\t\t\t\t\tinsertCss(grsAtts1, '1');\t\t\t\t}\t\t\t]);\t\t<\/script>\t\t<span style=\"font-family: georgia, palatino, serif; font-size: 10pt;\">Localizados frente ao mar da enseada. Apartamentos com sacada, frigobar, ar condicionado, caf\u00e9 da manh\u00e3, wi fi, estacionamento, &#8230;<\/span>&nbsp;<\/p>\n<p style=\"text-align: right;\"><span style=\"font-family: georgia, palatino, serif; font-size: 10pt;\"><a href=\"https:\/\/saofranciscodosul.tur.br\/novosite\/enseada-hotel-fragata\/\" target=\"_blank\" rel=\"noopener\">+ Informa\u00e7\u00f5es, tarifas, reservas<\/a><\/span><\/p>\n<hr>\n<p><strong><span style=\"font-size: 10pt; font-family: georgia, palatino, serif;\">POUSADA DA ILHA &#8211;&nbsp;<\/span><\/strong><strong><span style=\"font-size: 10pt; font-family: georgia, palatino, serif;\">Prainha da Enseada<\/span><\/strong><\/p>\n<p>\t\t<div id=\"grsGal2\" class=\"grsGal2 grsTemplate2\">\t\t\t<div class=\"grsGalCont\" ng-controller=\"grsFilm2\" ng-show=\"params.cssReady\" >\t\t\t\t<grs-film params=\"params\" resize scroll><\/grs-film>\t\t\t<\/div>\t\t<\/div>\t\t\t\t\t<script>\t\t\tvar grsAtts2 = jQuery.parseJSON('{\"id\":\"154\",\"view\":\"Film\",\"theme\":\"2\",\"width\":\"360\",\"height\":\"160\",\"contwidth\":\"100\",\"imagesperpage\":\"20\",\"nav\":\"buttons\",\"title\":\"no\",\"orderby\":\"order\",\"ordering\":\"ASC\",\"clickaction\":\"openLightbox\",\"openlinktarget\":\"_top\",\"lightboxwidth\":\"800\",\"lightboxheight\":\"600\",\"lightboxfilmstrip\":\"undefined\",\"lightboxcomment\":\"undefined\",\"lightboxcontbutts\":\"1\",\"lightboxfullw\":\"1\",\"lightboxfbutt\":\"1\",\"lightboxtbutt\":\"1\",\"lightboxpbutt\":\"1\",\"lightboxtbbutt\":\"1\",\"lightboxlibutt\":\"1\",\"lightboxreddbutt\":\"1\",\"lightboxfsbutt\":\"1\",\"lightboxap\":\"1\",\"lightboxapin\":\"1\",\"lightboximinf\":\"1\",\"lightboxswipe\":\"1\",\"lightboximcn\":\"1\",\"lightboxeffect\":\"fade\",\"themeLastModDate\":\"1499898380\"}');\t\t\tgrsApp.controller('grsFilm2', ['$scope', 'GrsService',\t\t\t\tfunction ($scope, GrsService) {\t\t\t\t\t$scope.params = {\t\t\t\t\t\tshatts: grsAtts2,\t\t\t\t\t\tgrs: '2',\t\t\t\t\t\tdata: {\t\t\t\t\t\t\timages : [],\t\t\t\t\t\t\tcomments: [],\t\t\t\t\t\t\ttheme: {}\t\t\t\t\t\t},\t\t\t\t\t\tcssReady: false\t\t\t\t\t};\t\t\t\t\tinsertCss(grsAtts2, '2');\t\t\t\t}\t\t\t]);\t\t<\/script>\t\t<span style=\"font-family: georgia, palatino, serif; font-size: 10pt;\">Localizada na Praia da Saudade (Prainha), \u00e1 50 m da praia, com vista panor\u00e3mica, quartos com ar condicionado, caf\u00e9 da manh\u00e3, servi\u00e7o de quarto. Dispomos de \u00e1rea de HOSTEL, garagem, TV smart&#8230;&#8230;&#8230;<\/span>&nbsp;&nbsp;&nbsp;<\/p>\n<p style=\"text-align: right;\"><span style=\"font-family: georgia, palatino, serif;\"><span style=\"font-size: 10pt;\"><a href=\"https:\/\/saofranciscodosul.tur.br\/novosite\/enseada-pousadas-prainha-pousada-da-ilha\/\" target=\"_blank\" rel=\"noopener\">+ informa\u00e7\u00f5es, tarifas, reservas<\/a><\/span><\/span><\/p>\n<hr>\n<p style=\"text-align: left;\"><span style=\"font-family: georgia, palatino, serif;\"><strong><span style=\"font-size: 10pt;\">POUSADA DOCE VIDA &#8211;&nbsp;<\/span><\/strong><\/span><strong><span style=\"font-size: 10pt;\">Praia Itagua\u00e7u<\/span><\/strong>&nbsp;<\/p>\n\t\t<div id=\"grsGal3\" class=\"grsGal3 grsTemplate2\">\t\t\t<div class=\"grsGalCont\" ng-controller=\"grsFilm3\" ng-show=\"params.cssReady\" >\t\t\t\t<grs-film params=\"params\" resize scroll><\/grs-film>\t\t\t<\/div>\t\t<\/div>\t\t\t\t\t<script>\t\t\tvar grsAtts3 = jQuery.parseJSON('{\"id\":\"149\",\"view\":\"Film\",\"theme\":\"2\",\"width\":\"360\",\"height\":\"160\",\"contwidth\":\"100\",\"imagesperpage\":\"20\",\"nav\":\"buttons\",\"title\":\"no\",\"orderby\":\"order\",\"ordering\":\"ASC\",\"clickaction\":\"openLightbox\",\"openlinktarget\":\"_top\",\"lightboxwidth\":\"800\",\"lightboxheight\":\"600\",\"lightboxfilmstrip\":\"undefined\",\"lightboxcomment\":\"undefined\",\"lightboxcontbutts\":\"1\",\"lightboxfullw\":\"1\",\"lightboxfbutt\":\"1\",\"lightboxtbutt\":\"1\",\"lightboxpbutt\":\"1\",\"lightboxtbbutt\":\"1\",\"lightboxlibutt\":\"1\",\"lightboxreddbutt\":\"1\",\"lightboxfsbutt\":\"1\",\"lightboxap\":\"1\",\"lightboxapin\":\"1\",\"lightboximinf\":\"1\",\"lightboxswipe\":\"1\",\"lightboximcn\":\"1\",\"lightboxeffect\":\"fade\",\"themeLastModDate\":\"1499898380\"}');\t\t\tgrsApp.controller('grsFilm3', ['$scope', 'GrsService',\t\t\t\tfunction ($scope, GrsService) {\t\t\t\t\t$scope.params = {\t\t\t\t\t\tshatts: grsAtts3,\t\t\t\t\t\tgrs: '3',\t\t\t\t\t\tdata: {\t\t\t\t\t\t\timages : [],\t\t\t\t\t\t\tcomments: [],\t\t\t\t\t\t\ttheme: {}\t\t\t\t\t\t},\t\t\t\t\t\tcssReady: false\t\t\t\t\t};\t\t\t\t\tinsertCss(grsAtts3, '3');\t\t\t\t}\t\t\t]);\t\t<\/script>\t\t\n<p style=\"text-align: left;\"><span style=\"font-size: 10pt; font-family: georgia, palatino, serif;\">Localizada na praia Itagua\u00e7u, a 100 m da praia, com piscina num jardim agrad\u00e1vel, a s\u00f3 uma quadra do mar. Dispomos de piscina, jardim, a s\u00f3 100 m do mar, com confort\u00e1veis su\u00edtes com caf\u00e9 da manh\u00e3, wi fi,&#8230;&nbsp; &nbsp; &nbsp;<\/span><\/p>\n<p style=\"text-align: right;\"><span style=\"font-size: 10pt;\"><span style=\"font-family: georgia, palatino, serif;\"><a href=\"https:\/\/saofranciscodosul.tur.br\/novosite\/sao-francisco-do-sul-itaguacu-pousada\/\" target=\"_blank\" rel=\"noopener\">+ informa\u00e7\u00f5es, tarifas, reservas<\/a><\/span><\/span><\/p>\n<hr>\n<p><strong><span style=\"font-size: 10pt;\"><span style=\"font-family: georgia, palatino, serif;\">POUSADA RESIDENCIAL DOS REIS &#8211;&nbsp;<\/span><span style=\"font-family: georgia, palatino, serif;\">Praia enseada<\/span><\/span><\/strong><\/p>\n<p>\t\t<div id=\"grsGal4\" class=\"grsGal4 grsTemplate2\">\t\t\t<div class=\"grsGalCont\" ng-controller=\"grsFilm4\" ng-show=\"params.cssReady\" >\t\t\t\t<grs-film params=\"params\" resize scroll><\/grs-film>\t\t\t<\/div>\t\t<\/div>\t\t\t\t\t<script>\t\t\tvar grsAtts4 = jQuery.parseJSON('{\"id\":\"148\",\"view\":\"Film\",\"theme\":\"2\",\"width\":\"360\",\"height\":\"160\",\"contwidth\":\"100\",\"imagesperpage\":\"20\",\"nav\":\"buttons\",\"title\":\"no\",\"orderby\":\"order\",\"ordering\":\"ASC\",\"clickaction\":\"openLightbox\",\"openlinktarget\":\"_top\",\"lightboxwidth\":\"800\",\"lightboxheight\":\"600\",\"lightboxfilmstrip\":\"undefined\",\"lightboxcomment\":\"undefined\",\"lightboxcontbutts\":\"1\",\"lightboxfullw\":\"1\",\"lightboxfbutt\":\"1\",\"lightboxtbutt\":\"1\",\"lightboxpbutt\":\"1\",\"lightboxtbbutt\":\"1\",\"lightboxlibutt\":\"1\",\"lightboxreddbutt\":\"1\",\"lightboxfsbutt\":\"1\",\"lightboxap\":\"1\",\"lightboxapin\":\"1\",\"lightboximinf\":\"1\",\"lightboxswipe\":\"1\",\"lightboximcn\":\"1\",\"lightboxeffect\":\"fade\",\"themeLastModDate\":\"1499898380\"}');\t\t\tgrsApp.controller('grsFilm4', ['$scope', 'GrsService',\t\t\t\tfunction ($scope, GrsService) {\t\t\t\t\t$scope.params = {\t\t\t\t\t\tshatts: grsAtts4,\t\t\t\t\t\tgrs: '4',\t\t\t\t\t\tdata: {\t\t\t\t\t\t\timages : [],\t\t\t\t\t\t\tcomments: [],\t\t\t\t\t\t\ttheme: {}\t\t\t\t\t\t},\t\t\t\t\t\tcssReady: false\t\t\t\t\t};\t\t\t\t\tinsertCss(grsAtts4, '4');\t\t\t\t}\t\t\t]);\t\t<\/script>\t\t<span style=\"font-family: georgia, palatino, serif; font-size: 10pt;\">Localizada na praia da Enseada, a 250 m da praia, O Residencial dos Reis, \u00e9 um Apart Hotel, com apartamentos e infraestrutura de hotel. Contamos com apartamentos &#8220;Standard&#8221; e &#8220;Luxo&#8221; de 2 dormit\u00f3rios, ar condicionado, bem equipados, caf\u00e9 da manh\u00e3 &#8230;<\/span>&nbsp;<\/p>\n<p style=\"text-align: right;\"><span style=\"font-family: georgia, palatino, serif; font-size: 10pt;\"><a href=\"https:\/\/saofranciscodosul.tur.br\/novosite\/sao-francisco-do-sul-enseada-pousada-apartamentos\/\" target=\"_blank\" rel=\"noopener\">+informa\u00e7\u00f5es, tarifas e reservas<\/a><\/span><\/p>\n<hr>\n<p><span style=\"font-family: georgia, palatino, serif; font-size: 10pt;\"><strong>CAPRI HOTEL &#8211; Praia do Capri<\/strong>&nbsp;<\/span><\/p>\n<p>\t\t<div id=\"grsGal5\" class=\"grsGal5 grsTemplate2\">\t\t\t<div class=\"grsGalCont\" ng-controller=\"grsFilm5\" ng-show=\"params.cssReady\" >\t\t\t\t<grs-film params=\"params\" resize scroll><\/grs-film>\t\t\t<\/div>\t\t<\/div>\t\t\t\t\t<script>\t\t\tvar grsAtts5 = jQuery.parseJSON('{\"id\":\"7\",\"view\":\"Film\",\"theme\":\"2\",\"width\":\"360\",\"height\":\"160\",\"contwidth\":\"100\",\"imagesperpage\":\"20\",\"nav\":\"buttons\",\"title\":\"no\",\"orderby\":\"order\",\"ordering\":\"ASC\",\"clickaction\":\"openLightbox\",\"openlinktarget\":\"_top\",\"lightboxwidth\":\"800\",\"lightboxheight\":\"600\",\"lightboxfilmstrip\":\"undefined\",\"lightboxcomment\":\"undefined\",\"lightboxcontbutts\":\"1\",\"lightboxfullw\":\"0\",\"lightboxfbutt\":\"1\",\"lightboxtbutt\":\"1\",\"lightboxpbutt\":\"1\",\"lightboxtbbutt\":\"1\",\"lightboxlibutt\":\"1\",\"lightboxreddbutt\":\"1\",\"lightboxfsbutt\":\"1\",\"lightboxap\":\"1\",\"lightboxapin\":\"1\",\"lightboximinf\":\"1\",\"lightboxswipe\":\"1\",\"lightboximcn\":\"1\",\"lightboxeffect\":\"fade\",\"themeLastModDate\":\"1499898380\"}');\t\t\tgrsApp.controller('grsFilm5', ['$scope', 'GrsService',\t\t\t\tfunction ($scope, GrsService) {\t\t\t\t\t$scope.params = {\t\t\t\t\t\tshatts: grsAtts5,\t\t\t\t\t\tgrs: '5',\t\t\t\t\t\tdata: {\t\t\t\t\t\t\timages : [],\t\t\t\t\t\t\tcomments: [],\t\t\t\t\t\t\ttheme: {}\t\t\t\t\t\t},\t\t\t\t\t\tcssReady: false\t\t\t\t\t};\t\t\t\t\tinsertCss(grsAtts5, '5');\t\t\t\t}\t\t\t]);\t\t<\/script>\t\t<span style=\"font-family: georgia, palatino, serif; font-size: 10pt;\">Localizado frente ao mar (40 m) da praia. Acomoda\u00e7\u00f5es para 2\/4 pessoas com caf\u00e9 da manh\u00e3, sacada com rede, jardim, ambiente familiar..<\/span>&nbsp;<\/p>\n<p style=\"text-align: right;\"><span style=\"font-family: georgia, palatino, serif; font-size: 10pt;\"><a href=\"http:\/\/saofranciscodosul.tur.br\/novosite\/hotel-capri-praia-do-capri\/\" target=\"_blank\" rel=\"noopener noreferrer\">+ Informa\u00e7\u00f5es, tarifas, reservas<\/a>&nbsp;<\/span><\/p>\n<hr>\n<p><span style=\"font-family: georgia, palatino, serif; font-size: 10pt;\"><strong>POUSADA RECANTO DA VAL &#8211; Praia Itagua\u00e7u<\/strong><\/span><\/p>\n<p>\t\t<div id=\"grsGal6\" class=\"grsGal6 grsTemplate2\">\t\t\t<div class=\"grsGalCont\" ng-controller=\"grsFilm6\" ng-show=\"params.cssReady\" >\t\t\t\t<grs-film params=\"params\" resize scroll><\/grs-film>\t\t\t<\/div>\t\t<\/div>\t\t\t\t\t<script>\t\t\tvar grsAtts6 = jQuery.parseJSON('{\"id\":\"9\",\"view\":\"Film\",\"theme\":\"2\",\"width\":\"360\",\"height\":\"160\",\"contwidth\":\"100\",\"imagesperpage\":\"20\",\"nav\":\"buttons\",\"title\":\"no\",\"orderby\":\"order\",\"ordering\":\"ASC\",\"clickaction\":\"openLightbox\",\"openlinktarget\":\"_top\",\"lightboxwidth\":\"800\",\"lightboxheight\":\"600\",\"lightboxfilmstrip\":\"undefined\",\"lightboxcomment\":\"undefined\",\"lightboxcontbutts\":\"1\",\"lightboxfullw\":\"0\",\"lightboxfbutt\":\"1\",\"lightboxtbutt\":\"1\",\"lightboxpbutt\":\"1\",\"lightboxtbbutt\":\"1\",\"lightboxlibutt\":\"1\",\"lightboxreddbutt\":\"1\",\"lightboxfsbutt\":\"1\",\"lightboxap\":\"1\",\"lightboxapin\":\"1\",\"lightboximinf\":\"1\",\"lightboxswipe\":\"1\",\"lightboximcn\":\"1\",\"lightboxeffect\":\"fade\",\"themeLastModDate\":\"1499898380\"}');\t\t\tgrsApp.controller('grsFilm6', ['$scope', 'GrsService',\t\t\t\tfunction ($scope, GrsService) {\t\t\t\t\t$scope.params = {\t\t\t\t\t\tshatts: grsAtts6,\t\t\t\t\t\tgrs: '6',\t\t\t\t\t\tdata: {\t\t\t\t\t\t\timages : [],\t\t\t\t\t\t\tcomments: [],\t\t\t\t\t\t\ttheme: {}\t\t\t\t\t\t},\t\t\t\t\t\tcssReady: false\t\t\t\t\t};\t\t\t\t\tinsertCss(grsAtts6, '6');\t\t\t\t}\t\t\t]);\t\t<\/script>\t\t<span style=\"font-family: georgia, palatino, serif; font-size: 10pt;\">Localizada frente ao mar. Apartamentos de 2 dormit\u00f3rios, 2 banheiros, sacada frente ao mar, estacionamento, wi fi, &#8230;.<\/span>&nbsp;<\/p>\n<p style=\"text-align: right;\"><span style=\"font-family: georgia, palatino, serif; font-size: 10pt;\"><a href=\"https:\/\/saofranciscodosul.tur.br\/novosite\/itaguacu-pousada-apartamentos-recanto-da-val\/\" target=\"_blank\" rel=\"noopener\">+ Informa\u00e7\u00f5es, tarifas, resrvas<\/a><\/span><\/p>\n<hr>\n<p style=\"text-align: left;\"><span style=\"font-family: georgia, palatino, serif; font-size: 10pt;\"><strong>POUSADA PRAINHA &#8211; Prainha<\/strong><\/span><\/p>\n<p>\t\t<div id=\"grsGal7\" class=\"grsGal7 grsTemplate2\">\t\t\t<div class=\"grsGalCont\" ng-controller=\"grsFilm7\" ng-show=\"params.cssReady\" >\t\t\t\t<grs-film params=\"params\" resize scroll><\/grs-film>\t\t\t<\/div>\t\t<\/div>\t\t\t\t\t<script>\t\t\tvar grsAtts7 = jQuery.parseJSON('{\"id\":\"27\",\"view\":\"Film\",\"theme\":\"2\",\"width\":\"360\",\"height\":\"160\",\"contwidth\":\"100\",\"imagesperpage\":\"20\",\"nav\":\"buttons\",\"title\":\"no\",\"orderby\":\"order\",\"ordering\":\"ASC\",\"clickaction\":\"openLightbox\",\"openlinktarget\":\"_top\",\"lightboxwidth\":\"800\",\"lightboxheight\":\"600\",\"lightboxfilmstrip\":\"undefined\",\"lightboxcomment\":\"undefined\",\"lightboxcontbutts\":\"1\",\"lightboxfullw\":\"0\",\"lightboxfbutt\":\"1\",\"lightboxtbutt\":\"1\",\"lightboxpbutt\":\"1\",\"lightboxtbbutt\":\"1\",\"lightboxlibutt\":\"1\",\"lightboxreddbutt\":\"1\",\"lightboxfsbutt\":\"1\",\"lightboxap\":\"1\",\"lightboxapin\":\"1\",\"lightboximinf\":\"1\",\"lightboxswipe\":\"1\",\"lightboximcn\":\"1\",\"lightboxeffect\":\"fade\",\"themeLastModDate\":\"1499898380\"}');\t\t\tgrsApp.controller('grsFilm7', ['$scope', 'GrsService',\t\t\t\tfunction ($scope, GrsService) {\t\t\t\t\t$scope.params = {\t\t\t\t\t\tshatts: grsAtts7,\t\t\t\t\t\tgrs: '7',\t\t\t\t\t\tdata: {\t\t\t\t\t\t\timages : [],\t\t\t\t\t\t\tcomments: [],\t\t\t\t\t\t\ttheme: {}\t\t\t\t\t\t},\t\t\t\t\t\tcssReady: false\t\t\t\t\t};\t\t\t\t\tinsertCss(grsAtts7, '7');\t\t\t\t}\t\t\t]);\t\t<\/script>\t\t<span style=\"font-family: georgia, palatino, serif; font-size: 10pt;\">Localizada \u00e1 70 m da praia Apartamentos para 4 pessoas e su\u00edtes com ar condicionado, caf\u00e9 da manh\u00e3, wi fi, .<\/span>&nbsp;<\/p>\n<p style=\"text-align: right;\"><span style=\"font-family: georgia, palatino, serif; font-size: 10pt;\"><a href=\"https:\/\/saofranciscodosul.tur.br\/novosite\/prainha-enseada-pousada\/\" target=\"_blank\" rel=\"noopener\">+ Inforama\u00e7\u00f5es, tarifas, reservas<\/a><\/span><\/p>\n<hr>\n<p style=\"text-align: left;\"><span style=\"font-family: georgia, palatino, serif; font-size: 10pt;\"><strong>HOSTEL DA ILHA DE S\u00c3O FRANCISCO DO SUL &#8211; Enseada<\/strong><\/span><\/p>\n<p>\t\t<div id=\"grsGal8\" class=\"grsGal8 grsTemplate2\">\t\t\t<div class=\"grsGalCont\" ng-controller=\"grsFilm8\" ng-show=\"params.cssReady\" >\t\t\t\t<grs-film params=\"params\" resize scroll><\/grs-film>\t\t\t<\/div>\t\t<\/div>\t\t\t\t\t<script>\t\t\tvar grsAtts8 = jQuery.parseJSON('{\"id\":\"40\",\"view\":\"Film\",\"theme\":\"2\",\"width\":\"360\",\"height\":\"160\",\"contwidth\":\"100\",\"imagesperpage\":\"20\",\"nav\":\"buttons\",\"title\":\"no\",\"orderby\":\"order\",\"ordering\":\"ASC\",\"clickaction\":\"openLightbox\",\"openlinktarget\":\"_top\",\"lightboxwidth\":\"800\",\"lightboxheight\":\"600\",\"lightboxfilmstrip\":\"undefined\",\"lightboxcomment\":\"undefined\",\"lightboxcontbutts\":\"1\",\"lightboxfullw\":\"0\",\"lightboxfbutt\":\"1\",\"lightboxtbutt\":\"1\",\"lightboxpbutt\":\"1\",\"lightboxtbbutt\":\"1\",\"lightboxlibutt\":\"1\",\"lightboxreddbutt\":\"1\",\"lightboxfsbutt\":\"1\",\"lightboxap\":\"1\",\"lightboxapin\":\"1\",\"lightboximinf\":\"1\",\"lightboxswipe\":\"1\",\"lightboximcn\":\"1\",\"lightboxeffect\":\"fade\",\"themeLastModDate\":\"1499898380\"}');\t\t\tgrsApp.controller('grsFilm8', ['$scope', 'GrsService',\t\t\t\tfunction ($scope, GrsService) {\t\t\t\t\t$scope.params = {\t\t\t\t\t\tshatts: grsAtts8,\t\t\t\t\t\tgrs: '8',\t\t\t\t\t\tdata: {\t\t\t\t\t\t\timages : [],\t\t\t\t\t\t\tcomments: [],\t\t\t\t\t\t\ttheme: {}\t\t\t\t\t\t},\t\t\t\t\t\tcssReady: false\t\t\t\t\t};\t\t\t\t\tinsertCss(grsAtts8, '8');\t\t\t\t}\t\t\t]);\t\t<\/script>\t\t<span style=\"font-family: georgia, palatino, serif; font-size: 10pt;\">Localizados a 250 m da praia de Ubatuba, e 1,5 km da Enseada.Dormit\u00f3rios MASCULINOS \/ FEMININOS \/ CASAL<\/span>&nbsp;&nbsp;&nbsp;&nbsp;&nbsp;&nbsp;&nbsp;<\/p>\n<p style=\"text-align: right;\"><span style=\"font-family: georgia, palatino, serif; font-size: 10pt;\"><a href=\"http:\/\/saofranciscodosul.tur.br\/novosite\/hostel-sao-francisco-do-sul\/\" target=\"_blank\" rel=\"noopener noreferrer\">+ Informa\u00e7\u00f5es, tarifas, reservas<\/a><\/span><\/p>\n<hr>\n<hr>\n<hr>\n<p style=\"text-align: center;\"><strong><span style=\"font-size: 14pt; color: #ff0000;\">\u21d2<\/span>&nbsp; <span style=\"font-family: georgia, palatino, serif; font-size: 10pt;\"><a href=\"http:\/\/saofranciscodosul.tur.br\/novosite\/hoteis-pousadas\/\">Mais pousadas e hot\u00e9is &#8211; pagina 2 &#8211; clique aqui<\/a><\/span><\/strong><\/p>\n<p style=\"text-align: center;\"><strong><span style=\"font-size: 14pt; color: #ff0000;\">\u21d2&nbsp; <\/span><span style=\"font-family: georgia, palatino, serif; font-size: 10pt;\"><a href=\"http:\/\/saofranciscodosul.tur.br\/novosite\/aluguel-por-temporada\/\" target=\"_blank\" rel=\"noopener noreferrer\">Im\u00f3veis de temporada<\/a><\/span><\/strong><\/p>\n<hr>\n<p style=\"text-align: left;\"><span style=\"font-size: 10pt; font-family: arial, helvetica, sans-serif;\">Outros estabelecimentos:<\/span><\/p>\n<p><span style=\"font-size: 10pt; font-family: arial, helvetica, sans-serif;\">**Varandas do Mar: fones &nbsp;(47) &nbsp;3442.3738\/ 2109 . Av Atlantica &nbsp;s\/n, &nbsp;Praia de Ubatuba<\/span><\/p>\n<p><span style=\"font-size: 10pt; font-family: arial, helvetica, sans-serif;\">**Porto de Paz Hotel: fone: (47) 3442.5706. R Roma 555, praia de Itagua\u00e7u.<\/span><\/p>\n<p><span style=\"font-size: 10pt; font-family: arial, helvetica, sans-serif;\">** Pousada Chal\u00e9 Suizo: fone (47) &nbsp;3442.2584. R. Duque de Caxias km 7, Praia de Ubatuba.<\/span><\/p>\n<p><span style=\"font-size: 10pt; font-family: arial, helvetica, sans-serif;\">**Pousada do Morro: fone (47) 3442.2944. estarda do Forte Mareschal Luz, Praia do Forte.<\/span><\/p>\n<p><span style=\"font-size: 10pt; font-family: arial, helvetica, sans-serif;\">**Pousada Farol da Ilha: fone (47) &nbsp;3449.1802, &nbsp;R. Mac\u00e9io 1156, Praia da Enseada.<\/span><\/p>\n<p><span style=\"font-size: 10pt; font-family: arial, helvetica, sans-serif;\">** Vivendas Canoa Velha: fone (47) 3442.3695. R. Bucareste 253, Praia de Ubatuba.<\/span><\/p>\n<p><span style=\"font-size: 10pt; font-family: arial, helvetica, sans-serif;\">**Pousada Canto das Ondas: (47) 3442.1034 \/ 99708-8323 whats,&nbsp;R. osco 545, Praia de Itagua\u00e7u<\/span><\/p>\n<p><span style=\"font-size: 10pt; font-family: arial, helvetica, sans-serif;\">**Pousada Solar da Beira, (47)&nbsp;47 3444-5835,&nbsp;<span class=\"_Xbe\">Rua Comandante Cabo, 95, Centro Hist\u00f3rico<\/span><\/span><\/p>\n<p><span style=\"font-size: 10pt; font-family: arial, helvetica, sans-serif;\">**Pousada Miramar: &nbsp;fone (47) <span class=\"_xdb\">&nbsp;<\/span><span class=\"_Xbe _ZWk kno-fv\"><a class=\"fl r-ig1emvrjEcWo\" title=\"Ligar pelo Hangouts\" data-number=\"+554734444256\" data-pstn-out-call-url=\"\" data-rtid=\"ig1emvrjEcWo\" data-ved=\"0ahUKEwjlwfXC-fLVAhXEkZAKHQqsDb8QkAgIlwEoADAQ\">(47) 3444-4256. Av. Atl\u00e2ntica, 802 &#8211; Praia da Enseada.<\/a><\/span><\/span><\/p>\n","protected":false},"excerpt":{"rendered":"<p>S\u00e3o Francisco do Sul&nbsp; &gt; enseada &gt; hot\u00e9is e pousadas &gt; hotel &gt; pousada PRAIA ENSEADA &#8211; HOT\u00c9IS E POUSADAS HOTEL GAIVOTAS &#8211;&nbsp; Praia Enseada&nbsp; Localizados a 100 m da &hellip;<\/p>\n","protected":false},"author":1,"featured_media":0,"parent":0,"menu_order":0,"comment_status":"closed","ping_status":"closed","template":"","meta":{"ngg_post_thumbnail":0,"_joinchat":{"telephone":"+5548996649997","message_text":"Ol\u00e1 !\nVoc\u00ea entrou em contato com a plataforma de hospedagem e reservas SAOFRANCISCODOSUL.TUR.BR\nPosso lhe ajudar ?\nConsultas e reservas, deve enviar seu whats ao estabelecimento escolhido. O contato deles esta na pagina de cada um dos lugares.","message_send":"mensagem proveniente de saofranciscodousl.tur.br"},"footnotes":""},"class_list":["post-1111","page","type-page","status-publish","hentry"],"aioseo_notices":[],"_links":{"self":[{"href":"https:\/\/saofranciscodosul.tur.br\/novosite\/wp-json\/wp\/v2\/pages\/1111","targetHints":{"allow":["GET"]}}],"collection":[{"href":"https:\/\/saofranciscodosul.tur.br\/novosite\/wp-json\/wp\/v2\/pages"}],"about":[{"href":"https:\/\/saofranciscodosul.tur.br\/novosite\/wp-json\/wp\/v2\/types\/page"}],"author":[{"embeddable":true,"href":"https:\/\/saofranciscodosul.tur.br\/novosite\/wp-json\/wp\/v2\/users\/1"}],"replies":[{"embeddable":true,"href":"https:\/\/saofranciscodosul.tur.br\/novosite\/wp-json\/wp\/v2\/comments?post=1111"}],"version-history":[{"count":17,"href":"https:\/\/saofranciscodosul.tur.br\/novosite\/wp-json\/wp\/v2\/pages\/1111\/revisions"}],"predecessor-version":[{"id":24065,"href":"https:\/\/saofranciscodosul.tur.br\/novosite\/wp-json\/wp\/v2\/pages\/1111\/revisions\/24065"}],"wp:attachment":[{"href":"https:\/\/saofranciscodosul.tur.br\/novosite\/wp-json\/wp\/v2\/media?parent=1111"}],"curies":[{"name":"wp","href":"https:\/\/api.w.org\/{rel}","templated":true}]}}